{"id":37413,"date":"2025-02-20T23:37:50","date_gmt":"2025-02-20T22:37:50","guid":{"rendered":"http:\/\/olemosaic.com\/producto\/iman-de-resina-letrero-sevilla-11-cm\/"},"modified":"2025-07-25T19:05:17","modified_gmt":"2025-07-25T17:05:17","slug":"iman-de-resina-letreiro-sevilha-11-cm","status":"publish","type":"product","link":"https:\/\/olemosaic.com\/pt-pt\/produto\/iman-de-resina-letreiro-sevilha-11-cm\/","title":{"rendered":"\u00cdman de resina. Letreiro. Sevilha. 11 cm."},"content":{"rendered":"<p>Este \u00edman de resina com forma de letreiro \u00e9 uma recorda\u00e7\u00e3o colorida da vibrante Sevilha. Com um tamanho de 11 cm, real\u00e7a a palavra &#8220;SEVILHA&#8221; em letras grandes e cheias de vida, cada uma com um tom vibrante que evoca a alegria da cultura andaluza. A base do \u00edman simula um mosaico cheio de detalhes, que reflete a rica hist\u00f3ria art\u00edstica da cidade, enquanto um alegre desenho de uma bailarina de flamenco, com um vestido vermelho, captura a ess\u00eancia da arte flamenca, s\u00edmbolo da identidade sevilhana.<\/p>\n<p>Este \u00edman n\u00e3o \u00e9 apenas um acess\u00f3rio decorativo, mas tamb\u00e9m um excelente souvenir para turistas que procuram levar um pedacinho da magia de Sevilha para casa. O seu design atraente torna-o perfeito para adornar qualquer superf\u00edcie met\u00e1lica, desde frigor\u00edficos a quadros magn\u00e9ticos, conferindo um toque art\u00edstico e cultural a qualquer espa\u00e7o. Na Ol\u00e9 Mosaic, especializados na distribui\u00e7\u00e3o de souvenirs por grosso, sabemos que este \u00edman \u00e9 ideal para lojas de presentes tur\u00edsticos que desejem oferecer aos seus clientes algo aut\u00eantico e significativo, que represente o car\u00e1ter \u00fanico de Sevilha e a sua riqu\u00edssima heran\u00e7a cultural.<\/p>\n","protected":false},"excerpt":{"rendered":"<p>\u00cdman com forma de letreiro que destaca o nome &#8220;SEVILHA&#8221; em letras vibrantes e coloridas. Com um tamanho de 11 cm, este \u00edman evoca a ess\u00eancia da cidade andaluza gra\u00e7as ao seu design que simula um mosaico, complementado por um gracioso desenho de uma bailarina de flamenco em tons vermelhos. Ideal para adornar qualquer superf\u00edcie met\u00e1lica e recordar a beleza e a cultura de Sevilha a cada olhar.<\/p>\n","protected":false},"featured_media":14001,"template":"","meta":{"_acf_changed":false},"product_brand":[],"product_cat":[699],"product_tag":[],"class_list":{"0":"post-37413","1":"product","2":"type-product","3":"status-publish","4":"has-post-thumbnail","6":"product_cat-imanes","7":"pa_ciudad-sevilla","8":"pa_motivo-letreiros-de-cidades","9":"pa_pais-espana","11":"first","12":"instock","13":"shipping-taxable","14":"product-type-simple"},"acf":[],"_links":{"self":[{"href":"https:\/\/olemosaic.com\/pt-pt\/wp-json\/wp\/v2\/product\/37413","targetHints":{"allow":["GET"]}}],"collection":[{"href":"https:\/\/olemosaic.com\/pt-pt\/wp-json\/wp\/v2\/product"}],"about":[{"href":"https:\/\/olemosaic.com\/pt-pt\/wp-json\/wp\/v2\/types\/product"}],"wp:featuredmedia":[{"embeddable":true,"href":"https:\/\/olemosaic.com\/pt-pt\/wp-json\/wp\/v2\/media\/14001"}],"wp:attachment":[{"href":"https:\/\/olemosaic.com\/pt-pt\/wp-json\/wp\/v2\/media?parent=37413"}],"wp:term":[{"taxonomy":"product_brand","embeddable":true,"href":"https:\/\/olemosaic.com\/pt-pt\/wp-json\/wp\/v2\/product_brand?post=37413"},{"taxonomy":"product_cat","embeddable":true,"href":"https:\/\/olemosaic.com\/pt-pt\/wp-json\/wp\/v2\/product_cat?post=37413"},{"taxonomy":"product_tag","embeddable":true,"href":"https:\/\/olemosaic.com\/pt-pt\/wp-json\/wp\/v2\/product_tag?post=37413"}],"curies":[{"name":"wp","href":"https:\/\/api.w.org\/{rel}","templated":true}]}}