{"id":37412,"date":"2025-02-20T23:37:49","date_gmt":"2025-02-20T22:37:49","guid":{"rendered":"http:\/\/olemosaic.com\/producto\/iman-de-resina-punt-de-trobada-fuerteventura-10-cm\/"},"modified":"2025-07-25T20:11:44","modified_gmt":"2025-07-25T18:11:44","slug":"iman-de-resina-punt-de-trobada-fuerteventura-10-cm-pt-pt","status":"publish","type":"product","link":"https:\/\/olemosaic.com\/pt-pt\/produto\/iman-de-resina-punt-de-trobada-fuerteventura-10-cm-pt-pt\/","title":{"rendered":"\u00cdman de resina. Punt de trobada. Fuerteventura. 10 cm."},"content":{"rendered":"<p>\u00cdman de resina com forma de lagarto, do Punt de Trobada de Fuerteventura. Este vibrante \u00edman de 10 cm celebra a rica cultura e o colorido esp\u00edrito desta maravilhosa ilha can\u00e1ria. O seu design \u00fanico apresenta um intrincado mosaico de tons azuis, vermelhos, amarelos e brancos, que evocam as vivas paisagens de Fuerteventura, onde a natureza e a tradi\u00e7\u00e3o se entrela\u00e7am. No centro, a inscri\u00e7\u00e3o &#8220;Fuerteventura&#8221; destaca-se com clareza, servindo como selo identificativo desta recorda\u00e7\u00e3o. A figura do lagarto, que remete para a fauna local e para a frescura do ambiente natural, confere um toque l\u00fadico e art\u00edstico, ideal para personalizar qualquer superf\u00edcie met\u00e1lica.<\/p>\n<p>Este \u00edman n\u00e3o \u00e9 apenas um objeto decorativo, mas tamb\u00e9m um aut\u00eantico souvenir que transmite a magia da ilha, perfeito para os turistas que procuram levar um pedacinho de Fuerteventura. Com a sua relev\u00e2ncia cultural e o seu design atraente, este \u00edman torna-se uma excelente op\u00e7\u00e3o para lojas de presentes tur\u00edsticos. Na Ol\u00e9 Mosaic, orgulhamo-nos de oferecer souvenirs que capturam a ess\u00eancia de cada regi\u00e3o, o que nos torna um distribuidor de souvenirs por grosso que confere qualidade e autenticidade a cada produto.<\/p>\n","protected":false},"excerpt":{"rendered":"<p>\u00cdman com forma de lagarto, que representa o Punt de Trobada de Fuerteventura. Este atraente \u00edman de 10 cm destaca-se pelo seu design colorido em mosaico, com tons azuis, vermelhos, amarelos e brancos que evocam a vibrante cultura local. Com a inscri\u00e7\u00e3o &#8220;Fuerteventura&#8221; no centro, esta pe\u00e7a \u00e9 o souvenir perfeito para recordar a beleza da ilha can\u00e1ria, e adicionar\u00e1 um toque art\u00edstico e alegre a qualquer superf\u00edcie met\u00e1lica.<\/p>\n","protected":false},"featured_media":14000,"template":"","meta":{"_acf_changed":false},"product_brand":[],"product_cat":[699],"product_tag":[],"class_list":{"0":"post-37412","1":"product","2":"type-product","3":"status-publish","4":"has-post-thumbnail","6":"product_cat-imanes","7":"pa_ciudad-fuerteventura","8":"pa_motivo-punt-de-trobada","9":"pa_pais-espana","11":"first","12":"instock","13":"shipping-taxable","14":"product-type-simple"},"acf":[],"_links":{"self":[{"href":"https:\/\/olemosaic.com\/pt-pt\/wp-json\/wp\/v2\/product\/37412","targetHints":{"allow":["GET"]}}],"collection":[{"href":"https:\/\/olemosaic.com\/pt-pt\/wp-json\/wp\/v2\/product"}],"about":[{"href":"https:\/\/olemosaic.com\/pt-pt\/wp-json\/wp\/v2\/types\/product"}],"wp:featuredmedia":[{"embeddable":true,"href":"https:\/\/olemosaic.com\/pt-pt\/wp-json\/wp\/v2\/media\/14000"}],"wp:attachment":[{"href":"https:\/\/olemosaic.com\/pt-pt\/wp-json\/wp\/v2\/media?parent=37412"}],"wp:term":[{"taxonomy":"product_brand","embeddable":true,"href":"https:\/\/olemosaic.com\/pt-pt\/wp-json\/wp\/v2\/product_brand?post=37412"},{"taxonomy":"product_cat","embeddable":true,"href":"https:\/\/olemosaic.com\/pt-pt\/wp-json\/wp\/v2\/product_cat?post=37412"},{"taxonomy":"product_tag","embeddable":true,"href":"https:\/\/olemosaic.com\/pt-pt\/wp-json\/wp\/v2\/product_tag?post=37412"}],"curies":[{"name":"wp","href":"https:\/\/api.w.org\/{rel}","templated":true}]}}