{"id":37411,"date":"2025-02-20T23:37:49","date_gmt":"2025-02-20T22:37:49","guid":{"rendered":"http:\/\/olemosaic.com\/producto\/iman-de-resina-punt-de-trobada-tenerife-10-cm\/"},"modified":"2025-07-25T19:52:26","modified_gmt":"2025-07-25T17:52:26","slug":"iman-de-resina-punt-de-trobada-tenerife-10-cm-pt-pt","status":"publish","type":"product","link":"https:\/\/olemosaic.com\/pt-pt\/produto\/iman-de-resina-punt-de-trobada-tenerife-10-cm-pt-pt\/","title":{"rendered":"\u00cdman de resina. Punt de trobada. Tenerife. 10 cm."},"content":{"rendered":"<p>Este \u00edman de resina em forma de lagarto \u00e9 uma recorda\u00e7\u00e3o vibrante de Tenerife, uma pe\u00e7a ic\u00f3nica inspirada no emblem\u00e1tico \u00abPunt de trobada\u00bb. Com dimens\u00f5es de 10 cm, este \u00edman colorido apresenta um requintado design de mosaico que combina tons vivos de vermelho, azul, amarelo e preto, sobre um fundo branco que real\u00e7a as cores. A figura do lagarto, uma representa\u00e7\u00e3o significativa da fauna can\u00e1ria, capta a ess\u00eancia da biodiversidade local, transformando este \u00edman num lembrete tang\u00edvel da beleza natural da ilha.<\/p>\n<p>O design incorpora a palavra \u00abTenerife\u00bb no centro, enfatizando a sua origem e permitindo que os visitantes levem um peda\u00e7o da cultura can\u00e1ria consigo. Este \u00edman n\u00e3o \u00e9 apenas perfeito para decorar qualquer superf\u00edcie met\u00e1lica, como frigor\u00edficos ou escrit\u00f3rios, mas tamb\u00e9m atua como um encantador lembrete da riqueza cultural e natural das Can\u00e1rias.<\/p>\n<p>Na Ol\u00e9 Mosaic, orgulhamo-nos de ser distribuidores de recorda\u00e7\u00f5es aut\u00eanticas, e este \u00edman encapsula a ess\u00eancia de Tenerife como uma recorda\u00e7\u00e3o memor\u00e1vel e representativa. Ideal para lojas de presentes tur\u00edsticos, esta recorda\u00e7\u00e3o de Tenerife \u00e9 uma op\u00e7\u00e3o excecional para quem procura um motivo especial e significativo para recordar a sua viagem.<\/p>\n","protected":false},"excerpt":{"rendered":"<p>\u00cdman em forma de lagarto, inspirado no famoso &#8220;Punt de trobada&#8221; de Tenerife. Este \u00edman colorido, de 10 cm, apresenta um design de mosaico que combina vibrantes tons de vermelho, azul, amarelo e preto sobre um fundo branco, destacando a singularidade da fauna can\u00e1ria. A palavra &#8220;Tenerife&#8221; aparece no centro, real\u00e7ando a origem do produto, ideal como recorda\u00e7\u00e3o ou um encantador detalhe decorativo.<\/p>\n","protected":false},"featured_media":13999,"template":"","meta":{"_acf_changed":false},"product_brand":[],"product_cat":[699],"product_tag":[],"class_list":{"0":"post-37411","1":"product","2":"type-product","3":"status-publish","4":"has-post-thumbnail","6":"product_cat-imanes","7":"pa_ciudad-tenerife","8":"pa_motivo-punt-de-trobada","9":"pa_pais-espana","11":"first","12":"instock","13":"shipping-taxable","14":"product-type-simple"},"acf":[],"_links":{"self":[{"href":"https:\/\/olemosaic.com\/pt-pt\/wp-json\/wp\/v2\/product\/37411","targetHints":{"allow":["GET"]}}],"collection":[{"href":"https:\/\/olemosaic.com\/pt-pt\/wp-json\/wp\/v2\/product"}],"about":[{"href":"https:\/\/olemosaic.com\/pt-pt\/wp-json\/wp\/v2\/types\/product"}],"wp:featuredmedia":[{"embeddable":true,"href":"https:\/\/olemosaic.com\/pt-pt\/wp-json\/wp\/v2\/media\/13999"}],"wp:attachment":[{"href":"https:\/\/olemosaic.com\/pt-pt\/wp-json\/wp\/v2\/media?parent=37411"}],"wp:term":[{"taxonomy":"product_brand","embeddable":true,"href":"https:\/\/olemosaic.com\/pt-pt\/wp-json\/wp\/v2\/product_brand?post=37411"},{"taxonomy":"product_cat","embeddable":true,"href":"https:\/\/olemosaic.com\/pt-pt\/wp-json\/wp\/v2\/product_cat?post=37411"},{"taxonomy":"product_tag","embeddable":true,"href":"https:\/\/olemosaic.com\/pt-pt\/wp-json\/wp\/v2\/product_tag?post=37411"}],"curies":[{"name":"wp","href":"https:\/\/api.w.org\/{rel}","templated":true}]}}