{"id":37410,"date":"2025-02-20T23:37:49","date_gmt":"2025-02-20T22:37:49","guid":{"rendered":"http:\/\/olemosaic.com\/producto\/iman-de-resina-patio-barcelona\/"},"modified":"2025-07-25T20:27:51","modified_gmt":"2025-07-25T18:27:51","slug":"iman-de-resina-patio-barcelona-pt-pt","status":"publish","type":"product","link":"https:\/\/olemosaic.com\/pt-pt\/produto\/iman-de-resina-patio-barcelona-pt-pt\/","title":{"rendered":"\u00cdman de resina. P\u00e1tio. Barcelona."},"content":{"rendered":"<p>Este \u00edman de resina em forma de leque capta a ess\u00eancia vibrante de Barcelona, tornando-se um aut\u00eantico s\u00edmbolo da cultura espanhola. Decorado com cenas com efeito pintado \u00e0 m\u00e3o, este atraente \u00edman mostra um par de bailarinos de flamenco em pleno movimento, rodeados de vasos coloridos com flores vermelhas que evocam o ambiente quente e festivo de um p\u00e1tio andaluz. A mulher destaca-se com o seu caracter\u00edstico vestido de bolas vermelhas, complementado por um elegante leque, enquanto o seu companheiro, vestido com uma camisa branca e um chap\u00e9u preto, adiciona um toque de autenticidade ao design.<\/p>\n<p>O fundo do \u00edman apresenta um belo mosaico em tons claros, que real\u00e7a as figuras centrais e confere um contraste encantador \u00e0 cena colorida. A palavra &#8220;Barcelona&#8221;, inscrita em letras divertidas e coloridas, enriquece ainda mais esta atraente recorda\u00e7\u00e3o, tornando-a perfeita para rememorar uma das cidades mais emblem\u00e1ticas de Espanha.<\/p>\n<p>Este \u00edman n\u00e3o \u00e9 apenas um souvenir ideal para os turistas que desejam levar um pedacinho de Barcelona, mas tamb\u00e9m reflete a rica heran\u00e7a cultural e o amor pelo flamenco que caracteriza a regi\u00e3o. Na Ol\u00e9 Mosaic, especializamo-nos na distribui\u00e7\u00e3o de souvenirs por grosso que captam a autenticidade das tradi\u00e7\u00f5es espanholas, e este \u00edman de resina \u00e9 uma excelente op\u00e7\u00e3o para lojas de presentes tur\u00edsticos que procuram oferecer produtos \u00fanicos e representativos.<\/p>\n","protected":false},"excerpt":{"rendered":"<p>\u00cdman em forma de leque, inspirado no ambiente vibrante de Barcelona. Este \u00edman colorido apresenta uma cena de design artesanal, pintada \u00e0 m\u00e3o, de um par de bailarinos de flamenco, rodeados de vasos com flores vermelhas e elementos arquitet\u00f3nicos t\u00edpicos de um p\u00e1tio andaluz. O fundo, com um mosaico em tons claros, real\u00e7a a figura dos bailarinos, destacando o vestido de bolas da mulher. A palavra &#8220;Barcelona&#8221;, escrita com letras divertidas, completa o seu atrativo.<\/p>\n","protected":false},"featured_media":13998,"template":"","meta":{"_acf_changed":false},"product_brand":[],"product_cat":[699],"product_tag":[],"class_list":{"0":"post-37410","1":"product","2":"type-product","3":"status-publish","4":"has-post-thumbnail","6":"product_cat-imanes","7":"pa_ciudad-barcelona","8":"pa_motivo-patios","9":"pa_pais-espana","11":"first","12":"instock","13":"shipping-taxable","14":"product-type-simple"},"acf":[],"_links":{"self":[{"href":"https:\/\/olemosaic.com\/pt-pt\/wp-json\/wp\/v2\/product\/37410","targetHints":{"allow":["GET"]}}],"collection":[{"href":"https:\/\/olemosaic.com\/pt-pt\/wp-json\/wp\/v2\/product"}],"about":[{"href":"https:\/\/olemosaic.com\/pt-pt\/wp-json\/wp\/v2\/types\/product"}],"wp:featuredmedia":[{"embeddable":true,"href":"https:\/\/olemosaic.com\/pt-pt\/wp-json\/wp\/v2\/media\/13998"}],"wp:attachment":[{"href":"https:\/\/olemosaic.com\/pt-pt\/wp-json\/wp\/v2\/media?parent=37410"}],"wp:term":[{"taxonomy":"product_brand","embeddable":true,"href":"https:\/\/olemosaic.com\/pt-pt\/wp-json\/wp\/v2\/product_brand?post=37410"},{"taxonomy":"product_cat","embeddable":true,"href":"https:\/\/olemosaic.com\/pt-pt\/wp-json\/wp\/v2\/product_cat?post=37410"},{"taxonomy":"product_tag","embeddable":true,"href":"https:\/\/olemosaic.com\/pt-pt\/wp-json\/wp\/v2\/product_tag?post=37410"}],"curies":[{"name":"wp","href":"https:\/\/api.w.org\/{rel}","templated":true}]}}