{"id":37409,"date":"2025-02-20T23:37:49","date_gmt":"2025-02-20T22:37:49","guid":{"rendered":"http:\/\/olemosaic.com\/producto\/iman-de-resina-letrero-gran-canaria\/"},"modified":"2025-07-25T19:55:08","modified_gmt":"2025-07-25T17:55:08","slug":"iman-de-resina-letreiro-gran-canaria","status":"publish","type":"product","link":"https:\/\/olemosaic.com\/pt-pt\/produto\/iman-de-resina-letreiro-gran-canaria\/","title":{"rendered":"\u00cdman de resina. Letreiro. Gran Canaria."},"content":{"rendered":"<p>Este \u00edman de resina com o letreiro &#8220;Gran Canaria&#8221; \u00e9 uma recorda\u00e7\u00e3o colorida e vibrante que capta a ess\u00eancia desta bela ilha can\u00e1ria. Com letras grandes e estilizadas, cada termo est\u00e1 adornado com mosaicos numa paleta de tons intensos que incluem vermelho, azul, verde e amarelo, evocando a rica tradi\u00e7\u00e3o do folclore can\u00e1rio. O fundo branco do \u00edman simula na perfei\u00e7\u00e3o uma parede de pedra, criando um contraste que real\u00e7a os detalhes em cores brilhantes, fazendo com que se destaque em qualquer superf\u00edcie met\u00e1lica. Integrando um lagarto encantador que espreita junto a um design floral, este souvenir n\u00e3o \u00e9 apenas visualmente atraente, mas tamb\u00e9m simboliza a fauna \u00fanica de Gran Canaria.<\/p>\n<p>Este \u00edman \u00e9 uma excelente op\u00e7\u00e3o para quem procura levar um peda\u00e7o aut\u00eantico da cultura e da paisagem can\u00e1ria. Sendo uma recorda\u00e7\u00e3o t\u00e3o distintiva, torna-se o presente perfeito para quem deseja recordar a sua visita \u00e0s Ilhas Can\u00e1rias. Na Ol\u00e9 Mosaic, especializamo-nos na distribui\u00e7\u00e3o de souvenirs por grosso, oferecendo produtos que refletem a autenticidade e a beleza da sua regi\u00e3o. Este \u00edman de Gran Canaria \u00e9 ideal para lojas de presentes tur\u00edsticos que procuram incorporar na sua oferta souvenirs representativos e de qualidade. Com um design atraente e simb\u00f3lico, este \u00edman \u00e9 o complemento perfeito na cole\u00e7\u00e3o de souvenirs de qualquer turista.<\/p>\n","protected":false},"excerpt":{"rendered":"<p>\u00cdman com o letreiro &#8220;Gran Canaria&#8221;, colorido e vibrante. Este atraente souvenir apresenta letras grandes e estilizadas, decoradas com mosaicos em tons de vermelho, azul, verde e amarelo, que evocam o folclore can\u00e1rio. O fundo branco simula uma parede de pedra com detalhes em cores brilhantes, e um simp\u00e1tico lagarto espreita com um design floral. Perfeito para recordar a beleza e a cultura de Gran Canaria em qualquer superf\u00edcie met\u00e1lica.<\/p>\n","protected":false},"featured_media":13997,"template":"","meta":{"_acf_changed":false},"product_brand":[],"product_cat":[699],"product_tag":[],"class_list":{"0":"post-37409","1":"product","2":"type-product","3":"status-publish","4":"has-post-thumbnail","6":"product_cat-imanes","7":"pa_ciudad-gran-canaria","8":"pa_motivo-letreiros-de-cidades","9":"pa_pais-espana","11":"first","12":"instock","13":"shipping-taxable","14":"product-type-simple"},"acf":[],"_links":{"self":[{"href":"https:\/\/olemosaic.com\/pt-pt\/wp-json\/wp\/v2\/product\/37409","targetHints":{"allow":["GET"]}}],"collection":[{"href":"https:\/\/olemosaic.com\/pt-pt\/wp-json\/wp\/v2\/product"}],"about":[{"href":"https:\/\/olemosaic.com\/pt-pt\/wp-json\/wp\/v2\/types\/product"}],"wp:featuredmedia":[{"embeddable":true,"href":"https:\/\/olemosaic.com\/pt-pt\/wp-json\/wp\/v2\/media\/13997"}],"wp:attachment":[{"href":"https:\/\/olemosaic.com\/pt-pt\/wp-json\/wp\/v2\/media?parent=37409"}],"wp:term":[{"taxonomy":"product_brand","embeddable":true,"href":"https:\/\/olemosaic.com\/pt-pt\/wp-json\/wp\/v2\/product_brand?post=37409"},{"taxonomy":"product_cat","embeddable":true,"href":"https:\/\/olemosaic.com\/pt-pt\/wp-json\/wp\/v2\/product_cat?post=37409"},{"taxonomy":"product_tag","embeddable":true,"href":"https:\/\/olemosaic.com\/pt-pt\/wp-json\/wp\/v2\/product_tag?post=37409"}],"curies":[{"name":"wp","href":"https:\/\/api.w.org\/{rel}","templated":true}]}}