{"id":37408,"date":"2025-02-20T23:37:48","date_gmt":"2025-02-20T22:37:48","guid":{"rendered":"http:\/\/olemosaic.com\/producto\/iman-de-resina-letrero-fuerteventura-azul-11-cm\/"},"modified":"2025-07-25T20:28:05","modified_gmt":"2025-07-25T18:28:05","slug":"iman-de-resina-letreiro-fuerteventura-azul-11-cm","status":"publish","type":"product","link":"https:\/\/olemosaic.com\/pt-pt\/produto\/iman-de-resina-letreiro-fuerteventura-azul-11-cm\/","title":{"rendered":"\u00cdman de resina. Letreiro. Fuerteventura. Azul. 11 cm."},"content":{"rendered":"<p>\u00cdman de resina &#8220;Fuerteventura&#8221;<\/p>\n<p>Este vibrante \u00edman de resina, que apresenta a palavra &#8220;Fuerteventura&#8221; com um design colorido e art\u00edstico, \u00e9 a recorda\u00e7\u00e3o ideal para quem deseja levar consigo a ess\u00eancia desta bela ilha can\u00e1ria. Com um comprimento de 11 cm, exibe letras grandes e chamativas adornadas com um mosaico que se destaca com tons de azul profundo, amarelo brilhante e vermelho vivo, evocando as paisagens ensolaradas e as \u00e1guas cristalinas que caracterizam Fuerteventura. A base azul simboliza o oceano que rodeia a ilha, enquanto as cores das letras refletem a riqueza cultural e natural que este destino tur\u00edstico oferece.<\/p>\n<p>O design inclui um detalhe decorativo na parte direita, que representa um lagarto, um s\u00edmbolo da fauna local, que adiciona um toque aut\u00eantico e divertido. Este \u00edman n\u00e3o \u00e9 apenas um artigo decorativo, mas uma magn\u00edfica representa\u00e7\u00e3o da cultura can\u00e1ria, ideal para colecionar ou oferecer como souvenir. Na Ol\u00e9 Mosaic, sabemos que os turistas valorizam as recorda\u00e7\u00f5es que captam a sua experi\u00eancia, e este \u00edman de Fuerteventura \u00e9 perfeito para quem procura um toque da magia can\u00e1ria. Como distribuidores de souvenirs por grosso, oferecemos produtos aut\u00eanticos que real\u00e7am a beleza e a singularidade de Espanha, tornando este \u00edman um artigo imprescind\u00edvel para lojas de presentes tur\u00edsticos.<\/p>\n","protected":false},"excerpt":{"rendered":"<p>\u00cdman com o letreiro &#8220;Fuerteventura&#8221;, que celebra a beleza desta ilha can\u00e1ria. Com um design vibrante e colorido, apresenta a palavra &#8220;Fuerteventura&#8221; em letras grandes e chamativas, adornadas com um mosaico que combina tons de azul, amarelo e vermelho. Este artigo decorativo, de 11 cm de comprimento, \u00e9 uma recorda\u00e7\u00e3o encantadora das belas paisagens da ilha, ideal para colecionar ou oferecer como souvenir.<\/p>\n","protected":false},"featured_media":13996,"template":"","meta":{"_acf_changed":false},"product_brand":[],"product_cat":[699],"product_tag":[],"class_list":{"0":"post-37408","1":"product","2":"type-product","3":"status-publish","4":"has-post-thumbnail","6":"product_cat-imanes","7":"pa_ciudad-fuerteventura","8":"pa_motivo-letreiros-de-cidades","9":"pa_pais-espana","11":"first","12":"instock","13":"shipping-taxable","14":"product-type-simple"},"acf":[],"_links":{"self":[{"href":"https:\/\/olemosaic.com\/pt-pt\/wp-json\/wp\/v2\/product\/37408","targetHints":{"allow":["GET"]}}],"collection":[{"href":"https:\/\/olemosaic.com\/pt-pt\/wp-json\/wp\/v2\/product"}],"about":[{"href":"https:\/\/olemosaic.com\/pt-pt\/wp-json\/wp\/v2\/types\/product"}],"wp:featuredmedia":[{"embeddable":true,"href":"https:\/\/olemosaic.com\/pt-pt\/wp-json\/wp\/v2\/media\/13996"}],"wp:attachment":[{"href":"https:\/\/olemosaic.com\/pt-pt\/wp-json\/wp\/v2\/media?parent=37408"}],"wp:term":[{"taxonomy":"product_brand","embeddable":true,"href":"https:\/\/olemosaic.com\/pt-pt\/wp-json\/wp\/v2\/product_brand?post=37408"},{"taxonomy":"product_cat","embeddable":true,"href":"https:\/\/olemosaic.com\/pt-pt\/wp-json\/wp\/v2\/product_cat?post=37408"},{"taxonomy":"product_tag","embeddable":true,"href":"https:\/\/olemosaic.com\/pt-pt\/wp-json\/wp\/v2\/product_tag?post=37408"}],"curies":[{"name":"wp","href":"https:\/\/api.w.org\/{rel}","templated":true}]}}