{"id":37407,"date":"2025-02-20T23:37:48","date_gmt":"2025-02-20T22:37:48","guid":{"rendered":"http:\/\/olemosaic.com\/producto\/iman-de-resina-letrero-fuerteventura-11-cm\/"},"modified":"2025-07-25T19:45:30","modified_gmt":"2025-07-25T17:45:30","slug":"iman-de-resina-letreiro-fuerteventura-11-cm","status":"publish","type":"product","link":"https:\/\/olemosaic.com\/pt-pt\/produto\/iman-de-resina-letreiro-fuerteventura-11-cm\/","title":{"rendered":"\u00cdman de resina. Letreiro. Fuerteventura. 11 cm."},"content":{"rendered":"<p>Este \u00edman de resina com o letreiro &#8220;Fuerteventura&#8221; \u00e9 uma aut\u00eantica joia que capta a ess\u00eancia vibrante desta ilha can\u00e1ria paradis\u00edaca. Com dimens\u00f5es de 11 cm de comprimento, o seu design colorido inclui letras em tons de vermelho, azul, amarelo e verde, oferecendo uma representa\u00e7\u00e3o alegre e distintiva do esp\u00edrito de Fuerteventura. O fundo, que imita um mosaico t\u00edpico, repleto de fragmentos de cor, emoldura magistralmente a inscri\u00e7\u00e3o e transporta o espetador para as paisagens vibrantes e as belas praias que caracterizam a ilha.<\/p>\n<p>Este \u00edman n\u00e3o \u00e9 apenas uma recorda\u00e7\u00e3o decorativa, mas uma lembran\u00e7a tang\u00edvel das experi\u00eancias inesquec\u00edveis vividas neste destino tur\u00edstico. A figura de um drag\u00e3o, incorporada no design, adiciona um toque de mitologia e encanto, simbolizando a rica heran\u00e7a cultural de Fuerteventura.<\/p>\n<p>Ideal para os turistas que procuram souvenirs \u00fanicos e representativos, este \u00edman \u00e9 uma excelente op\u00e7\u00e3o para lojas de presentes tur\u00edsticos que desejem oferecer produtos aut\u00eanticos e de qualidade. Na Ol\u00e9 Mosaic, como distribuidor de souvenirs por grosso, garantimos a autenticidade e o atrativo de cada pe\u00e7a, transformando cada compra numa recorda\u00e7\u00e3o inesquec\u00edvel de Fuerteventura.<\/p>\n","protected":false},"excerpt":{"rendered":"<p>\u00cdman com a inscri\u00e7\u00e3o &#8220;Fuerteventura&#8221;, de 11 cm de comprimento. Este \u00edman colorido apresenta um design vibrante, com letras em tons de vermelho, azul, amarelo e verde, sobre um fundo que imita o mosaico t\u00edpico da ilha. A pe\u00e7a destaca-se pela sua decora\u00e7\u00e3o e pela figura de um drag\u00e3o, que representa a ess\u00eancia \u00fanica de Fuerteventura. Ideal para recordar as suas f\u00e9rias neste para\u00edso can\u00e1rio.<\/p>\n","protected":false},"featured_media":13995,"template":"","meta":{"_acf_changed":false},"product_brand":[],"product_cat":[699],"product_tag":[],"class_list":{"0":"post-37407","1":"product","2":"type-product","3":"status-publish","4":"has-post-thumbnail","6":"product_cat-imanes","7":"pa_ciudad-fuerteventura","8":"pa_motivo-letreiros-de-cidades","9":"pa_pais-espana","11":"first","12":"instock","13":"shipping-taxable","14":"product-type-simple"},"acf":[],"_links":{"self":[{"href":"https:\/\/olemosaic.com\/pt-pt\/wp-json\/wp\/v2\/product\/37407","targetHints":{"allow":["GET"]}}],"collection":[{"href":"https:\/\/olemosaic.com\/pt-pt\/wp-json\/wp\/v2\/product"}],"about":[{"href":"https:\/\/olemosaic.com\/pt-pt\/wp-json\/wp\/v2\/types\/product"}],"wp:featuredmedia":[{"embeddable":true,"href":"https:\/\/olemosaic.com\/pt-pt\/wp-json\/wp\/v2\/media\/13995"}],"wp:attachment":[{"href":"https:\/\/olemosaic.com\/pt-pt\/wp-json\/wp\/v2\/media?parent=37407"}],"wp:term":[{"taxonomy":"product_brand","embeddable":true,"href":"https:\/\/olemosaic.com\/pt-pt\/wp-json\/wp\/v2\/product_brand?post=37407"},{"taxonomy":"product_cat","embeddable":true,"href":"https:\/\/olemosaic.com\/pt-pt\/wp-json\/wp\/v2\/product_cat?post=37407"},{"taxonomy":"product_tag","embeddable":true,"href":"https:\/\/olemosaic.com\/pt-pt\/wp-json\/wp\/v2\/product_tag?post=37407"}],"curies":[{"name":"wp","href":"https:\/\/api.w.org\/{rel}","templated":true}]}}