{"id":37406,"date":"2025-02-20T23:37:48","date_gmt":"2025-02-20T22:37:48","guid":{"rendered":"http:\/\/olemosaic.com\/producto\/iman-de-resina-mariposa-mallorca-75-cm\/"},"modified":"2025-07-25T19:14:47","modified_gmt":"2025-07-25T17:14:47","slug":"iman-de-resina-borboleta-maiorca-7-5-cm","status":"publish","type":"product","link":"https:\/\/olemosaic.com\/pt-pt\/produto\/iman-de-resina-borboleta-maiorca-7-5-cm\/","title":{"rendered":"\u00cdman de resina. Borboleta. Maiorca. 7,5 cm."},"content":{"rendered":"<p>Este \u00edman de resina com design de borboletas \u00e9 um souvenir decorativo que evoca a vibrante beleza de Maiorca. Com 7,5 cm de tamanho, apresenta tr\u00eas borboletas distintas em fascinantes tons de azul, roxo e vermelho, rodeadas de flores delicadas que enriquecem o design. Cada borboleta \u00e9 meticulosamente detalhada, capturando a ess\u00eancia tropical da ilha, enquanto o fundo de mosaico evoca a arte local que caracteriza esta preciosa regi\u00e3o do Mediterr\u00e2neo.<\/p>\n<p>O acabamento brilhante do \u00edman n\u00e3o s\u00f3 real\u00e7a as cores vivas das borboletas, como tamb\u00e9m oferece um aspeto atraente e chamativo que ilumina qualquer superf\u00edcie met\u00e1lica. Este \u00edman n\u00e3o \u00e9 apenas um acess\u00f3rio decorativo, mas simboliza a alegria e o esplendor de Maiorca, tornando-se numa recorda\u00e7\u00e3o perfeita para quem deseja levar um peda\u00e7o da ilha para casa.<\/p>\n<p>A Ol\u00e9 Mosaic especializa-se na distribui\u00e7\u00e3o de souvenirs por grosso, oferecendo produtos que celebram a autenticidade de cada regi\u00e3o. Este \u00edman de borboletas \u00e9 uma excelente op\u00e7\u00e3o para lojas de presentes tur\u00edsticos que procuram oferecer souvenirs \u00fanicos e representativos de Maiorca. Com este belo \u00edman, uma aut\u00eantica recorda\u00e7\u00e3o maiorquina, transforme cada frigor\u00edfico ou quadro met\u00e1lico num tributo \u00e0 vitalidade da ilha.<\/p>\n","protected":false},"excerpt":{"rendered":"<p>\u00cdman com um design vibrante de borboletas, inspirado na beleza de Maiorca. Com um tamanho de 7,5 cm, apresenta tr\u00eas borboletas coloridas em tons de azul, roxo e vermelho, rodeadas de flores, tudo sobre um fundo de mosaico que evoca a arte local. Este atraente souvenir destaca-se pelo seu acabamento brilhante e detalhado, capturando a ess\u00eancia tropical e alegre da ilha. Ideal para adornar qualquer superf\u00edcie met\u00e1lica e levar um pedacinho de Maiorca para casa.<\/p>\n","protected":false},"featured_media":13994,"template":"","meta":{"_acf_changed":false},"product_brand":[],"product_cat":[699],"product_tag":[516],"class_list":{"0":"post-37406","1":"product","2":"type-product","3":"status-publish","4":"has-post-thumbnail","6":"product_cat-imanes","7":"product_tag-animais","8":"pa_ciudad-mallorca","9":"pa_motivo-borboletas","10":"pa_pais-espana","12":"first","13":"instock","14":"shipping-taxable","15":"product-type-simple"},"acf":[],"_links":{"self":[{"href":"https:\/\/olemosaic.com\/pt-pt\/wp-json\/wp\/v2\/product\/37406","targetHints":{"allow":["GET"]}}],"collection":[{"href":"https:\/\/olemosaic.com\/pt-pt\/wp-json\/wp\/v2\/product"}],"about":[{"href":"https:\/\/olemosaic.com\/pt-pt\/wp-json\/wp\/v2\/types\/product"}],"wp:featuredmedia":[{"embeddable":true,"href":"https:\/\/olemosaic.com\/pt-pt\/wp-json\/wp\/v2\/media\/13994"}],"wp:attachment":[{"href":"https:\/\/olemosaic.com\/pt-pt\/wp-json\/wp\/v2\/media?parent=37406"}],"wp:term":[{"taxonomy":"product_brand","embeddable":true,"href":"https:\/\/olemosaic.com\/pt-pt\/wp-json\/wp\/v2\/product_brand?post=37406"},{"taxonomy":"product_cat","embeddable":true,"href":"https:\/\/olemosaic.com\/pt-pt\/wp-json\/wp\/v2\/product_cat?post=37406"},{"taxonomy":"product_tag","embeddable":true,"href":"https:\/\/olemosaic.com\/pt-pt\/wp-json\/wp\/v2\/product_tag?post=37406"}],"curies":[{"name":"wp","href":"https:\/\/api.w.org\/{rel}","templated":true}]}}