{"id":37405,"date":"2025-02-20T23:37:48","date_gmt":"2025-02-20T22:37:48","guid":{"rendered":"http:\/\/olemosaic.com\/producto\/iman-de-resina-salamandra-y-flores-malaga-75-cm\/"},"modified":"2025-07-25T19:02:52","modified_gmt":"2025-07-25T17:02:52","slug":"iman-de-resina-salamandra-e-flores-malaga-7-5-cm","status":"publish","type":"product","link":"https:\/\/olemosaic.com\/pt-pt\/produto\/iman-de-resina-salamandra-e-flores-malaga-7-5-cm\/","title":{"rendered":"\u00cdman de resina. Salamandra e flores. M\u00e1laga. 7,5 cm."},"content":{"rendered":"<p>Este \u00edman de resina com design de salamandras \u00e9 uma encantadora recorda\u00e7\u00e3o de M\u00e1laga que captura a ess\u00eancia vibrante desta ensolarada cidade andaluza. Com um tamanho de 7,5 cm, o \u00edman apresenta uma colorida representa\u00e7\u00e3o de duas salamandras rodeadas de flores, evocando a riqueza natural da regi\u00e3o. Cada salamandra, elaborada com detalhe, destaca-se em tons de azul e vermelho, enquanto as flores emolduram a composi\u00e7\u00e3o com alegres tons de amarelo, verde e outras matizes brilhantes, criando um atraente contraste visual com o fundo branco que simula o t\u00edpico mosaico art\u00edstico malaguenho.<\/p>\n<p>O nome &#8220;M\u00c1LAGA&#8221;, em letras chamativas e coloridas, situa-se na parte inferior, acrescentando um toque distintivo que real\u00e7a o seu apelo como pe\u00e7a decorativa. Este \u00edman n\u00e3o \u00e9 apenas um acess\u00f3rio utilit\u00e1rio, mas um aut\u00eantico s\u00edmbolo cultural que representa a alegria e o calor de M\u00e1laga, perfeito para recordar os momentos vividos nesta bela cidade.<\/p>\n<p>Na Ol\u00e9 Mosaic, especializamo-nos na distribui\u00e7\u00e3o de souvenirs por grosso que refletem a autenticidade de cada regi\u00e3o. Este \u00edman de salamandras \u00e9 uma excelente op\u00e7\u00e3o para lojas de presentes tur\u00edsticos que procuram oferecer produtos representativos e \u00fanicos de M\u00e1laga. Connosco, os grossistas de souvenirs garantem qualidade e um design tradicional em cada pe\u00e7a, ideal para atrair turistas que procuram recorda\u00e7\u00f5es aut\u00eanticas da sua visita a esta famosa regi\u00e3o espanhola.<\/p>\n","protected":false},"excerpt":{"rendered":"<p>\u00cdman com o design de duas salamandras coloridas rodeadas de flores, que representam a ess\u00eancia vibrante de M\u00e1laga. Este \u00edman de 7,5 cm apresenta um acabamento brilhante e detalhes intrincados em tons de azul, vermelho, verde e amarelo, evocando o mosaico art\u00edstico t\u00edpico da regi\u00e3o. O fundo branco contrasta com a decora\u00e7\u00e3o colorida e o nome &#8220;M\u00c1LAGA&#8221;, em letras chamativas, acrescenta um toque distintivo e atraente a esta pe\u00e7a decorativa.<\/p>\n","protected":false},"featured_media":13993,"template":"","meta":{"_acf_changed":false},"product_brand":[],"product_cat":[699],"product_tag":[516],"class_list":{"0":"post-37405","1":"product","2":"type-product","3":"status-publish","4":"has-post-thumbnail","6":"product_cat-imanes","7":"product_tag-animais","8":"pa_ciudad-malaga","9":"pa_motivo-salamandras","10":"pa_pais-espana","12":"first","13":"instock","14":"shipping-taxable","15":"product-type-simple"},"acf":[],"_links":{"self":[{"href":"https:\/\/olemosaic.com\/pt-pt\/wp-json\/wp\/v2\/product\/37405","targetHints":{"allow":["GET"]}}],"collection":[{"href":"https:\/\/olemosaic.com\/pt-pt\/wp-json\/wp\/v2\/product"}],"about":[{"href":"https:\/\/olemosaic.com\/pt-pt\/wp-json\/wp\/v2\/types\/product"}],"wp:featuredmedia":[{"embeddable":true,"href":"https:\/\/olemosaic.com\/pt-pt\/wp-json\/wp\/v2\/media\/13993"}],"wp:attachment":[{"href":"https:\/\/olemosaic.com\/pt-pt\/wp-json\/wp\/v2\/media?parent=37405"}],"wp:term":[{"taxonomy":"product_brand","embeddable":true,"href":"https:\/\/olemosaic.com\/pt-pt\/wp-json\/wp\/v2\/product_brand?post=37405"},{"taxonomy":"product_cat","embeddable":true,"href":"https:\/\/olemosaic.com\/pt-pt\/wp-json\/wp\/v2\/product_cat?post=37405"},{"taxonomy":"product_tag","embeddable":true,"href":"https:\/\/olemosaic.com\/pt-pt\/wp-json\/wp\/v2\/product_tag?post=37405"}],"curies":[{"name":"wp","href":"https:\/\/api.w.org\/{rel}","templated":true}]}}