{"id":37404,"date":"2025-02-20T23:37:48","date_gmt":"2025-02-20T22:37:48","guid":{"rendered":"http:\/\/olemosaic.com\/producto\/iman-de-resina-toros-pamplona\/"},"modified":"2025-07-25T18:47:49","modified_gmt":"2025-07-25T16:47:49","slug":"iman-de-resina-touros-pamplona","status":"publish","type":"product","link":"https:\/\/olemosaic.com\/pt-pt\/produto\/iman-de-resina-touros-pamplona\/","title":{"rendered":"\u00cdman de resina. Touros. Pamplona."},"content":{"rendered":"<p>\u00cdman de resina de touro de Pamplona<\/p>\n<p>Este vibrante \u00edman de resina captura a ess\u00eancia de Pamplona, cidade famosa pela sua rica hist\u00f3ria e festas emocionantes. Desenhado com um estilo de mosaico colorido, apresenta um majestoso touro, s\u00edmbolo emblem\u00e1tico da cultura local, que se destaca pela sua paleta de tonalidades brilhantes como o vermelho, azul, verde e amarelo. O touro, em posi\u00e7\u00e3o potente e din\u00e2mica, \u00e9 emoldurado por um sol radiante que iradia energia, complementado com flores vermelhas que acrescentam um toque de frescura e alegria.<\/p>\n<p>Sob estes elementos art\u00edsticos, a palavra &#8220;Pamplona&#8221; aparece em letras chamativas, refor\u00e7ando a liga\u00e7\u00e3o com a identidade desta vibrante cidade. Esta pe\u00e7a n\u00e3o \u00e9 apenas um souvenir atraente, mas tamb\u00e9m representa a tradi\u00e7\u00e3o taurom\u00e1quica que caracteriza Pamplona, especialmente durante as festas de San Ferm\u00edn, onde os touros s\u00e3o uma parte fundamental da celebra\u00e7\u00e3o.<\/p>\n<p>Na Ol\u00e9 Mosaic, especializamo-nos na distribui\u00e7\u00e3o de souvenirs por grosso, oferecendo artigos aut\u00eanticos e de qualidade que ligam \u00e0s culturas locais. Este \u00edman de resina \u00e9 uma excelente op\u00e7\u00e3o para lojas de presentes tur\u00edsticos que procuram artigos que realcem a riqueza cultural de Espanha e captem a aten\u00e7\u00e3o dos visitantes. Perfeito como recorda\u00e7\u00e3o de Pamplona, torna-se um objeto ideal para quem deseja levar uma parte desta vibrante tradi\u00e7\u00e3o.<\/p>\n","protected":false},"excerpt":{"rendered":"<p>\u00cdman com um design vibrante que representa um touro, emblema de Pamplona. Esta atraente recorda\u00e7\u00e3o apresenta um estilo de mosaico colorido, fundindo tons brilhantes de vermelho, azul, verde e amarelo, que evocam a alegria das festas locais. Al\u00e9m disso, inclui um sol radiante e flores vermelhas, tudo sob o texto &#8220;Pamplona&#8221;, tornando este \u00edman numa pe\u00e7a perfeita para recordar a tradi\u00e7\u00e3o taurom\u00e1quica e a cultura da cidade.<\/p>\n","protected":false},"featured_media":13992,"template":"","meta":{"_acf_changed":false},"product_brand":[],"product_cat":[699],"product_tag":[516],"class_list":{"0":"post-37404","1":"product","2":"type-product","3":"status-publish","4":"has-post-thumbnail","6":"product_cat-imanes","7":"product_tag-animais","8":"pa_ciudad-pamplona","9":"pa_motivo-touros","10":"pa_pais-espana","12":"first","13":"instock","14":"shipping-taxable","15":"product-type-simple"},"acf":[],"_links":{"self":[{"href":"https:\/\/olemosaic.com\/pt-pt\/wp-json\/wp\/v2\/product\/37404","targetHints":{"allow":["GET"]}}],"collection":[{"href":"https:\/\/olemosaic.com\/pt-pt\/wp-json\/wp\/v2\/product"}],"about":[{"href":"https:\/\/olemosaic.com\/pt-pt\/wp-json\/wp\/v2\/types\/product"}],"wp:featuredmedia":[{"embeddable":true,"href":"https:\/\/olemosaic.com\/pt-pt\/wp-json\/wp\/v2\/media\/13992"}],"wp:attachment":[{"href":"https:\/\/olemosaic.com\/pt-pt\/wp-json\/wp\/v2\/media?parent=37404"}],"wp:term":[{"taxonomy":"product_brand","embeddable":true,"href":"https:\/\/olemosaic.com\/pt-pt\/wp-json\/wp\/v2\/product_brand?post=37404"},{"taxonomy":"product_cat","embeddable":true,"href":"https:\/\/olemosaic.com\/pt-pt\/wp-json\/wp\/v2\/product_cat?post=37404"},{"taxonomy":"product_tag","embeddable":true,"href":"https:\/\/olemosaic.com\/pt-pt\/wp-json\/wp\/v2\/product_tag?post=37404"}],"curies":[{"name":"wp","href":"https:\/\/api.w.org\/{rel}","templated":true}]}}