{"id":37403,"date":"2025-02-20T23:37:47","date_gmt":"2025-02-20T22:37:47","guid":{"rendered":"http:\/\/olemosaic.com\/producto\/iman-de-resina-salamandra-y-flores-valencia\/"},"modified":"2025-07-25T19:05:48","modified_gmt":"2025-07-25T17:05:48","slug":"iman-de-resina-salamandra-e-flores-valencia","status":"publish","type":"product","link":"https:\/\/olemosaic.com\/pt-pt\/produto\/iman-de-resina-salamandra-e-flores-valencia\/","title":{"rendered":"\u00cdman de resina. Salamandra e flores. Val\u00eancia."},"content":{"rendered":"<p>\u00cdman decorativo de resina com um design vibrante de salamandras e flores, ideal para recordar a beleza de Val\u00eancia. Este colorido \u00edman apresenta um acabamento brilhante e detalhado, que emula a t\u00e9cnica do trencad\u00eds, t\u00e3o representativa da tradi\u00e7\u00e3o art\u00edstica valenciana. As duas salamandras, representadas com um estilo vibrante, est\u00e3o rodeadas por um exuberante ambiente floral em tons de vermelho, verde e azul, evocando a rica biodiversidade da regi\u00e3o. A inscri\u00e7\u00e3o \u201cVal\u00eancia\u201d aparece numa tipografia alegre que real\u00e7a a ess\u00eancia da cidade, tornando este \u00edman num souvenir atraente e representativo.<\/p>\n<p>Cada detalhe do design reflete a liberdade criativa e a luminosidade da arte valenciana, fazendo deste \u00edman uma excelente recorda\u00e7\u00e3o da experi\u00eancia vivida nesta bela cidade. Perfeito para adornar qualquer superf\u00edcie met\u00e1lica, a sua qualidade e autenticidade garantem que os turistas levar\u00e3o consigo um peda\u00e7o da cultura local. Na Ol\u00e9 Mosaic, oferecemos este \u00edman como parte da nossa sele\u00e7\u00e3o de souvenirs de alta qualidade, ideais para lojas de presentes tur\u00edsticos que procuram oferecer produtos aut\u00eanticos. Este \u00edman de salamandras \u00e9, sem d\u00favida, um artigo imprescind\u00edvel para qualquer visitante que deseje capturar uma recorda\u00e7\u00e3o \u00fanica de Val\u00eancia.<\/p>\n","protected":false},"excerpt":{"rendered":"<p>\u00cdman com um design vibrante que representa duas salamandras num ambiente floral, perfeito para recordar a beleza de Val\u00eancia. Este colorido \u00edman apresenta um acabamento brilhante e detalhado, imitando a t\u00e9cnica do trencad\u00eds, com flores de diversas cores que rodeiam as salamandras em tons de vermelho, verde e azul. A inscri\u00e7\u00e3o &#8220;Val\u00eancia&#8221;, numa tipografia alegre, real\u00e7a a ess\u00eancia da cidade, tornando-o numa recorda\u00e7\u00e3o atraente e representativa.<\/p>\n","protected":false},"featured_media":13991,"template":"","meta":{"_acf_changed":false},"product_brand":[],"product_cat":[699],"product_tag":[516],"class_list":{"0":"post-37403","1":"product","2":"type-product","3":"status-publish","4":"has-post-thumbnail","6":"product_cat-imanes","7":"product_tag-animais","8":"pa_ciudad-valencia","9":"pa_motivo-salamandras","10":"pa_pais-espana","12":"first","13":"instock","14":"shipping-taxable","15":"product-type-simple"},"acf":[],"_links":{"self":[{"href":"https:\/\/olemosaic.com\/pt-pt\/wp-json\/wp\/v2\/product\/37403","targetHints":{"allow":["GET"]}}],"collection":[{"href":"https:\/\/olemosaic.com\/pt-pt\/wp-json\/wp\/v2\/product"}],"about":[{"href":"https:\/\/olemosaic.com\/pt-pt\/wp-json\/wp\/v2\/types\/product"}],"wp:featuredmedia":[{"embeddable":true,"href":"https:\/\/olemosaic.com\/pt-pt\/wp-json\/wp\/v2\/media\/13991"}],"wp:attachment":[{"href":"https:\/\/olemosaic.com\/pt-pt\/wp-json\/wp\/v2\/media?parent=37403"}],"wp:term":[{"taxonomy":"product_brand","embeddable":true,"href":"https:\/\/olemosaic.com\/pt-pt\/wp-json\/wp\/v2\/product_brand?post=37403"},{"taxonomy":"product_cat","embeddable":true,"href":"https:\/\/olemosaic.com\/pt-pt\/wp-json\/wp\/v2\/product_cat?post=37403"},{"taxonomy":"product_tag","embeddable":true,"href":"https:\/\/olemosaic.com\/pt-pt\/wp-json\/wp\/v2\/product_tag?post=37403"}],"curies":[{"name":"wp","href":"https:\/\/api.w.org\/{rel}","templated":true}]}}