{"id":37402,"date":"2025-02-20T23:37:47","date_gmt":"2025-02-20T22:37:47","guid":{"rendered":"http:\/\/olemosaic.com\/producto\/iman-de-resina-patio-valencia\/"},"modified":"2025-07-25T18:53:49","modified_gmt":"2025-07-25T16:53:49","slug":"iman-de-resina-patio-valencia-pt-pt","status":"publish","type":"product","link":"https:\/\/olemosaic.com\/pt-pt\/produto\/iman-de-resina-patio-valencia-pt-pt\/","title":{"rendered":"\u00cdman de resina. P\u00e1tio. Val\u00eancia."},"content":{"rendered":"<p>Este \u00edman de resina, com o seu design vibrante, evoca a ess\u00eancia do p\u00e1tio valenciano, capturando a alegria e a cor desta ic\u00f3nica cidade espanhola. No centro, uma bailarina de flamenco, vestida com um cativante vestido vermelho com bolinhas, e um bailarino, ambos em movimento, representam a rica tradi\u00e7\u00e3o do flamenco, uma arte que desperta paix\u00f5es em cada canto de Espanha. Este chamativo souvenir \u00e9 emoldurado por vasos coloridos repletos de flores, que acrescentam um toque de frescura e vida, enquanto uma guitarra descansa ao fundo, s\u00edmbolo da m\u00fasica que acompanha esta arte.<\/p>\n<p>La base do \u00edman apresenta um mosaico tipicamente valenciano, que real\u00e7a a liga\u00e7\u00e3o cultural deste souvenir com a regi\u00e3o. A palavra &#8220;Val\u00eancia&#8221;, destacada em letras coloridas, garante que este \u00edman seja uma recorda\u00e7\u00e3o indel\u00e9vel da experi\u00eancia nesta alegre cidade.<\/p>\n<p>Ideal como souvenir de Val\u00eancia, este \u00edman \u00e9 perfeito para turistas que procuram levar um peda\u00e7o da cultura e da arte da regi\u00e3o. Na Ol\u00e9 Mosaic, somos distribuidores de souvenirs por grosso, oferecendo produtos aut\u00eanticos e representativos que celebram a rica heran\u00e7a cultural de Espanha. Este \u00edman \u00e9 uma excelente op\u00e7\u00e3o para lojas de presentes tur\u00edsticos que pretendem oferecer artigos de qualidade e elevada relev\u00e2ncia cultural, destacando a ess\u00eancia da vida e da tradi\u00e7\u00e3o valenciana.<\/p>\n","protected":false},"excerpt":{"rendered":"<p>\u00cdman com um design vibrante que evoca la ess\u00eancia do p\u00e1tio valenciano. Este atraente \u00edman apresenta uma bailarina de flamenco com um vestido vermelho de bolinhas, acompanhada por um bailarino, tudo emoldurado por vasos coloridos com flores e uma guitarra, sobre um fundo de mosaico t\u00edpico. Com a palavra &#8220;Val\u00eancia&#8221; em destaque, esta recorda\u00e7\u00e3o \u00e9 perfeita para evocar a rica cultura e a arte desta ic\u00f3nica cidade.<\/p>\n","protected":false},"featured_media":13990,"template":"","meta":{"_acf_changed":false},"product_brand":[],"product_cat":[699],"product_tag":[],"class_list":{"0":"post-37402","1":"product","2":"type-product","3":"status-publish","4":"has-post-thumbnail","6":"product_cat-imanes","7":"pa_ciudad-valencia","8":"pa_motivo-patios","9":"pa_pais-espana","11":"first","12":"instock","13":"shipping-taxable","14":"product-type-simple"},"acf":[],"_links":{"self":[{"href":"https:\/\/olemosaic.com\/pt-pt\/wp-json\/wp\/v2\/product\/37402","targetHints":{"allow":["GET"]}}],"collection":[{"href":"https:\/\/olemosaic.com\/pt-pt\/wp-json\/wp\/v2\/product"}],"about":[{"href":"https:\/\/olemosaic.com\/pt-pt\/wp-json\/wp\/v2\/types\/product"}],"wp:featuredmedia":[{"embeddable":true,"href":"https:\/\/olemosaic.com\/pt-pt\/wp-json\/wp\/v2\/media\/13990"}],"wp:attachment":[{"href":"https:\/\/olemosaic.com\/pt-pt\/wp-json\/wp\/v2\/media?parent=37402"}],"wp:term":[{"taxonomy":"product_brand","embeddable":true,"href":"https:\/\/olemosaic.com\/pt-pt\/wp-json\/wp\/v2\/product_brand?post=37402"},{"taxonomy":"product_cat","embeddable":true,"href":"https:\/\/olemosaic.com\/pt-pt\/wp-json\/wp\/v2\/product_cat?post=37402"},{"taxonomy":"product_tag","embeddable":true,"href":"https:\/\/olemosaic.com\/pt-pt\/wp-json\/wp\/v2\/product_tag?post=37402"}],"curies":[{"name":"wp","href":"https:\/\/api.w.org\/{rel}","templated":true}]}}