{"id":37400,"date":"2025-02-20T23:37:47","date_gmt":"2025-02-20T22:37:47","guid":{"rendered":"http:\/\/olemosaic.com\/producto\/iman-de-resina-salamandra-y-flores-tenerife\/"},"modified":"2025-07-25T19:56:31","modified_gmt":"2025-07-25T17:56:31","slug":"iman-de-resina-salamandra-e-flores-tenerife","status":"publish","type":"product","link":"https:\/\/olemosaic.com\/pt-pt\/produto\/iman-de-resina-salamandra-e-flores-tenerife\/","title":{"rendered":"\u00cdman de resina. Salamandra e flores. Tenerife."},"content":{"rendered":"<p>Este \u00edman de resina, com o seu design de salamandras e flores, \u00e9 um lembrete vibrante das paisagens ex\u00f3ticas de Tenerife, uma das joias do arquip\u00e9lago das Can\u00e1rias. Elaborado com resina de alta qualidade, apresenta um design cativante que destaca duas salamandras em tons de vermelho e verde, complementadas por um mosaico de flores multicoloridas que irradiam alegria e frescura. A palavra &#8220;Tenerife&#8221; aparece orgulhosamente na parte inferior, conferindo um toque de identidade regional que o torna uma recorda\u00e7\u00e3o aut\u00eantica e representativa.<\/p>\n<p>Os detalhes gr\u00e1ficos deste produto prestam homenagem \u00e0 rica biodiversidade da ilha, enquanto as suas cores vibrantes evocam o esp\u00edrito tropical que caracteriza Tenerife. Al\u00e9m de ser uma op\u00e7\u00e3o ideal para adornar qualquer superf\u00edcie met\u00e1lica, este \u00edman permite aos turistas levar um pedacinho da beleza natural das Can\u00e1rias para as suas casas, tornando-o uma recorda\u00e7\u00e3o significativa e cheia de hist\u00f3ria.<\/p>\n<p>Na Ol\u00e9 Mosaic, orgulhamo-nos de oferecer recorda\u00e7\u00f5es aut\u00eanticas, como este \u00edman de salamandras, que capturam a ess\u00eancia cultural e o esplendor das regi\u00f5es que representam. Perfeito para lojas de presentes tur\u00edsticos, \u00e9 uma excelente op\u00e7\u00e3o para quem procura souvenirs t\u00edpicos, proporcionando um toque das Can\u00e1rias em cada lar.<\/p>\n","protected":false},"excerpt":{"rendered":"<p>\u00cdman com design de salamandras e flores, inspirado nas paisagens de Tenerife. Este colorido \u00edman apresenta duas salamandras em tons vibrantes de vermelho e verde, emolduradas por um mosaico floral de diversas cores que cria um efeito visual atraente. A palavra &#8220;Tenerife&#8221; destaca-se na parte inferior, complementando a est\u00e9tica alegre e tropical do arquip\u00e9lago. Ideal para adornar qualquer superf\u00edcie met\u00e1lica e levar um pedacinho da natureza das Can\u00e1rias para o seu lar.<\/p>\n","protected":false},"featured_media":13988,"template":"","meta":{"_acf_changed":false},"product_brand":[],"product_cat":[699],"product_tag":[516],"class_list":{"0":"post-37400","1":"product","2":"type-product","3":"status-publish","4":"has-post-thumbnail","6":"product_cat-imanes","7":"product_tag-animais","8":"pa_ciudad-tenerife","9":"pa_motivo-salamandras","10":"pa_pais-espana","12":"first","13":"instock","14":"shipping-taxable","15":"product-type-simple"},"acf":[],"_links":{"self":[{"href":"https:\/\/olemosaic.com\/pt-pt\/wp-json\/wp\/v2\/product\/37400","targetHints":{"allow":["GET"]}}],"collection":[{"href":"https:\/\/olemosaic.com\/pt-pt\/wp-json\/wp\/v2\/product"}],"about":[{"href":"https:\/\/olemosaic.com\/pt-pt\/wp-json\/wp\/v2\/types\/product"}],"wp:featuredmedia":[{"embeddable":true,"href":"https:\/\/olemosaic.com\/pt-pt\/wp-json\/wp\/v2\/media\/13988"}],"wp:attachment":[{"href":"https:\/\/olemosaic.com\/pt-pt\/wp-json\/wp\/v2\/media?parent=37400"}],"wp:term":[{"taxonomy":"product_brand","embeddable":true,"href":"https:\/\/olemosaic.com\/pt-pt\/wp-json\/wp\/v2\/product_brand?post=37400"},{"taxonomy":"product_cat","embeddable":true,"href":"https:\/\/olemosaic.com\/pt-pt\/wp-json\/wp\/v2\/product_cat?post=37400"},{"taxonomy":"product_tag","embeddable":true,"href":"https:\/\/olemosaic.com\/pt-pt\/wp-json\/wp\/v2\/product_tag?post=37400"}],"curies":[{"name":"wp","href":"https:\/\/api.w.org\/{rel}","templated":true}]}}