{"id":37399,"date":"2025-02-20T23:37:47","date_gmt":"2025-02-20T22:37:47","guid":{"rendered":"http:\/\/olemosaic.com\/producto\/iman-de-resina-salamandra-valencia-75-cm\/"},"modified":"2025-07-25T18:51:16","modified_gmt":"2025-07-25T16:51:16","slug":"iman-de-resina-salamandra-valencia-7-5-cm","status":"publish","type":"product","link":"https:\/\/olemosaic.com\/pt-pt\/produto\/iman-de-resina-salamandra-valencia-7-5-cm\/","title":{"rendered":"\u00cdman de resina. Salamandra. Val\u00eancia. 7,5 cm."},"content":{"rendered":"<p>Este \u00edman de resina com design de salamandras coloridas \u00e9 o souvenir perfeito para recordar a vibrante cultura valenciana. Com um tamanho de 7,5 cm, cada \u00edman \u00e9 uma obra de arte com efeito pintado \u00e0 m\u00e3o que captura a ess\u00eancia da fauna valenciana com magn\u00edficos designs em tons de azul, verde, vermelho e amarelo. Cada salamandra est\u00e1 adornada com belos detalhes florais que evocam a rica diversidade natural da regi\u00e3o. A base do \u00edman apresenta um fundo que imita o caracter\u00edstico mosaico cer\u00e2mico valenciano, um estilo que remonta \u00e0 tradi\u00e7\u00e3o artesanal da cidade e que \u00e9 amplamente reconhecido nos seus monumentos e decora\u00e7\u00e3o.<\/p>\n<p>Este \u00edman n\u00e3o \u00e9 apenas um acess\u00f3rio decorativo, mas uma recorda\u00e7\u00e3o significativa que liga o visitante \u00e0s tradi\u00e7\u00f5es locais. As salamandras, s\u00edmbolos de renova\u00e7\u00e3o e transforma\u00e7\u00e3o, est\u00e3o profundamente enraizadas na cultura valenciana, representando um v\u00ednculo com a natureza e o ambiente mediterr\u00e2nico. Na Ol\u00e9 Mosaic, especializamo-nos na distribui\u00e7\u00e3o de souvenirs por grosso, oferecendo produtos aut\u00eanticos e representativos da cultura espanhola. Este \u00edman \u00e9 uma excelente op\u00e7\u00e3o para lojas de presentes tur\u00edsticos que procuram oferecer artigos de qualidade que celebrem o patrim\u00f3nio local. Como grossistas de souvenirs de Val\u00eancia, garantimos que cada \u00edman reflita a riqueza cultural e o artesanato do local, tornando-o uma excelente recorda\u00e7\u00e3o para qualquer turista.<\/p>\n","protected":false},"excerpt":{"rendered":"<p>\u00cdman com design de salamandras coloridas que evocam a vibrante cultura valenciana. Este \u00edman de 7,5 cm destaca-se pela sua t\u00e9cnica de design artesanal, pintado \u00e0 m\u00e3o, exibindo salamandras em tons de azul, verde, vermelho e amarelo, adornadas com detalhes florais. A base do \u00edman apresenta um fundo que imita o caracter\u00edstico mosaico cer\u00e2mico valenciano. Ideal para recordar uma das tradi\u00e7\u00f5es mais emblem\u00e1ticas da regi\u00e3o.<\/p>\n","protected":false},"featured_media":13987,"template":"","meta":{"_acf_changed":false},"product_brand":[],"product_cat":[699],"product_tag":[516],"class_list":{"0":"post-37399","1":"product","2":"type-product","3":"status-publish","4":"has-post-thumbnail","6":"product_cat-imanes","7":"product_tag-animais","8":"pa_ciudad-valencia","9":"pa_motivo-salamandras","10":"pa_pais-espana","12":"first","13":"instock","14":"shipping-taxable","15":"product-type-simple"},"acf":[],"_links":{"self":[{"href":"https:\/\/olemosaic.com\/pt-pt\/wp-json\/wp\/v2\/product\/37399","targetHints":{"allow":["GET"]}}],"collection":[{"href":"https:\/\/olemosaic.com\/pt-pt\/wp-json\/wp\/v2\/product"}],"about":[{"href":"https:\/\/olemosaic.com\/pt-pt\/wp-json\/wp\/v2\/types\/product"}],"wp:featuredmedia":[{"embeddable":true,"href":"https:\/\/olemosaic.com\/pt-pt\/wp-json\/wp\/v2\/media\/13987"}],"wp:attachment":[{"href":"https:\/\/olemosaic.com\/pt-pt\/wp-json\/wp\/v2\/media?parent=37399"}],"wp:term":[{"taxonomy":"product_brand","embeddable":true,"href":"https:\/\/olemosaic.com\/pt-pt\/wp-json\/wp\/v2\/product_brand?post=37399"},{"taxonomy":"product_cat","embeddable":true,"href":"https:\/\/olemosaic.com\/pt-pt\/wp-json\/wp\/v2\/product_cat?post=37399"},{"taxonomy":"product_tag","embeddable":true,"href":"https:\/\/olemosaic.com\/pt-pt\/wp-json\/wp\/v2\/product_tag?post=37399"}],"curies":[{"name":"wp","href":"https:\/\/api.w.org\/{rel}","templated":true}]}}