{"id":37397,"date":"2025-02-20T23:37:47","date_gmt":"2025-02-20T22:37:47","guid":{"rendered":"http:\/\/olemosaic.com\/producto\/iman-de-resina-letrero-barcelona-azul-11-cm\/"},"modified":"2025-07-25T18:52:17","modified_gmt":"2025-07-25T16:52:17","slug":"iman-de-resina-letreiro-barcelona-azul-11-cm","status":"publish","type":"product","link":"https:\/\/olemosaic.com\/pt-pt\/produto\/iman-de-resina-letreiro-barcelona-azul-11-cm\/","title":{"rendered":"\u00cdman de resina. Letreiro. Barcelona. Azul. 11 cm."},"content":{"rendered":"<p>Este \u00edman de resina com a palavra &#8220;Barcelona&#8221; \u00e9 uma recorda\u00e7\u00e3o atraente que captura a ess\u00eancia vibrante desta emblem\u00e1tica cidade catal\u00e3. Com os seus 11 cm, o \u00edman apresenta uma espetacular combina\u00e7\u00e3o de cores sobre um fundo azul que evoca os ic\u00f3nicos mosaicos vis\u00edveis nos edif\u00edcios de Gaud\u00ed. As letras de &#8220;Barcelona&#8221; est\u00e3o estilizadas com formas \u00fanicas e detalhes art\u00edsticos, refletindo a rica heran\u00e7a cultural e a criatividade que caracteriza a cidade. Cada letra destaca-se em tonalidades vivas, desde o amarelo e o laranja at\u00e9 ao verde e o rosa, criando uma sensa\u00e7\u00e3o de alegria e dinamismo.<\/p>\n<p>Este \u00edman n\u00e3o s\u00f3 \u00e9 funcional para decorar o frigor\u00edfico ou qualquer superf\u00edcie magn\u00e9tica, como tamb\u00e9m serve como um lembrete permanente da beleza arquitet\u00f3nica e da vibrante vida que Barcelona oferece. Ao escolher esta recorda\u00e7\u00e3o, os visitantes da cidade podem levar um peda\u00e7o da sua magia para casa, tornando-o um excelente presente ou um detalhe pessoal. Na Ol\u00e9 Mosaic, somos especialistas na distribui\u00e7\u00e3o de recorda\u00e7\u00f5es por grosso, e este \u00edman de Barcelona \u00e9 uma adi\u00e7\u00e3o perfeita para lojas de presentes tur\u00edsticos que procuram oferecer artigos aut\u00eanticos e significativos. Um reflexo claro da rica tradi\u00e7\u00e3o cultural da regi\u00e3o, este \u00edman \u00e9 a recorda\u00e7\u00e3o ideal para qualquer amante de Espanha e da sua diversidade art\u00edstica.<\/p>\n","protected":false},"excerpt":{"rendered":"<p>\u00cdman com design de um letreiro que representa a palavra &#8220;Barcelona&#8221;. Mede 11 cm e apresenta uma vibrante combina\u00e7\u00e3o de cores sobre um fundo azul, evocando a ess\u00eancia do mosaico t\u00edpico da cidade. Cada letra est\u00e1 estilizada com detalhes e formas \u00fanicas, real\u00e7ando a arte e a cultura barcelonesas. Este souvenir \u00e9 ideal para decorar o frigor\u00edfico ou qualquer superf\u00edcie magn\u00e9tica, um lembrete da beleza e do esp\u00edrito desta emblem\u00e1tica cidade catal\u00e3.<\/p>\n","protected":false},"featured_media":13985,"template":"","meta":{"_acf_changed":false},"product_brand":[],"product_cat":[699],"product_tag":[],"class_list":{"0":"post-37397","1":"product","2":"type-product","3":"status-publish","4":"has-post-thumbnail","6":"product_cat-imanes","7":"pa_ciudad-barcelona","8":"pa_motivo-letreiros-de-cidades","9":"pa_pais-espana","11":"first","12":"instock","13":"shipping-taxable","14":"product-type-simple"},"acf":[],"_links":{"self":[{"href":"https:\/\/olemosaic.com\/pt-pt\/wp-json\/wp\/v2\/product\/37397","targetHints":{"allow":["GET"]}}],"collection":[{"href":"https:\/\/olemosaic.com\/pt-pt\/wp-json\/wp\/v2\/product"}],"about":[{"href":"https:\/\/olemosaic.com\/pt-pt\/wp-json\/wp\/v2\/types\/product"}],"wp:featuredmedia":[{"embeddable":true,"href":"https:\/\/olemosaic.com\/pt-pt\/wp-json\/wp\/v2\/media\/13985"}],"wp:attachment":[{"href":"https:\/\/olemosaic.com\/pt-pt\/wp-json\/wp\/v2\/media?parent=37397"}],"wp:term":[{"taxonomy":"product_brand","embeddable":true,"href":"https:\/\/olemosaic.com\/pt-pt\/wp-json\/wp\/v2\/product_brand?post=37397"},{"taxonomy":"product_cat","embeddable":true,"href":"https:\/\/olemosaic.com\/pt-pt\/wp-json\/wp\/v2\/product_cat?post=37397"},{"taxonomy":"product_tag","embeddable":true,"href":"https:\/\/olemosaic.com\/pt-pt\/wp-json\/wp\/v2\/product_tag?post=37397"}],"curies":[{"name":"wp","href":"https:\/\/api.w.org\/{rel}","templated":true}]}}