{"id":37396,"date":"2025-02-20T23:37:46","date_gmt":"2025-02-20T22:37:46","guid":{"rendered":"http:\/\/olemosaic.com\/producto\/iman-de-resina-letrero-malaga-azul-11-cm\/"},"modified":"2025-07-25T20:08:37","modified_gmt":"2025-07-25T18:08:37","slug":"iman-de-resina-letreiro-malaga-azul-11-cm","status":"publish","type":"product","link":"https:\/\/olemosaic.com\/pt-pt\/produto\/iman-de-resina-letreiro-malaga-azul-11-cm\/","title":{"rendered":"\u00cdman de resina. Letreiro. M\u00e1laga. Azul. 11 cm."},"content":{"rendered":"<p>\u00cdman de resina com design de letreiro que representa a cidade de M\u00e1laga. Este atraente \u00edman \u00e9 uma recorda\u00e7\u00e3o colorida e festiva, ideal para quem deseja levar um peda\u00e7o da ess\u00eancia malaguenha para casa. Com um vibrante fundo azul que evoca o c\u00e9u andaluz, o texto &#8220;M\u00c1LAGA&#8221; destaca-se em alegres cores variadas, cada letra meticulosamente desenhada com padr\u00f5es que lembram a arte do mosaico tradicional que caracteriza a regi\u00e3o. Al\u00e9m disso, o design inclui um encantador elemento decorativo em forma de flamingo, que simboliza a rica cultura local da Costa del Sol.<\/p>\n<p>Com dimens\u00f5es de 11 cm, este \u00edman \u00e9 perfeito para adornar qualquer superf\u00edcie met\u00e1lica, como frigor\u00edficos ou quadros, adicionando um toque de sabor andaluz aos lares. O seu material de resina garante durabilidade, assegurando que esta recorda\u00e7\u00e3o se conserve em perfeitas condi\u00e7\u00f5es durante anos. Como um souvenir representativo de M\u00e1laga, este \u00edman n\u00e3o s\u00f3 capta a beleza da cidade, como tamb\u00e9m celebra o seu patrim\u00f3nio cultural. Na Ol\u00e9 Mosaic, especializamo-nos na distribui\u00e7\u00e3o de souvenirs por grosso, e este \u00edman \u00e9 uma excelente op\u00e7\u00e3o para lojas de presentes tur\u00edsticos que procuram produtos aut\u00eanticos e vibrantes que reflitam a experi\u00eancia malaguenha.<\/p>\n","protected":false},"excerpt":{"rendered":"<p>\u00cdman com design de letreiro que representa a cidade de M\u00e1laga. Sobre um vibrante fundo azul, a palavra &#8220;M\u00c1LAGA&#8221; destaca-se em cores alegres e variadas, com padr\u00f5es que evocam a arte do mosaico andaluz. O design inclui um flamingo como elemento decorativo, um s\u00edmbolo da cultura local. Com dimens\u00f5es de 11 cm, este \u00edman \u00e9 a recorda\u00e7\u00e3o perfeita para adicionar um toque festivo a qualquer espa\u00e7o.<\/p>\n","protected":false},"featured_media":13984,"template":"","meta":{"_acf_changed":false},"product_brand":[],"product_cat":[699],"product_tag":[],"class_list":{"0":"post-37396","1":"product","2":"type-product","3":"status-publish","4":"has-post-thumbnail","6":"product_cat-imanes","7":"pa_ciudad-malaga","8":"pa_motivo-letreiros-de-cidades","9":"pa_pais-espana","11":"first","12":"instock","13":"shipping-taxable","14":"product-type-simple"},"acf":[],"_links":{"self":[{"href":"https:\/\/olemosaic.com\/pt-pt\/wp-json\/wp\/v2\/product\/37396","targetHints":{"allow":["GET"]}}],"collection":[{"href":"https:\/\/olemosaic.com\/pt-pt\/wp-json\/wp\/v2\/product"}],"about":[{"href":"https:\/\/olemosaic.com\/pt-pt\/wp-json\/wp\/v2\/types\/product"}],"wp:featuredmedia":[{"embeddable":true,"href":"https:\/\/olemosaic.com\/pt-pt\/wp-json\/wp\/v2\/media\/13984"}],"wp:attachment":[{"href":"https:\/\/olemosaic.com\/pt-pt\/wp-json\/wp\/v2\/media?parent=37396"}],"wp:term":[{"taxonomy":"product_brand","embeddable":true,"href":"https:\/\/olemosaic.com\/pt-pt\/wp-json\/wp\/v2\/product_brand?post=37396"},{"taxonomy":"product_cat","embeddable":true,"href":"https:\/\/olemosaic.com\/pt-pt\/wp-json\/wp\/v2\/product_cat?post=37396"},{"taxonomy":"product_tag","embeddable":true,"href":"https:\/\/olemosaic.com\/pt-pt\/wp-json\/wp\/v2\/product_tag?post=37396"}],"curies":[{"name":"wp","href":"https:\/\/api.w.org\/{rel}","templated":true}]}}