{"id":37395,"date":"2025-02-20T23:37:46","date_gmt":"2025-02-20T22:37:46","guid":{"rendered":"http:\/\/olemosaic.com\/producto\/iman-de-resina-letrero-mojacar-11-cm\/"},"modified":"2025-07-25T20:09:59","modified_gmt":"2025-07-25T18:09:59","slug":"iman-de-resina-letreiro-mojacar-11-cm","status":"publish","type":"product","link":"https:\/\/olemosaic.com\/pt-pt\/produto\/iman-de-resina-letreiro-mojacar-11-cm\/","title":{"rendered":"\u00cdman de resina. Letreiro. Moj\u00e1car. 11 cm."},"content":{"rendered":"<p>\u00cdman de resina &#8220;Moj\u00e1car&#8221; 11 cm. Este colorido \u00edman de resina capta a ess\u00eancia da pitoresca vila andaluza de Moj\u00e1car, um tesouro da costa espanhola. Com um design atraente que inclui a palavra &#8220;Moj\u00e1car&#8221; em letras vibrantes, esta recorda\u00e7\u00e3o \u00e9 perfeita para adornar qualquer superf\u00edcie met\u00e1lica e evocar mem\u00f3rias de paisagens ensolaradas e ruas calcetadas. O fundo branco est\u00e1 salpicado com fragmentos de cores brilhantes que lembram os mosaicos tradicionais que adornam as casas deste encantador destino tur\u00edstico.<\/p>\n<p>A t\u00e9cnica de design utilizada n\u00e3o s\u00f3 proporciona um acabamento brilhante, como tamb\u00e9m real\u00e7a a rica heran\u00e7a cultural de Moj\u00e1car, conhecida pelas suas tradi\u00e7\u00f5es art\u00edsticas e pela sua arquitetura de cores vivas que cativam os visitantes. Este \u00edman, de 11 cm, \u00e9 uma recorda\u00e7\u00e3o f\u00e1cil de transportar e exibir. \u00c9 uma excelente op\u00e7\u00e3o para turistas que procuram souvenirs de qualidade que representem a sua experi\u00eancia na Andaluzia. Na Ol\u00e9 Mosaic, somos distribuidores de souvenirs que garantem autenticidade e relev\u00e2ncia cultural, o que torna este \u00edman uma pe\u00e7a ideal para lojas de presentes tur\u00edsticos que procuram oferecer artigos aut\u00eanticos e cheios de simbolismo.<\/p>\n","protected":false},"excerpt":{"rendered":"<p>\u00cdman com design de letreiro que apresenta a palavra &#8220;Moj\u00e1car&#8221; em letras alegres e coloridas. Este atraente souvenir de 11 cm capta a ess\u00eancia de Moj\u00e1car, uma vila andaluza com encanto. O seu fundo branco, adornado com fragmentos multicoloridos que evocam os mosaicos tradicionais da regi\u00e3o, torna-o ideal para adornar qualquer superf\u00edcie met\u00e1lica. Este \u00edman destaca-se pelo seu acabamento brilhante e pelo seu design vibrante, que reflete a cultura e o folclore local.<\/p>\n","protected":false},"featured_media":13983,"template":"","meta":{"_acf_changed":false},"product_brand":[],"product_cat":[699],"product_tag":[],"class_list":{"0":"post-37395","1":"product","2":"type-product","3":"status-publish","4":"has-post-thumbnail","6":"product_cat-imanes","7":"pa_ciudad-mojacar","8":"pa_motivo-letreiros-de-cidades","9":"pa_pais-espana","11":"first","12":"instock","13":"shipping-taxable","14":"product-type-simple"},"acf":[],"_links":{"self":[{"href":"https:\/\/olemosaic.com\/pt-pt\/wp-json\/wp\/v2\/product\/37395","targetHints":{"allow":["GET"]}}],"collection":[{"href":"https:\/\/olemosaic.com\/pt-pt\/wp-json\/wp\/v2\/product"}],"about":[{"href":"https:\/\/olemosaic.com\/pt-pt\/wp-json\/wp\/v2\/types\/product"}],"wp:featuredmedia":[{"embeddable":true,"href":"https:\/\/olemosaic.com\/pt-pt\/wp-json\/wp\/v2\/media\/13983"}],"wp:attachment":[{"href":"https:\/\/olemosaic.com\/pt-pt\/wp-json\/wp\/v2\/media?parent=37395"}],"wp:term":[{"taxonomy":"product_brand","embeddable":true,"href":"https:\/\/olemosaic.com\/pt-pt\/wp-json\/wp\/v2\/product_brand?post=37395"},{"taxonomy":"product_cat","embeddable":true,"href":"https:\/\/olemosaic.com\/pt-pt\/wp-json\/wp\/v2\/product_cat?post=37395"},{"taxonomy":"product_tag","embeddable":true,"href":"https:\/\/olemosaic.com\/pt-pt\/wp-json\/wp\/v2\/product_tag?post=37395"}],"curies":[{"name":"wp","href":"https:\/\/api.w.org\/{rel}","templated":true}]}}