{"id":37393,"date":"2025-02-20T23:37:46","date_gmt":"2025-02-20T22:37:46","guid":{"rendered":"http:\/\/olemosaic.com\/producto\/iman-de-resina-salamandra-y-flores-mojacar\/"},"modified":"2025-07-25T19:55:59","modified_gmt":"2025-07-25T17:55:59","slug":"iman-de-resina-salamandra-e-flores-mojacar","status":"publish","type":"product","link":"https:\/\/olemosaic.com\/pt-pt\/produto\/iman-de-resina-salamandra-e-flores-mojacar\/","title":{"rendered":"\u00cdman de resina. Salamandra e flores. Moj\u00e1car."},"content":{"rendered":"<p>Este \u00edman de resina capta a ess\u00eancia vibrante de Moj\u00e1car, uma vila espanhola com encanto que se destaca pela sua arquitetura caiada e pelas suas paisagens coloridas. Com um design cativante, o \u00edman apresenta duas salamandras emolduradas entre um banquete de flores coloridas, criando um efeito de mosaico que evoca a rica heran\u00e7a cultural da zona. As salamandras, representadas em tons de vermelho e verde, contrastam maravilhosamente com um fundo branco de mosaico, real\u00e7ando a diversidade e beleza da flora andaluza. O nome &#8220;Moj\u00e1car&#8221; est\u00e1 impresso em letras audazes na parte inferior, garantindo que este s\u00edmbolo regional seja uma recorda\u00e7\u00e3o permanente da localidade.<\/p>\n<p>Este \u00edman, al\u00e9m de funcional, serve como um aut\u00eantico souvenir que encapsula o folclore de Moj\u00e1car e o seu atrativo natural. A combina\u00e7\u00e3o de cores brilhantes, com tons de vermelho, amarelo e verde, torna-o uma pe\u00e7a ideal para decorar qualquer espa\u00e7o, recordando aos turistas a magia da sua visita. Na Ol\u00e9 Mosaic, orgulhamo-nos de oferecer souvenirs por grosso que representam a diversidade cultural de Espanha, e este \u00edman de salamandra \u00e9 uma excelente op\u00e7\u00e3o para lojas de presentes tur\u00edsticos que procuram produtos aut\u00eanticos e significativos.<\/p>\n","protected":false},"excerpt":{"rendered":"<p>\u00cdman com um design colorido que representa duas salamandras entre flores, inspirado na beleza de Moj\u00e1car. Este atraente \u00edman apresenta um estilo mosaico vibrante, com tons vermelhos, verdes e amarelos, que real\u00e7am as salamandras sobre um fundo branco. O nome \u201cMoj\u00e1car\u201d est\u00e1 impresso em letras chamativas na parte inferior, tornando-o um souvenir ideal que capta a ess\u00eancia do folclore andaluz.<\/p>\n","protected":false},"featured_media":13981,"template":"","meta":{"_acf_changed":false},"product_brand":[],"product_cat":[699],"product_tag":[516],"class_list":{"0":"post-37393","1":"product","2":"type-product","3":"status-publish","4":"has-post-thumbnail","6":"product_cat-imanes","7":"product_tag-animais","8":"pa_ciudad-mojacar","9":"pa_motivo-salamandras","10":"pa_pais-espana","12":"first","13":"instock","14":"shipping-taxable","15":"product-type-simple"},"acf":[],"_links":{"self":[{"href":"https:\/\/olemosaic.com\/pt-pt\/wp-json\/wp\/v2\/product\/37393","targetHints":{"allow":["GET"]}}],"collection":[{"href":"https:\/\/olemosaic.com\/pt-pt\/wp-json\/wp\/v2\/product"}],"about":[{"href":"https:\/\/olemosaic.com\/pt-pt\/wp-json\/wp\/v2\/types\/product"}],"wp:featuredmedia":[{"embeddable":true,"href":"https:\/\/olemosaic.com\/pt-pt\/wp-json\/wp\/v2\/media\/13981"}],"wp:attachment":[{"href":"https:\/\/olemosaic.com\/pt-pt\/wp-json\/wp\/v2\/media?parent=37393"}],"wp:term":[{"taxonomy":"product_brand","embeddable":true,"href":"https:\/\/olemosaic.com\/pt-pt\/wp-json\/wp\/v2\/product_brand?post=37393"},{"taxonomy":"product_cat","embeddable":true,"href":"https:\/\/olemosaic.com\/pt-pt\/wp-json\/wp\/v2\/product_cat?post=37393"},{"taxonomy":"product_tag","embeddable":true,"href":"https:\/\/olemosaic.com\/pt-pt\/wp-json\/wp\/v2\/product_tag?post=37393"}],"curies":[{"name":"wp","href":"https:\/\/api.w.org\/{rel}","templated":true}]}}