{"id":37392,"date":"2025-02-20T23:37:46","date_gmt":"2025-02-20T22:37:46","guid":{"rendered":"http:\/\/olemosaic.com\/producto\/iman-de-resina-letrero-alicante-azul\/"},"modified":"2025-07-25T18:46:49","modified_gmt":"2025-07-25T16:46:49","slug":"iman-de-resina-letreiro-alicante-azul","status":"publish","type":"product","link":"https:\/\/olemosaic.com\/pt-pt\/produto\/iman-de-resina-letreiro-alicante-azul\/","title":{"rendered":"\u00cdman de resina. Letreiro. Alicante. Azul."},"content":{"rendered":"<p>\u00cdman de resina &#8220;ALICANTE&#8221;<\/p>\n<p>Este \u00edman de resina capta a ess\u00eancia vibrante de Alicante, um destino famoso pela sua beleza e encanto mediterr\u00e2nico. Com um design colorido que destaca o nome &#8220;ALICANTE&#8221; em letras grandes e brilhantes, este souvenir apresenta-se sobre um fundo azul que imita o estilo do mosaico, evocando o calor e a alegria que caracterizam esta cidade costeira. As letras, numa variedade de tons vivos, acrescentam um toque alegre e festivo, tornando este \u00edman um artigo decorativo irresist\u00edvel.<\/p>\n<p>Um pequeno lagarto que adorna o \u00edman reflete a fauna local, simbolizando a liga\u00e7\u00e3o com a natureza e o ambiente ensolarado da regi\u00e3o. Este atraente souvenir n\u00e3o s\u00f3 \u00e9 funcional \u2014 perfeito para personalizar frigor\u00edficos ou qualquer superf\u00edcie met\u00e1lica \u2014, como tamb\u00e9m serve como uma recorda\u00e7\u00e3o tang\u00edvel das experi\u00eancias vividas em Alicante.<\/p>\n<p>Na Ol\u00e9 Mosaic, compreendemos a import\u00e2ncia de oferecer souvenirs aut\u00eanticos e representativos. Este \u00edman de resina n\u00e3o \u00e9 apenas um projeto de artesanato local, mas tamb\u00e9m uma excelente op\u00e7\u00e3o para lojas de presentes tur\u00edsticos que procuram produtos que realcem a cultura e a identidade dos seus destinos. Com a nossa experi\u00eancia como distribuidores de souvenirs por grosso, garantimos qualidade e relev\u00e2ncia cultural em cada produto, ajudando a capturar a ess\u00eancia de cada viagem.<\/p>\n","protected":false},"excerpt":{"rendered":"<p>\u00cdman com um design colorido que destaca o nome &#8220;ALICANTE&#8221; sobre um fundo azul que imita o estilo de um mosaico. Este atraente souvenir apresenta letras em cores vivas e um pequeno lagarto decorativo, que faz alus\u00e3o \u00e0 fauna local. Perfeito para recordar la beleza e o encanto de Alicante, este \u00edman \u00e9 funcional e decorativo, ideal para personalizar qualquer superf\u00edcie met\u00e1lica.<\/p>\n","protected":false},"featured_media":13980,"template":"","meta":{"_acf_changed":false},"product_brand":[],"product_cat":[699],"product_tag":[],"class_list":{"0":"post-37392","1":"product","2":"type-product","3":"status-publish","4":"has-post-thumbnail","6":"product_cat-imanes","7":"pa_ciudad-alicante","8":"pa_motivo-letreiros-de-cidades","9":"pa_pais-espana","11":"first","12":"instock","13":"shipping-taxable","14":"product-type-simple"},"acf":[],"_links":{"self":[{"href":"https:\/\/olemosaic.com\/pt-pt\/wp-json\/wp\/v2\/product\/37392","targetHints":{"allow":["GET"]}}],"collection":[{"href":"https:\/\/olemosaic.com\/pt-pt\/wp-json\/wp\/v2\/product"}],"about":[{"href":"https:\/\/olemosaic.com\/pt-pt\/wp-json\/wp\/v2\/types\/product"}],"wp:featuredmedia":[{"embeddable":true,"href":"https:\/\/olemosaic.com\/pt-pt\/wp-json\/wp\/v2\/media\/13980"}],"wp:attachment":[{"href":"https:\/\/olemosaic.com\/pt-pt\/wp-json\/wp\/v2\/media?parent=37392"}],"wp:term":[{"taxonomy":"product_brand","embeddable":true,"href":"https:\/\/olemosaic.com\/pt-pt\/wp-json\/wp\/v2\/product_brand?post=37392"},{"taxonomy":"product_cat","embeddable":true,"href":"https:\/\/olemosaic.com\/pt-pt\/wp-json\/wp\/v2\/product_cat?post=37392"},{"taxonomy":"product_tag","embeddable":true,"href":"https:\/\/olemosaic.com\/pt-pt\/wp-json\/wp\/v2\/product_tag?post=37392"}],"curies":[{"name":"wp","href":"https:\/\/api.w.org\/{rel}","templated":true}]}}