{"id":37391,"date":"2025-02-20T23:37:46","date_gmt":"2025-02-20T22:37:46","guid":{"rendered":"http:\/\/olemosaic.com\/producto\/iman-de-resina-salamandra-y-flores-malaga\/"},"modified":"2025-07-25T19:42:58","modified_gmt":"2025-07-25T17:42:58","slug":"iman-de-resina-salamandra-e-flores-malaga","status":"publish","type":"product","link":"https:\/\/olemosaic.com\/pt-pt\/produto\/iman-de-resina-salamandra-e-flores-malaga\/","title":{"rendered":"\u00cdman de resina. Salamandra e flores. M\u00e1laga."},"content":{"rendered":"<p>Este \u00edman de resina com um colorido design de salamandras \u00e9 uma maravilhosa homenagem \u00e0 ess\u00eancia da arte do mosaico de M\u00e1laga. Com uma vibrante representa\u00e7\u00e3o de duas salamandras em tons vermelhos e verdes, este \u00edman captura a rica biodiversidade da regi\u00e3o e a sua liga\u00e7\u00e3o com a natureza. As salamandras, rodeadas de flores chamativas numa gama de cores intensas, criam uma imagem visualmente impactante que se destaca sobre um fundo que recorda os tradicionais azulejos andaluzes. A palavra &#8220;M\u00c1LAGA&#8221; destaca-se na parte inferior, proporcionando um toque aut\u00eantico e tornando-o uma recorda\u00e7\u00e3o emblem\u00e1tica da cultura de M\u00e1laga.<\/p>\n<p>Desenhado com aten\u00e7\u00e3o ao detalhe, o \u00edman n\u00e3o \u00e9 apenas uma pe\u00e7a decorativa, mas tamb\u00e9m um s\u00edmbolo da heran\u00e7a cultural de M\u00e1laga, ideal para quem procura levar para casa um fragmento desta encantadora cidade. Este souvenir \u00e9 perfeito para turistas interessados em apreciar e recordar a sua experi\u00eancia em M\u00e1laga, sirvendo tanto como decora\u00e7\u00e3o para o lar como um lembrete das suas aventuras.<\/p>\n<p>Na Ol\u00e9 Mosaic, especializamo-nos na distribui\u00e7\u00e3o de souvenirs por grosso, oferecendo produtos \u00fanicos e aut\u00eanticos que refletem a cultura e beleza de Espanha. Este \u00edman de salamandra \u00e9 uma excelente op\u00e7\u00e3o para lojas de presentes tur\u00edsticos que desejem oferecer recorda\u00e7\u00f5es significativas e representativas de M\u00e1laga. Como grossistas de souvenirs, garantimos a qualidade e originalidade em cada produto.<\/p>\n","protected":false},"excerpt":{"rendered":"<p>\u00cdman com um design colorido de salamandras e flores, inspirado na arte musiva de M\u00e1laga. Este atrativo \u00edman apresenta duas salamandras em vibrantes tons vermelhos e verdes, rodeadas de flores chamativas de diversas cores, tudo sobre um fundo de azulejos que evoca as tradi\u00e7\u00f5es locais. A palavra &#8220;M\u00c1LAGA&#8221; destaca-se na parte inferior, tornando este \u00edman uma recorda\u00e7\u00e3o perfeita da rica cultura andaluza.<\/p>\n","protected":false},"featured_media":13979,"template":"","meta":{"_acf_changed":false},"product_brand":[],"product_cat":[699],"product_tag":[516],"class_list":{"0":"post-37391","1":"product","2":"type-product","3":"status-publish","4":"has-post-thumbnail","6":"product_cat-imanes","7":"product_tag-animais","8":"pa_ciudad-malaga","9":"pa_motivo-salamandras","10":"pa_pais-espana","12":"first","13":"instock","14":"shipping-taxable","15":"product-type-simple"},"acf":[],"_links":{"self":[{"href":"https:\/\/olemosaic.com\/pt-pt\/wp-json\/wp\/v2\/product\/37391","targetHints":{"allow":["GET"]}}],"collection":[{"href":"https:\/\/olemosaic.com\/pt-pt\/wp-json\/wp\/v2\/product"}],"about":[{"href":"https:\/\/olemosaic.com\/pt-pt\/wp-json\/wp\/v2\/types\/product"}],"wp:featuredmedia":[{"embeddable":true,"href":"https:\/\/olemosaic.com\/pt-pt\/wp-json\/wp\/v2\/media\/13979"}],"wp:attachment":[{"href":"https:\/\/olemosaic.com\/pt-pt\/wp-json\/wp\/v2\/media?parent=37391"}],"wp:term":[{"taxonomy":"product_brand","embeddable":true,"href":"https:\/\/olemosaic.com\/pt-pt\/wp-json\/wp\/v2\/product_brand?post=37391"},{"taxonomy":"product_cat","embeddable":true,"href":"https:\/\/olemosaic.com\/pt-pt\/wp-json\/wp\/v2\/product_cat?post=37391"},{"taxonomy":"product_tag","embeddable":true,"href":"https:\/\/olemosaic.com\/pt-pt\/wp-json\/wp\/v2\/product_tag?post=37391"}],"curies":[{"name":"wp","href":"https:\/\/api.w.org\/{rel}","templated":true}]}}