{"id":37389,"date":"2025-02-20T23:37:45","date_gmt":"2025-02-20T22:37:45","guid":{"rendered":"http:\/\/olemosaic.com\/producto\/iman-de-resina-toros-malaga\/"},"modified":"2025-07-25T19:57:20","modified_gmt":"2025-07-25T17:57:20","slug":"iman-de-resina-touros-malaga","status":"publish","type":"product","link":"https:\/\/olemosaic.com\/pt-pt\/produto\/iman-de-resina-touros-malaga\/","title":{"rendered":"\u00cdman de resina. Touros. M\u00e1laga."},"content":{"rendered":"<p>\u00cdman de resina colorido de M\u00e1laga, inspirado na tradi\u00e7\u00e3o taurom\u00e1quica. Este distintivo \u00edman captura a ess\u00eancia da cultura andaluza com o seu design vibrante, que apresenta um touro em tons azuis, verdes e vermelhos. Destaca-se n\u00e3o s\u00f3 pelo seu colorido, mas tamb\u00e9m pelo seu simbolismo, enraizado na heran\u00e7a de M\u00e1laga. O touro, emblema da tauromaquia, encontra-se junto a um sol radiante que irradia calor e luminosidade, evocando as ensolaradas terras de M\u00e1laga. Al\u00e9m disso, delicadas rosas adornam a base, acrescentando um toque floral que real\u00e7a o folclore da regi\u00e3o.<\/p>\n<p>A base de mosaico complementa a sua est\u00e9tica, conferindo-lhe um acabamento distintivo que exibe a arte tradicional dos mosaicos espanh\u00f3is. O texto \u201cM\u00c1LAGA\u201d destaca-se com uma tipografia alegre e acess\u00edvel, garantindo que este \u00edman seja uma recorda\u00e7\u00e3o inconfund\u00edvel da cidade. Este \u00edman de resina \u00e9 um excelente souvenir, ideal para quem deseja levar um peda\u00e7o da cultura de M\u00e1laga e, ao mesmo tempo, uma pe\u00e7a representativa da tradi\u00e7\u00e3o taurom\u00e1quica. Na Ol\u00e9 Mosaic, somos distribuidores de souvenirs aut\u00eanticos por grosso, e este \u00edman de M\u00e1laga \u00e9 uma escolha perfeita para lojas de presentes tur\u00edsticos que procuram produtos culturais e de qualidade.<\/p>\n","protected":false},"excerpt":{"rendered":"<p>\u00cdman colorido, inspirado na tradi\u00e7\u00e3o taurom\u00e1quica de M\u00e1laga. Este atrativo \u00edman apresenta um design vibrante com um touro que se destaca pelas suas tonalidades azuis, verdes e vermelhas, juntamente com um sol radiante e rosas que evocam o folclore andaluz. A base de mosaico confere-lhe um toque distintivo, enquanto o texto &#8220;M\u00c1LAGA&#8221; real\u00e7a a sua liga\u00e7\u00e3o com a cidade. Ideal para quem deseje levar consigo um peda\u00e7o da cultura de M\u00e1laga.<\/p>\n","protected":false},"featured_media":13977,"template":"","meta":{"_acf_changed":false},"product_brand":[],"product_cat":[699],"product_tag":[516],"class_list":{"0":"post-37389","1":"product","2":"type-product","3":"status-publish","4":"has-post-thumbnail","6":"product_cat-imanes","7":"product_tag-animais","8":"pa_ciudad-malaga","9":"pa_motivo-touros","10":"pa_pais-espana","12":"first","13":"instock","14":"shipping-taxable","15":"product-type-simple"},"acf":[],"_links":{"self":[{"href":"https:\/\/olemosaic.com\/pt-pt\/wp-json\/wp\/v2\/product\/37389","targetHints":{"allow":["GET"]}}],"collection":[{"href":"https:\/\/olemosaic.com\/pt-pt\/wp-json\/wp\/v2\/product"}],"about":[{"href":"https:\/\/olemosaic.com\/pt-pt\/wp-json\/wp\/v2\/types\/product"}],"wp:featuredmedia":[{"embeddable":true,"href":"https:\/\/olemosaic.com\/pt-pt\/wp-json\/wp\/v2\/media\/13977"}],"wp:attachment":[{"href":"https:\/\/olemosaic.com\/pt-pt\/wp-json\/wp\/v2\/media?parent=37389"}],"wp:term":[{"taxonomy":"product_brand","embeddable":true,"href":"https:\/\/olemosaic.com\/pt-pt\/wp-json\/wp\/v2\/product_brand?post=37389"},{"taxonomy":"product_cat","embeddable":true,"href":"https:\/\/olemosaic.com\/pt-pt\/wp-json\/wp\/v2\/product_cat?post=37389"},{"taxonomy":"product_tag","embeddable":true,"href":"https:\/\/olemosaic.com\/pt-pt\/wp-json\/wp\/v2\/product_tag?post=37389"}],"curies":[{"name":"wp","href":"https:\/\/api.w.org\/{rel}","templated":true}]}}