{"id":37388,"date":"2025-02-20T23:37:45","date_gmt":"2025-02-20T22:37:45","guid":{"rendered":"http:\/\/olemosaic.com\/producto\/iman-de-resina-toro-y-bailaora-valencia\/"},"modified":"2025-07-25T18:59:22","modified_gmt":"2025-07-25T16:59:22","slug":"iman-de-resina-touro-e-bailarina-valencia","status":"publish","type":"product","link":"https:\/\/olemosaic.com\/pt-pt\/produto\/iman-de-resina-touro-e-bailarina-valencia\/","title":{"rendered":"\u00cdman de resina. Touro e bailarina. Val\u00eancia."},"content":{"rendered":"<p>\u00cdman de resina colorido que presta homenagem \u00e0 cultura valenciana, representando um touro e uma bailarina. Esta pe\u00e7a de resina \u00e9 uma vibrante obra-prima que captura a ess\u00eancia de Val\u00eancia, cidade rica em tradi\u00e7\u00f5es e festividades. Com um design que mistura formas geom\u00e9tricas, o \u00edman combina tons azuis, verdes, vermelhos e amarelos, criando um efeito visual apelativo que reflete a alegria dos costumes locais. A figura do touro, s\u00edmbolo ic\u00f3nico da cultura espanhola, apresenta-se com um acabamento brilhante, enquanto a bailarina, vestida com um cativante traje de folhos vermelhos, irradia energia e gra\u00e7a numa pose que evoca a arte flamenca. O nome &#8220;Valencia&#8221; aparece em letras chamativas, acrescentando um toque final que enfatiza a sua origem. Este \u00edman n\u00e3o s\u00f3 \u00e9 uma recorda\u00e7\u00e3o atrativa, mas tamb\u00e9m um lembrete tang\u00edvel da rica heran\u00e7a da regi\u00e3o, ideal para turistas que procuram uma pe\u00e7a aut\u00eantica que represente a cultura valenciana. Na Ol\u00e9 Mosaic, oferecemos este produto como parte da nossa cole\u00e7\u00e3o de souvenirs por grosso, perfeito para lojas de presentes tur\u00edsticos que procurem artigos de qualidade e com significado. Este \u00edman \u00e9 uma excelente op\u00e7\u00e3o para quem deseje levar um pedacinho de Val\u00eancia para casa.<\/p>\n","protected":false},"excerpt":{"rendered":"<p>\u00cdman colorido que presta homenagem \u00e0 cultura valenciana, representando um touro e uma bailarina. Este atrativo souvenir destaca-se pelo seu design vibrante, que mistura formas geom\u00e9tricas em tons de azul, verde, vermelho e amarelo, dando vida \u00e0s tradi\u00e7\u00f5es locais. A bailarina, vestida com um traje de folhos vermelhos, complementa o motivo, enquanto o nome &#8220;Valencia&#8221; aparece em letras chamativas na parte inferior, o que torna este \u00edman uma recorda\u00e7\u00e3o ideal da rica heran\u00e7a da regi\u00e3o.<\/p>\n","protected":false},"featured_media":13976,"template":"","meta":{"_acf_changed":false},"product_brand":[],"product_cat":[699],"product_tag":[516],"class_list":{"0":"post-37388","1":"product","2":"type-product","3":"status-publish","4":"has-post-thumbnail","6":"product_cat-imanes","7":"product_tag-animais","8":"pa_ciudad-valencia","9":"pa_motivo-touros","10":"pa_pais-espana","12":"first","13":"instock","14":"shipping-taxable","15":"product-type-simple"},"acf":[],"_links":{"self":[{"href":"https:\/\/olemosaic.com\/pt-pt\/wp-json\/wp\/v2\/product\/37388","targetHints":{"allow":["GET"]}}],"collection":[{"href":"https:\/\/olemosaic.com\/pt-pt\/wp-json\/wp\/v2\/product"}],"about":[{"href":"https:\/\/olemosaic.com\/pt-pt\/wp-json\/wp\/v2\/types\/product"}],"wp:featuredmedia":[{"embeddable":true,"href":"https:\/\/olemosaic.com\/pt-pt\/wp-json\/wp\/v2\/media\/13976"}],"wp:attachment":[{"href":"https:\/\/olemosaic.com\/pt-pt\/wp-json\/wp\/v2\/media?parent=37388"}],"wp:term":[{"taxonomy":"product_brand","embeddable":true,"href":"https:\/\/olemosaic.com\/pt-pt\/wp-json\/wp\/v2\/product_brand?post=37388"},{"taxonomy":"product_cat","embeddable":true,"href":"https:\/\/olemosaic.com\/pt-pt\/wp-json\/wp\/v2\/product_cat?post=37388"},{"taxonomy":"product_tag","embeddable":true,"href":"https:\/\/olemosaic.com\/pt-pt\/wp-json\/wp\/v2\/product_tag?post=37388"}],"curies":[{"name":"wp","href":"https:\/\/api.w.org\/{rel}","templated":true}]}}