{"id":37386,"date":"2025-02-20T23:37:45","date_gmt":"2025-02-20T22:37:45","guid":{"rendered":"http:\/\/olemosaic.com\/producto\/iman-de-resina-toro-y-bailaora-malaga\/"},"modified":"2025-07-25T20:36:32","modified_gmt":"2025-07-25T18:36:32","slug":"iman-de-resina-touro-e-bailarina-malaga","status":"publish","type":"product","link":"https:\/\/olemosaic.com\/pt-pt\/produto\/iman-de-resina-touro-e-bailarina-malaga\/","title":{"rendered":"\u00cdman de resina. Touro e bailarina. M\u00e1laga."},"content":{"rendered":"<p>\u00cdman de resina colorido de M\u00e1laga, com um design cativante que funde a emblem\u00e1tica figura de um touro e uma bailarina de flamenco, s\u00edmbolos do rico folclore andaluz. Este \u00edman n\u00e3o \u00e9 apenas um acess\u00f3rio decorativo, mas uma vibrante representa\u00e7\u00e3o da cultura malaguenha, ideal para os amantes de souvenirs aut\u00eanticos. A figura do touro destaca-se pelas suas cores chamativas azul, amarelo e verde, atraindo a luz e a aten\u00e7\u00e3o, enquanto a bailarina resplandece com um elegante vestido vermelho adornado com detalhes que refletem a sua paix\u00e3o e a arte do flamenco. Complementando o belo design, o nome &#8220;M\u00c1LAGA&#8221; aparece em letras multicoloridas, real\u00e7ando o seu apelo visual. Este \u00edman capta a ess\u00eancia das tradi\u00e7\u00f5es locais e \u00e9 uma recorda\u00e7\u00e3o perfeita para quem deseja levar um pedacinho de M\u00e1laga para casa. Na Ol\u00e9 Mosaic, oferecemos este \u00edman de resina como parte da nossa seleta cole\u00e7\u00e3o de souvenirs de M\u00e1laga, ideal para lojas de presentes tur\u00edsticos que procuram produtos de qualidade e aut\u00eanticos. Como grossistas de souvenirs, garantimos uma cuidadosa aten\u00e7\u00e3o ao detalhe e uma fiel representa\u00e7\u00e3o da cultura espanhola.<\/p>\n","protected":false},"excerpt":{"rendered":"<p>\u00cdman colorido com um vibrante design de um touro e uma bailarina, que representa a cultura malaguenha. A figura do touro destaca-se pelas suas cores chamativas azul, amarelo e verde, enquanto a bailarina usa um vestido vermelho com detalhes decorativos, mostrando a sua eleg\u00e2ncia e paix\u00e3o. Esta pe\u00e7a capta a ess\u00eancia do folclore andaluz e \u00e9 acompanhada pelo nome &#8220;M\u00c1LAGA&#8221; em letras multicoloridas, ideal para levar uma recorda\u00e7\u00e3o aut\u00eantica desta regi\u00e3o.<\/p>\n","protected":false},"featured_media":13974,"template":"","meta":{"_acf_changed":false},"product_brand":[],"product_cat":[699],"product_tag":[516],"class_list":{"0":"post-37386","1":"product","2":"type-product","3":"status-publish","4":"has-post-thumbnail","6":"product_cat-imanes","7":"product_tag-animais","8":"pa_ciudad-malaga","9":"pa_motivo-touros","10":"pa_pais-espana","12":"first","13":"instock","14":"shipping-taxable","15":"product-type-simple"},"acf":[],"_links":{"self":[{"href":"https:\/\/olemosaic.com\/pt-pt\/wp-json\/wp\/v2\/product\/37386","targetHints":{"allow":["GET"]}}],"collection":[{"href":"https:\/\/olemosaic.com\/pt-pt\/wp-json\/wp\/v2\/product"}],"about":[{"href":"https:\/\/olemosaic.com\/pt-pt\/wp-json\/wp\/v2\/types\/product"}],"wp:featuredmedia":[{"embeddable":true,"href":"https:\/\/olemosaic.com\/pt-pt\/wp-json\/wp\/v2\/media\/13974"}],"wp:attachment":[{"href":"https:\/\/olemosaic.com\/pt-pt\/wp-json\/wp\/v2\/media?parent=37386"}],"wp:term":[{"taxonomy":"product_brand","embeddable":true,"href":"https:\/\/olemosaic.com\/pt-pt\/wp-json\/wp\/v2\/product_brand?post=37386"},{"taxonomy":"product_cat","embeddable":true,"href":"https:\/\/olemosaic.com\/pt-pt\/wp-json\/wp\/v2\/product_cat?post=37386"},{"taxonomy":"product_tag","embeddable":true,"href":"https:\/\/olemosaic.com\/pt-pt\/wp-json\/wp\/v2\/product_tag?post=37386"}],"curies":[{"name":"wp","href":"https:\/\/api.w.org\/{rel}","templated":true}]}}