{"id":37385,"date":"2025-02-20T23:37:45","date_gmt":"2025-02-20T22:37:45","guid":{"rendered":"http:\/\/olemosaic.com\/producto\/iman-de-resina-salamandra-y-flores-fuerteventura\/"},"modified":"2025-07-25T19:36:30","modified_gmt":"2025-07-25T17:36:30","slug":"iman-de-resina-salamandra-e-flores-fuerteventura","status":"publish","type":"product","link":"https:\/\/olemosaic.com\/pt-pt\/produto\/iman-de-resina-salamandra-e-flores-fuerteventura\/","title":{"rendered":"\u00cdman de resina. Salamandra e flores. Fuerteventura."},"content":{"rendered":"<p>Este colorido \u00edman de resina, inspirado na exuberante flora e fauna de Fuerteventura, \u00e9 o souvenir perfeito para levar um peda\u00e7o das Ilhas Can\u00e1rias para casa. Adornado com a imagem de duas salamandras rodeadas de vibrantes flores t\u00edpicas da regi\u00e3o, este objeto destaca-se pelo seu design chamativo que simula um magn\u00edfico mosaico.<\/p>\n<p>As salamandras, representadas em tons azuis e cor-de-laranja, captam a aten\u00e7\u00e3o com as suas elegantes formas e cores vivas, enquanto o fundo de flores multicoloridas, com rosas, amarelos e azuis, confere um ar de frescura e alegria. Na parte inferior, o texto &#8220;FUERTEVENTURA&#8221; apresenta-se com uma tipografia alegre, complementando a est\u00e9tica geral e real\u00e7ando a liga\u00e7\u00e3o com a ilha.<\/p>\n<p>Este \u00edman n\u00e3o s\u00f3 \u00e9 um atraente elemento decorativo para qualquer frigor\u00edfico, como tamb\u00e9m reflete a beleza natural de Fuerteventura, conhecida pelas suas impressionantes paisagens e pela sua biodiversidade. Resistente e aut\u00eantico, este souvenir torna-se uma recorda\u00e7\u00e3o ideal para os turistas que procuram uma representa\u00e7\u00e3o colorida e aut\u00eantica da sua visita \u00e0s Ilhas Can\u00e1rias. Na Ol\u00e9 Mosaic, orgulhamo-nos de oferecer souvenirs exclusivos como este \u00edman de Fuerteventura, proporcionando uma oportunidade \u00fanica \u00e0s lojas de presentes tur\u00edsticos que procuram artigos impressionantes por grosso.<\/p>\n","protected":false},"excerpt":{"rendered":"<p>\u00cdman colorido que mostra duas salamandras rodeadas de flores t\u00edpicas de Fuerteventura. Este atraente souvenir, ideal para dar um toque can\u00e1rio a qualquer frigor\u00edfico, apresenta um design vibrante com detalhes que simulam mosaicos. O fundo est\u00e1 adornado com uma variedade de flores em tons vivos, complementadas pela palavra &#8220;FUERTEVENTURA&#8221;, escrita com um estilo alegre. Perfeito para recordar a beleza natural das Ilhas Can\u00e1rias.<\/p>\n","protected":false},"featured_media":13973,"template":"","meta":{"_acf_changed":false},"product_brand":[],"product_cat":[699],"product_tag":[516],"class_list":{"0":"post-37385","1":"product","2":"type-product","3":"status-publish","4":"has-post-thumbnail","6":"product_cat-imanes","7":"product_tag-animais","8":"pa_ciudad-fuerteventura","9":"pa_motivo-salamandras","10":"pa_pais-espana","12":"first","13":"instock","14":"shipping-taxable","15":"product-type-simple"},"acf":[],"_links":{"self":[{"href":"https:\/\/olemosaic.com\/pt-pt\/wp-json\/wp\/v2\/product\/37385","targetHints":{"allow":["GET"]}}],"collection":[{"href":"https:\/\/olemosaic.com\/pt-pt\/wp-json\/wp\/v2\/product"}],"about":[{"href":"https:\/\/olemosaic.com\/pt-pt\/wp-json\/wp\/v2\/types\/product"}],"wp:featuredmedia":[{"embeddable":true,"href":"https:\/\/olemosaic.com\/pt-pt\/wp-json\/wp\/v2\/media\/13973"}],"wp:attachment":[{"href":"https:\/\/olemosaic.com\/pt-pt\/wp-json\/wp\/v2\/media?parent=37385"}],"wp:term":[{"taxonomy":"product_brand","embeddable":true,"href":"https:\/\/olemosaic.com\/pt-pt\/wp-json\/wp\/v2\/product_brand?post=37385"},{"taxonomy":"product_cat","embeddable":true,"href":"https:\/\/olemosaic.com\/pt-pt\/wp-json\/wp\/v2\/product_cat?post=37385"},{"taxonomy":"product_tag","embeddable":true,"href":"https:\/\/olemosaic.com\/pt-pt\/wp-json\/wp\/v2\/product_tag?post=37385"}],"curies":[{"name":"wp","href":"https:\/\/api.w.org\/{rel}","templated":true}]}}