{"id":37384,"date":"2025-02-20T23:37:44","date_gmt":"2025-02-20T22:37:44","guid":{"rendered":"http:\/\/olemosaic.com\/producto\/iman-de-metal-toro-negro-11-cm-5\/"},"modified":"2025-07-25T20:26:18","modified_gmt":"2025-07-25T18:26:18","slug":"iman-de-metal-touro-preto-11-cm-5","status":"publish","type":"product","link":"https:\/\/olemosaic.com\/pt-pt\/produto\/iman-de-metal-touro-preto-11-cm-5\/","title":{"rendered":"\u00cdman de metal. Touro. Preto. Bandeira de Espanha. 11 cm."},"content":{"rendered":"<p>Este \u00edman met\u00e1lico apresenta o design do ic\u00f3nico touro espanhol, um s\u00edmbolo cultural que representa la tradi\u00e7\u00e3o e a paix\u00e3o de Espanha. Com dimens\u00f5es de 11 cm, este atraente \u00edman destaca-se pela sua figura robusta e poderosa, elaborada num vibrante mosaico de tons vermelhos e amarelos que evocam a energia e a for\u00e7a do touro. O fundo preto acentua a luminosidade e os detalhes do design, fazendo com que a imagem do touro se destaque com um acabamento brilhante e cativante. Os tra\u00e7os cuidadosamente delineados e as nuances nas cores proporcionam uma sensa\u00e7\u00e3o de movimento e vitalidade, convertendo este \u00edman em algo mais do que um simples souvenir: \u00e9 uma verdadeira homenagem \u00e0 rica cultura espanhola.<\/p>\n<p>O touro tornou-se um \u00edcone da identidade espanhola, associado \u00e0 celebra\u00e7\u00e3o das corridas e \u00e0 hist\u00f3ria do pa\u00eds, o que proporciona um v\u00ednculo cultural que o torna uma recorda\u00e7\u00e3o \u00fanica. Este \u00edman n\u00e3o s\u00f3 \u00e9 ideal para adornar qualquer superf\u00edcie met\u00e1lica, como tamb\u00e9m atua como um lembrete constante das tradi\u00e7\u00f5es enraizadas na sociedade espanhola, sendo uma excelente op\u00e7\u00e3o para turistas que procuram souvenirs aut\u00eanticos e representativos. Na Ol\u00e9 Mosaic, somos distribuidores de souvenirs por grosso e oferecemos este \u00edman do touro como uma op\u00e7\u00e3o perfeita para lojas de presentes tur\u00edsticos que valorizam a autenticidade e a qualidade nos seus produtos.<\/p>\n","protected":false},"excerpt":{"rendered":"<p>\u00cdman met\u00e1lico com o emblem\u00e1tico touro espanhol, destacado em cor preta. Com dimens\u00f5es de 11 cm, este \u00edman apresenta um atraente design de mosaico em tons vermelhos e amarelos que captam a ess\u00eancia do touro, s\u00edmbolo cultural de Espanha. Os detalhes do touro est\u00e3o cuidadosamente elaborados e oferecem um acabamento brilhante que real\u00e7a a sua figura poderosa. Ideal para quem procura um souvenir representativo da tradi\u00e7\u00e3o taurom\u00e1quica espanhola.<\/p>\n","protected":false},"featured_media":8286,"template":"","meta":{"_acf_changed":false},"product_brand":[],"product_cat":[699],"product_tag":[516],"class_list":{"0":"post-37384","1":"product","2":"type-product","3":"status-publish","4":"has-post-thumbnail","6":"product_cat-imanes","7":"product_tag-animais","8":"pa_motivo-touros","10":"first","11":"instock","12":"shipping-taxable","13":"product-type-simple"},"acf":[],"_links":{"self":[{"href":"https:\/\/olemosaic.com\/pt-pt\/wp-json\/wp\/v2\/product\/37384","targetHints":{"allow":["GET"]}}],"collection":[{"href":"https:\/\/olemosaic.com\/pt-pt\/wp-json\/wp\/v2\/product"}],"about":[{"href":"https:\/\/olemosaic.com\/pt-pt\/wp-json\/wp\/v2\/types\/product"}],"wp:featuredmedia":[{"embeddable":true,"href":"https:\/\/olemosaic.com\/pt-pt\/wp-json\/wp\/v2\/media\/8286"}],"wp:attachment":[{"href":"https:\/\/olemosaic.com\/pt-pt\/wp-json\/wp\/v2\/media?parent=37384"}],"wp:term":[{"taxonomy":"product_brand","embeddable":true,"href":"https:\/\/olemosaic.com\/pt-pt\/wp-json\/wp\/v2\/product_brand?post=37384"},{"taxonomy":"product_cat","embeddable":true,"href":"https:\/\/olemosaic.com\/pt-pt\/wp-json\/wp\/v2\/product_cat?post=37384"},{"taxonomy":"product_tag","embeddable":true,"href":"https:\/\/olemosaic.com\/pt-pt\/wp-json\/wp\/v2\/product_tag?post=37384"}],"curies":[{"name":"wp","href":"https:\/\/api.w.org\/{rel}","templated":true}]}}