{"id":37380,"date":"2025-02-20T23:37:43","date_gmt":"2025-02-20T22:37:43","guid":{"rendered":"http:\/\/olemosaic.com\/producto\/iman-de-madera-toro-2\/"},"modified":"2025-07-25T20:03:49","modified_gmt":"2025-07-25T18:03:49","slug":"iman-de-madeira-touro-2","status":"publish","type":"product","link":"https:\/\/olemosaic.com\/pt-pt\/produto\/iman-de-madeira-touro-2\/","title":{"rendered":"\u00cdman de madeira. Mosaico. Touro."},"content":{"rendered":"<p>\u00cdman de madeira com a figura de um touro, um souvenir vibrante que capta a ess\u00eancia da cultura espanhola. Este design art\u00edstico inspira-se na t\u00e9cnica do mosaico, com uma explos\u00e3o de cores \u2014 verdes, vermelhos, azuis e amarelos \u2014 dispostos em formas geom\u00e9tricas que conferem uma dimens\u00e3o visual \u00fanica \u00e0 figura do touro. Com a sua silhueta robusta e poderosa, este \u00edman n\u00e3o \u00e9 apenas um objeto decorativo funcional, mas tamb\u00e9m simboliza a for\u00e7a e a tradi\u00e7\u00e3o enraizadas na identidade espanhola.<\/p>\n<p>O touro \u00e9 um \u00edcone do folclore local, que representa tanto a paix\u00e3o pela tauromaquia como a liga\u00e7\u00e3o com a terra e a sua hist\u00f3ria. Cada detalhe do \u00edman evoca as festivas largadas de touros e as festividades que rodeiam esta majestosa criatura, tornando-o uma recorda\u00e7\u00e3o representativa de uma experi\u00eancia inesquec\u00edvel em Espanha. Ideal para quem procura um souvenir aut\u00eantico, este \u00edman n\u00e3o s\u00f3 adiciona um toque colorido a qualquer frigor\u00edfico, como tamb\u00e9m evoca mem\u00f3rias de visitas passadas ou serve como um presente perfeito para amigos e familiares.<\/p>\n<p>Na Ol\u00e9 Mosaic especializamo-nos na distribui\u00e7\u00e3o por grosso de souvenirs de alta qualidade e relev\u00e2ncia cultural. Este \u00edman de touro \u00e9 a escolha ideal para lojas de presentes tur\u00edsticos que desejem oferecer aos seus clientes um produto que emana autenticidade e simbolismo. Com o seu design atraente e o seu profundo significado, torna-se uma excelente forma de levar um peda\u00e7o de Espanha para casa.<\/p>\n","protected":false},"excerpt":{"rendered":"<p>\u00cdman de madeira com a figura de um touro, um \u00edcone da cultura espanhola. O seu design, vibrante e colorido, evoca a t\u00e9cnica do mosaico, combinando tons verdes, vermelhos, azuis e amarelos em formas geom\u00e9tricas. Esta pe\u00e7a art\u00edstica capta a ess\u00eancia do touro, s\u00edmbolo de for\u00e7a e tradi\u00e7\u00e3o, ideal para recordar as suas visitas a Espanha ou como um presente atraente que celebra o folclore local.<\/p>\n","protected":false},"featured_media":9537,"template":"","meta":{"_acf_changed":false},"product_brand":[],"product_cat":[699],"product_tag":[516],"class_list":{"0":"post-37380","1":"product","2":"type-product","3":"status-publish","4":"has-post-thumbnail","6":"product_cat-imanes","7":"product_tag-animais","8":"pa_motivo-touros","10":"first","11":"instock","12":"shipping-taxable","13":"product-type-simple"},"acf":[],"_links":{"self":[{"href":"https:\/\/olemosaic.com\/pt-pt\/wp-json\/wp\/v2\/product\/37380","targetHints":{"allow":["GET"]}}],"collection":[{"href":"https:\/\/olemosaic.com\/pt-pt\/wp-json\/wp\/v2\/product"}],"about":[{"href":"https:\/\/olemosaic.com\/pt-pt\/wp-json\/wp\/v2\/types\/product"}],"wp:featuredmedia":[{"embeddable":true,"href":"https:\/\/olemosaic.com\/pt-pt\/wp-json\/wp\/v2\/media\/9537"}],"wp:attachment":[{"href":"https:\/\/olemosaic.com\/pt-pt\/wp-json\/wp\/v2\/media?parent=37380"}],"wp:term":[{"taxonomy":"product_brand","embeddable":true,"href":"https:\/\/olemosaic.com\/pt-pt\/wp-json\/wp\/v2\/product_brand?post=37380"},{"taxonomy":"product_cat","embeddable":true,"href":"https:\/\/olemosaic.com\/pt-pt\/wp-json\/wp\/v2\/product_cat?post=37380"},{"taxonomy":"product_tag","embeddable":true,"href":"https:\/\/olemosaic.com\/pt-pt\/wp-json\/wp\/v2\/product_tag?post=37380"}],"curies":[{"name":"wp","href":"https:\/\/api.w.org\/{rel}","templated":true}]}}