{"id":37379,"date":"2025-02-20T22:37:43","date_gmt":"2025-02-20T22:37:43","guid":{"rendered":"http:\/\/olemosaic.com\/producto\/iman-de-ceramica-sardina-valencia-verde\/"},"modified":"2025-07-25T20:14:33","modified_gmt":"2025-07-25T18:14:33","slug":"iman-de-ceramica-sardinha-valencia-verde","status":"publish","type":"product","link":"https:\/\/olemosaic.com\/pt-pt\/produto\/iman-de-ceramica-sardinha-valencia-verde\/","title":{"rendered":"\u00cdman de cer\u00e2mica. Sardinha. Val\u00eancia. Verde."},"content":{"rendered":"<p>Este \u00edman de cer\u00e2mica com forma de sardinha \u00e9 um aut\u00eantico \u00edcone da cultura mediterr\u00e2nica valenciana. O seu design vibrante, com um jogo de tons verdes e azuis que evocam as cores do mar Mediterr\u00e2neo e as paisagens desta bela regi\u00e3o, \u00e9 inconfund\u00edvel. O corpo da sardinha est\u00e1 decorado com intrincados motivos que recordam a cer\u00e2mica tradicional valenciana, com um padr\u00e3o floral e geom\u00e9trico que real\u00e7a a riqueza art\u00edstica da zona. A palavra &#8220;Valencia&#8221; destaca-se em letras chamativas, adicionando um toque distintivo que sublinha a sua origem e o torna uma recorda\u00e7\u00e3o memor\u00e1vel.<\/p>\n<p>Para al\u00e9m de ser um objeto pr\u00e1tico para o frigor\u00edfico, este \u00edman \u00e9 uma pe\u00e7a decorativa que capta a ess\u00eancia vibrante e acolhedora de Val\u00eancia. O seu design artesanal reflete a cultura costeira e a tradi\u00e7\u00e3o piscat\u00f3ria da regi\u00e3o, o que o torna um souvenir ideal para quem deseja levar um pedacinho de Val\u00eancia para casa. Na Ol\u00e9 Mosaic, oferecemos este aut\u00eantico souvenir de cer\u00e2mica, perfeito para lojas de presentes tur\u00edsticos que procuram artigos representativos e de qualidade. Como distribuidores de souvenirs de cer\u00e2mica por grosso, garantimos que cada \u00edman \u00e9 uma celebra\u00e7\u00e3o da cultura e da tradi\u00e7\u00e3o local, ideal para os turistas que procuram uma liga\u00e7\u00e3o aut\u00eantica com a sua viagem.<\/p>\n","protected":false},"excerpt":{"rendered":"<p>\u00cdman de cer\u00e2mica com forma de sardinha, um elemento representativo da cultura mediterr\u00e2nica valenciana. Este colorido \u00edman destaca-se pelo seu design vibrante em tons verdes e azuis, com motivos decorativos que evocam a cer\u00e2mica tradicional de Val\u00eancia. A palavra &#8220;Valencia&#8221; est\u00e1 impressa em letras chamativas, conferindo um toque distintivo. Perfeito para levar um pedacinho de Val\u00eancia para casa, este \u00edman combina autenticidade e arte num objeto pr\u00e1tico e decorativo.<\/p>\n","protected":false},"featured_media":12110,"template":"","meta":{"_acf_changed":false},"product_brand":[],"product_cat":[699],"product_tag":[516,515],"class_list":{"0":"post-37379","1":"product","2":"type-product","3":"status-publish","4":"has-post-thumbnail","6":"product_cat-imanes","7":"product_tag-animais","8":"product_tag-ceramica","9":"pa_ciudad-valencia","10":"pa_motivo-sardinhas","11":"pa_pais-espana","13":"first","14":"instock","15":"shipping-taxable","16":"product-type-simple"},"acf":[],"_links":{"self":[{"href":"https:\/\/olemosaic.com\/pt-pt\/wp-json\/wp\/v2\/product\/37379","targetHints":{"allow":["GET"]}}],"collection":[{"href":"https:\/\/olemosaic.com\/pt-pt\/wp-json\/wp\/v2\/product"}],"about":[{"href":"https:\/\/olemosaic.com\/pt-pt\/wp-json\/wp\/v2\/types\/product"}],"wp:featuredmedia":[{"embeddable":true,"href":"https:\/\/olemosaic.com\/pt-pt\/wp-json\/wp\/v2\/media\/12110"}],"wp:attachment":[{"href":"https:\/\/olemosaic.com\/pt-pt\/wp-json\/wp\/v2\/media?parent=37379"}],"wp:term":[{"taxonomy":"product_brand","embeddable":true,"href":"https:\/\/olemosaic.com\/pt-pt\/wp-json\/wp\/v2\/product_brand?post=37379"},{"taxonomy":"product_cat","embeddable":true,"href":"https:\/\/olemosaic.com\/pt-pt\/wp-json\/wp\/v2\/product_cat?post=37379"},{"taxonomy":"product_tag","embeddable":true,"href":"https:\/\/olemosaic.com\/pt-pt\/wp-json\/wp\/v2\/product_tag?post=37379"}],"curies":[{"name":"wp","href":"https:\/\/api.w.org\/{rel}","templated":true}]}}