{"id":37378,"date":"2025-02-20T22:37:43","date_gmt":"2025-02-20T22:37:43","guid":{"rendered":"http:\/\/olemosaic.com\/producto\/iman-de-ceramica-sardinas-bilbao-azul\/"},"modified":"2025-07-25T18:44:24","modified_gmt":"2025-07-25T16:44:24","slug":"iman-de-ceramica-sardinhas-bilbau-azul","status":"publish","type":"product","link":"https:\/\/olemosaic.com\/pt-pt\/produto\/iman-de-ceramica-sardinhas-bilbau-azul\/","title":{"rendered":"\u00cdman de cer\u00e2mica. Sardinhas. Bilbau. Azul."},"content":{"rendered":"<p>\u00cdman de cer\u00e2mica com forma de sardinha, que representa a tradi\u00e7\u00e3o piscat\u00f3ria de Bilbau. Este souvenir original destaca-se pela sua cor azul vibrante e pelos seus intrincados motivos decorativos, que combinam elementos culturais com um design moderno. Fabricado em cer\u00e2mica de alta qualidade, este \u00edman perdura como s\u00edmbolo da rica heran\u00e7a mar\u00edtima basca. A sardinha, um elemento essencial da gastronomia local, evoca a vitalidade da costa de Bilbau e a sua liga\u00e7\u00e3o hist\u00f3rica com a pesca.<\/p>\n<p>O \u00edman apresenta um belo tom azul profundo, adornado com elaborados designs que refletem a arte popular da regi\u00e3o. Numa lateral, o texto &#8220;BILBAO&#8221; \u00e9 impresso em cores brilhantes, conferindo um dinamismo que capta a aten\u00e7\u00e3o. Este detalhe n\u00e3o s\u00f3 real\u00e7a o seu valor como recorda\u00e7\u00e3o, mas tamb\u00e9m permite a quem o possui recordar a sua visita a esta emblem\u00e1tica cidade do Pa\u00eds Basco.<\/p>\n<p>Como parte da oferta da Ol\u00e9 Mosaic, este \u00edman de sardinha \u00e9 uma excelente op\u00e7\u00e3o para lojas de souvenirs que desejem oferecer aos seus clientes uma recorda\u00e7\u00e3o aut\u00eantica e significativa de Bilbau. A sua qualidade artesanal e o seu design atraente tornam-no um presente perfeito para aqueles que procuram levar um peda\u00e7o da cultura basca para casa. Com este \u00edman, os turistas podem adicionar um toque de tradi\u00e7\u00e3o aos seus espa\u00e7os, tornando-o um valioso artigo de cole\u00e7\u00e3o.<\/p>\n","protected":false},"excerpt":{"rendered":"<p>\u00cdman de cer\u00e2mica com forma de sardinha, que representa a tradi\u00e7\u00e3o piscat\u00f3ria de Bilbau. Esta recorda\u00e7\u00e3o original destaca-se pela sua cor azul vibrante e pelos seus intrincados motivos decorativos, que fundem elementos culturais com um design moderno. Com a inscri\u00e7\u00e3o &#8220;BILBAO&#8221; impressa, este \u00edman \u00e9 perfeito para adicionar um toque da rica heran\u00e7a basca a qualquer espa\u00e7o, captando a ess\u00eancia mar\u00edtima da regi\u00e3o.<\/p>\n","protected":false},"featured_media":13972,"template":"","meta":{"_acf_changed":false},"product_brand":[],"product_cat":[699],"product_tag":[516,515],"class_list":{"0":"post-37378","1":"product","2":"type-product","3":"status-publish","4":"has-post-thumbnail","6":"product_cat-imanes","7":"product_tag-animais","8":"product_tag-ceramica","9":"pa_ciudad-bilbao","10":"pa_motivo-sardinhas","11":"pa_pais-espana","13":"first","14":"instock","15":"shipping-taxable","16":"product-type-simple"},"acf":[],"_links":{"self":[{"href":"https:\/\/olemosaic.com\/pt-pt\/wp-json\/wp\/v2\/product\/37378","targetHints":{"allow":["GET"]}}],"collection":[{"href":"https:\/\/olemosaic.com\/pt-pt\/wp-json\/wp\/v2\/product"}],"about":[{"href":"https:\/\/olemosaic.com\/pt-pt\/wp-json\/wp\/v2\/types\/product"}],"wp:featuredmedia":[{"embeddable":true,"href":"https:\/\/olemosaic.com\/pt-pt\/wp-json\/wp\/v2\/media\/13972"}],"wp:attachment":[{"href":"https:\/\/olemosaic.com\/pt-pt\/wp-json\/wp\/v2\/media?parent=37378"}],"wp:term":[{"taxonomy":"product_brand","embeddable":true,"href":"https:\/\/olemosaic.com\/pt-pt\/wp-json\/wp\/v2\/product_brand?post=37378"},{"taxonomy":"product_cat","embeddable":true,"href":"https:\/\/olemosaic.com\/pt-pt\/wp-json\/wp\/v2\/product_cat?post=37378"},{"taxonomy":"product_tag","embeddable":true,"href":"https:\/\/olemosaic.com\/pt-pt\/wp-json\/wp\/v2\/product_tag?post=37378"}],"curies":[{"name":"wp","href":"https:\/\/api.w.org\/{rel}","templated":true}]}}