{"id":37376,"date":"2025-02-20T22:37:42","date_gmt":"2025-02-20T22:37:42","guid":{"rendered":"http:\/\/olemosaic.com\/producto\/iman-de-ceramica-sardina-alicante-verde\/"},"modified":"2025-07-25T18:58:21","modified_gmt":"2025-07-25T16:58:21","slug":"iman-de-ceramica-sardinha-alicante-verde","status":"publish","type":"product","link":"https:\/\/olemosaic.com\/pt-pt\/produto\/iman-de-ceramica-sardinha-alicante-verde\/","title":{"rendered":"\u00cdman de cer\u00e2mica. Sardinha. Alicante. Verde."},"content":{"rendered":"<p>Este \u00edman de cer\u00e2mica com forma de sardinha \u00e9 uma pe\u00e7a vibrante que encapsula a ess\u00eancia de Alicante, um souvenir ideal para quem deseja levar um peda\u00e7o da costa mediterr\u00e2nica para casa. Com uma cor verde radiante que evoca a frescura do mar, o \u00edman est\u00e1 adornado com padr\u00f5es azuis intrincados que recordam as decora\u00e7\u00f5es t\u00edpicas da regi\u00e3o, bem como detalhes ornamentais que destacam o folclore local. O nome \u00abAlicante\u00bb aparece em letras chamativas, o que n\u00e3o s\u00f3 o torna facilmente identific\u00e1vel, como tamb\u00e9m acrescenta um toque de autenticidade e familiaridade.<\/p>\n<p>Este \u00edman de sardinha representa a rica tradi\u00e7\u00e3o pesqueira da zona, onde a pesca da sardinha tem sido uma parte fundamental do sustento local e da vida social. O seu design criativo e pitoresco torna-o num acess\u00f3rio atraente para qualquer frigor\u00edfico ou superf\u00edcie magn\u00e9tica, al\u00e9m de funcionar como uma recorda\u00e7\u00e3o constante das belas costas e da vibrante cultura de Alicante. Na Ol\u00e9 Mosaic, como distribuidores de souvenirs por grosso, oferecemos esta pe\u00e7a \u00fanica, o complemento perfeito para lojas de presentes tur\u00edsticos que procuram produtos aut\u00eanticos. Este \u00edman n\u00e3o \u00e9 apenas funcional, mas tamb\u00e9m capta a ess\u00eancia das mem\u00f3rias vividas, tornando-se um excelente presente para os turistas que procuram uma recorda\u00e7\u00e3o representativa da sua visita.<\/p>\n","protected":false},"excerpt":{"rendered":"<p>\u00cdman de cer\u00e2mica com forma de sardinha, que capta a ess\u00eancia de Alicante. Este \u00edman destaca-se pela sua cor verde vibrante, adornada com padr\u00f5es azuis intrincados e detalhes ornamentais que evocam o folclore local. Com o nome &#8220;Alicante&#8221; impresso em letras chamativas, \u00e9 uma recorda\u00e7\u00e3o perfeita da costa mediterr\u00e2nica. O seu design criativo e pitoresco torna-o num atraente acess\u00f3rio para qualquer frigor\u00edfico ou superf\u00edcie magn\u00e9tica.<\/p>\n","protected":false},"featured_media":13970,"template":"","meta":{"_acf_changed":false},"product_brand":[],"product_cat":[699],"product_tag":[516,515],"class_list":{"0":"post-37376","1":"product","2":"type-product","3":"status-publish","4":"has-post-thumbnail","6":"product_cat-imanes","7":"product_tag-animais","8":"product_tag-ceramica","9":"pa_ciudad-alicante","10":"pa_motivo-sardinhas","11":"pa_pais-espana","13":"first","14":"instock","15":"shipping-taxable","16":"product-type-simple"},"acf":[],"_links":{"self":[{"href":"https:\/\/olemosaic.com\/pt-pt\/wp-json\/wp\/v2\/product\/37376","targetHints":{"allow":["GET"]}}],"collection":[{"href":"https:\/\/olemosaic.com\/pt-pt\/wp-json\/wp\/v2\/product"}],"about":[{"href":"https:\/\/olemosaic.com\/pt-pt\/wp-json\/wp\/v2\/types\/product"}],"wp:featuredmedia":[{"embeddable":true,"href":"https:\/\/olemosaic.com\/pt-pt\/wp-json\/wp\/v2\/media\/13970"}],"wp:attachment":[{"href":"https:\/\/olemosaic.com\/pt-pt\/wp-json\/wp\/v2\/media?parent=37376"}],"wp:term":[{"taxonomy":"product_brand","embeddable":true,"href":"https:\/\/olemosaic.com\/pt-pt\/wp-json\/wp\/v2\/product_brand?post=37376"},{"taxonomy":"product_cat","embeddable":true,"href":"https:\/\/olemosaic.com\/pt-pt\/wp-json\/wp\/v2\/product_cat?post=37376"},{"taxonomy":"product_tag","embeddable":true,"href":"https:\/\/olemosaic.com\/pt-pt\/wp-json\/wp\/v2\/product_tag?post=37376"}],"curies":[{"name":"wp","href":"https:\/\/api.w.org\/{rel}","templated":true}]}}