{"id":37375,"date":"2025-02-20T22:37:42","date_gmt":"2025-02-20T22:37:42","guid":{"rendered":"http:\/\/olemosaic.com\/producto\/iman-de-ceramica-sardinas-mallorca-azul\/"},"modified":"2025-07-25T19:42:09","modified_gmt":"2025-07-25T17:42:09","slug":"iman-de-ceramica-sardinhas-maiorca-azul","status":"publish","type":"product","link":"https:\/\/olemosaic.com\/pt-pt\/produto\/iman-de-ceramica-sardinhas-maiorca-azul\/","title":{"rendered":"\u00cdman de cer\u00e2mica. Sardinhas. Maiorca. Azul."},"content":{"rendered":"<p>Este \u00edman de cer\u00e2mica com forma de sardinha \u00e9 uma encantadora recorda\u00e7\u00e3o de Maiorca que capta a ess\u00eancia costeira da ilha balear. O seu design vibrante em tons azuis est\u00e1 adornado com padr\u00f5es decorativos intrincados que evocam a rica tradi\u00e7\u00e3o mar\u00edtima da regi\u00e3o. A sardinha, um s\u00edmbolo do estilo de vida mediterr\u00e2nico, apresenta um acabamento brilhante e detalhado, destacando a sua forma estilizada e um colorido que recorda as ondas do mar. Num dos seus lados, a palavra &#8220;MALLORCA&#8221; aparece em letras brilhantes, acrescentando um toque festivo e reconhec\u00edvel que far\u00e1 as del\u00edcias de qualquer visitante.<\/p>\n<p>Este \u00edman n\u00e3o \u00e9 apenas um acess\u00f3rio pr\u00e1tico para manter notas ou recorda\u00e7\u00f5es \u00e0 vista, mas tamb\u00e9m representa uma bela recorda\u00e7\u00e3o da cultura local. A sardinha tornou-se um \u00edcone da gastronomia e da vida na costa, refletindo a influ\u00eancia do mar na identidade de Maiorca. Na Ol\u00e9 Mosaic, especialistas em distribui\u00e7\u00e3o de souvenirs por grosso, oferecemos este atraente \u00edman de cer\u00e2mica como uma excelente op\u00e7\u00e3o para presentes tur\u00edsticos e cole\u00e7\u00f5es. A sua autenticidade e liga\u00e7\u00e3o com a vida insular tornam-no num souvenir perfeito para aqueles que desejam levar um peda\u00e7o do Mediterr\u00e2neo para casa.<\/p>\n","protected":false},"excerpt":{"rendered":"<p>\u00cdman de cer\u00e2mica com forma de sardinha, que representa a ess\u00eancia costeira de Maiorca. Este colorido \u00edman apresenta um design azul vibrante com motivos decorativos intrincados e a palavra &#8220;MALLORCA&#8221; em letras brilhantes. Os detalhes art\u00edsticos evocam a rica tradi\u00e7\u00e3o mar\u00edtima da ilha, tornando-o numa recorda\u00e7\u00e3o perfeita que capta a beleza do mar Mediterr\u00e2neo e a cultura local. Um toque encantador para qualquer cole\u00e7\u00e3o de souvenirs.<\/p>\n","protected":false},"featured_media":12114,"template":"","meta":{"_acf_changed":false},"product_brand":[],"product_cat":[699],"product_tag":[516,515],"class_list":{"0":"post-37375","1":"product","2":"type-product","3":"status-publish","4":"has-post-thumbnail","6":"product_cat-imanes","7":"product_tag-animais","8":"product_tag-ceramica","9":"pa_ciudad-mallorca","10":"pa_motivo-sardinhas","11":"pa_pais-espana","13":"first","14":"instock","15":"shipping-taxable","16":"product-type-simple"},"acf":[],"_links":{"self":[{"href":"https:\/\/olemosaic.com\/pt-pt\/wp-json\/wp\/v2\/product\/37375","targetHints":{"allow":["GET"]}}],"collection":[{"href":"https:\/\/olemosaic.com\/pt-pt\/wp-json\/wp\/v2\/product"}],"about":[{"href":"https:\/\/olemosaic.com\/pt-pt\/wp-json\/wp\/v2\/types\/product"}],"wp:featuredmedia":[{"embeddable":true,"href":"https:\/\/olemosaic.com\/pt-pt\/wp-json\/wp\/v2\/media\/12114"}],"wp:attachment":[{"href":"https:\/\/olemosaic.com\/pt-pt\/wp-json\/wp\/v2\/media?parent=37375"}],"wp:term":[{"taxonomy":"product_brand","embeddable":true,"href":"https:\/\/olemosaic.com\/pt-pt\/wp-json\/wp\/v2\/product_brand?post=37375"},{"taxonomy":"product_cat","embeddable":true,"href":"https:\/\/olemosaic.com\/pt-pt\/wp-json\/wp\/v2\/product_cat?post=37375"},{"taxonomy":"product_tag","embeddable":true,"href":"https:\/\/olemosaic.com\/pt-pt\/wp-json\/wp\/v2\/product_tag?post=37375"}],"curies":[{"name":"wp","href":"https:\/\/api.w.org\/{rel}","templated":true}]}}