{"id":37373,"date":"2025-02-20T23:37:42","date_gmt":"2025-02-20T22:37:42","guid":{"rendered":"http:\/\/olemosaic.com\/producto\/iman-de-ceramica-sardinas-alicante-multicolor\/"},"modified":"2025-07-25T19:13:49","modified_gmt":"2025-07-25T17:13:49","slug":"iman-de-ceramica-sardinhas-alicante-multicolor","status":"publish","type":"product","link":"https:\/\/olemosaic.com\/pt-pt\/produto\/iman-de-ceramica-sardinhas-alicante-multicolor\/","title":{"rendered":"\u00cdman de cer\u00e2mica. Sardinhas. Alicante. Multicolor."},"content":{"rendered":"<p>Este \u00edman de cer\u00e2mica com forma de sardinha capta a ess\u00eancia do mar de Alicante com um design vibrante e alegre. Pintado \u00e0 m\u00e3o, destaca-se pelas suas intensas tonalidades de amarelo, laranja, vermelho e azul, que evocam o calor do clima mediterr\u00e2nico e a rica tradi\u00e7\u00e3o mar\u00edtima da regi\u00e3o. O elegante design de escamas n\u00e3o s\u00f3 acrescenta um toque art\u00edstico, como simboliza a liga\u00e7\u00e3o de Alicante \u00e0 cultura pesqueira, onde a sardinha \u00e9 um elemento representativo da sua gastronomia e vida local.<\/p>\n<p>No centro da sardinha, a palavra &#8220;Alicante&#8221; apresenta-se em letras chamativas, tornando este \u00edman numa recorda\u00e7\u00e3o imprescind\u00edvel para quem visita esta encantadora cidade costeira. A sua forma distintiva e o seu colorido tornam-no numa decora\u00e7\u00e3o perfeita para qualquer superf\u00edcie met\u00e1lica, seja no frigor\u00edfico de casa ou no escrit\u00f3rio, recordando sempre a beleza e o encanto de Alicante.<\/p>\n<p>Na Ol\u00e9 Mosaic, oferecemos este \u00edman de sardinha como um souvenir aut\u00eantico que real\u00e7a a identidade cultural da regi\u00e3o. Ideal para turistas que procuram recorda\u00e7\u00f5es representativas, este artigo \u00e9 uma excelente op\u00e7\u00e3o para lojas de presentes tur\u00edsticos que desejam oferecer produtos de qualidade, artesanato e relev\u00e2ncia cultural. Como grossistas de \u00edmanes, garantimos que cada pe\u00e7a reflete a autenticidade e o esp\u00edrito de Espanha.<\/p>\n","protected":false},"excerpt":{"rendered":"<p>\u00cdman de cer\u00e2mica com forma de sardinha, que representa o esp\u00edrito mar\u00edtimo de Alicante. Este colorido \u00edman, de design artesanal e pintado \u00e0 m\u00e3o, destaca-se pelos seus vibrantes tons de amarelo, laranja, vermelho e azul, com um design de escamas muito apelativo que lhe confere um toque art\u00edstico. A pe\u00e7a inclui a palavra &#8220;Alicante&#8221; em letras chamativas, o que o torna uma excelente recorda\u00e7\u00e3o desta encantadora cidade costeira e um elemento decorativo alegre para qualquer superf\u00edcie met\u00e1lica.<\/p>\n","protected":false},"featured_media":13968,"template":"","meta":{"_acf_changed":false},"product_brand":[],"product_cat":[699],"product_tag":[516,515],"class_list":{"0":"post-37373","1":"product","2":"type-product","3":"status-publish","4":"has-post-thumbnail","6":"product_cat-imanes","7":"product_tag-animais","8":"product_tag-ceramica","9":"pa_ciudad-alicante","10":"pa_motivo-sardinhas","11":"pa_pais-espana","13":"first","14":"instock","15":"shipping-taxable","16":"product-type-simple"},"acf":[],"_links":{"self":[{"href":"https:\/\/olemosaic.com\/pt-pt\/wp-json\/wp\/v2\/product\/37373","targetHints":{"allow":["GET"]}}],"collection":[{"href":"https:\/\/olemosaic.com\/pt-pt\/wp-json\/wp\/v2\/product"}],"about":[{"href":"https:\/\/olemosaic.com\/pt-pt\/wp-json\/wp\/v2\/types\/product"}],"wp:featuredmedia":[{"embeddable":true,"href":"https:\/\/olemosaic.com\/pt-pt\/wp-json\/wp\/v2\/media\/13968"}],"wp:attachment":[{"href":"https:\/\/olemosaic.com\/pt-pt\/wp-json\/wp\/v2\/media?parent=37373"}],"wp:term":[{"taxonomy":"product_brand","embeddable":true,"href":"https:\/\/olemosaic.com\/pt-pt\/wp-json\/wp\/v2\/product_brand?post=37373"},{"taxonomy":"product_cat","embeddable":true,"href":"https:\/\/olemosaic.com\/pt-pt\/wp-json\/wp\/v2\/product_cat?post=37373"},{"taxonomy":"product_tag","embeddable":true,"href":"https:\/\/olemosaic.com\/pt-pt\/wp-json\/wp\/v2\/product_tag?post=37373"}],"curies":[{"name":"wp","href":"https:\/\/api.w.org\/{rel}","templated":true}]}}