{"id":37372,"date":"2025-02-20T22:37:42","date_gmt":"2025-02-20T22:37:42","guid":{"rendered":"http:\/\/olemosaic.com\/producto\/iman-de-ceramica-sardinas-alicante-naranja\/"},"modified":"2025-07-25T19:07:53","modified_gmt":"2025-07-25T17:07:53","slug":"iman-de-ceramica-sardinhas-alicante-laranja","status":"publish","type":"product","link":"https:\/\/olemosaic.com\/pt-pt\/produto\/iman-de-ceramica-sardinhas-alicante-laranja\/","title":{"rendered":"\u00cdman de cer\u00e2mica. Sardinhas. Alicante. Laranja."},"content":{"rendered":"<p>\u00cdman de cer\u00e2mica com forma de sardinha de Alicante. Este colorido \u00edman \u00e9 um aut\u00eantico reflexo do encanto mediterr\u00e2nico da regi\u00e3o, com um design vibrante que combina tonalidades cor de laranja e azuis, evocando os padr\u00f5es cer\u00e2micos tradicionais t\u00e3o representativos da cultura local. A ilustra\u00e7\u00e3o da sardinha, um s\u00edmbolo importante da gastronomia e do folclore alicantinos, est\u00e1 adornada com detalhes intrincados que acrescentam profundidade e um toque art\u00edstico \u00e0 pe\u00e7a. O texto &#8220;Alicante&#8221; aparece com um estilo divertido, o que torna este \u00edman uma recorda\u00e7\u00e3o encantadora que real\u00e7a a ess\u00eancia alegre da cidade. Ideal para os amantes da cultura espanhola, este \u00edman n\u00e3o s\u00f3 embelezar\u00e1 qualquer frigor\u00edfico, como tamb\u00e9m servir\u00e1 como uma agrad\u00e1vel recorda\u00e7\u00e3o das f\u00e9rias nesta bela cidade costeira. Na Ol\u00e9 Mosaic, especializamo-nos na distribui\u00e7\u00e3o por grosso de souvenirs de cer\u00e2mica aut\u00eanticos e de qualidade, como este \u00edman de sardinha, que far\u00e1 as del\u00edcias dos seus clientes nas lojas de presentes tur\u00edsticos. Traga um toque de Alicante a cada casa e celebre a rica tradi\u00e7\u00e3o cultural desta regi\u00e3o.<\/p>\n","protected":false},"excerpt":{"rendered":"<p>\u00cdman de cer\u00e2mica com forma de sardinha, que representa o encanto de Alicante. Este colorido \u00edman destaca-se pelo seu design vibrante em tons de laranja e azul, com detalhes decorativos que evocam os tradicionais padr\u00f5es cer\u00e2micos da regi\u00e3o. Com a palavra &#8220;Alicante&#8221; escrita num estilo descontra\u00eddo, \u00e9 uma recorda\u00e7\u00e3o perfeita que capta a ess\u00eancia do folclore local e trar\u00e1 um toque mediterr\u00e2nico a qualquer frigor\u00edfico. Ideal para os amantes da cultura espanhola.<\/p>\n","protected":false},"featured_media":13967,"template":"","meta":{"_acf_changed":false},"product_brand":[],"product_cat":[699],"product_tag":[516,515],"class_list":{"0":"post-37372","1":"product","2":"type-product","3":"status-publish","4":"has-post-thumbnail","6":"product_cat-imanes","7":"product_tag-animais","8":"product_tag-ceramica","9":"pa_ciudad-alicante","10":"pa_motivo-sardinhas","11":"pa_pais-espana","13":"first","14":"instock","15":"shipping-taxable","16":"product-type-simple"},"acf":[],"_links":{"self":[{"href":"https:\/\/olemosaic.com\/pt-pt\/wp-json\/wp\/v2\/product\/37372","targetHints":{"allow":["GET"]}}],"collection":[{"href":"https:\/\/olemosaic.com\/pt-pt\/wp-json\/wp\/v2\/product"}],"about":[{"href":"https:\/\/olemosaic.com\/pt-pt\/wp-json\/wp\/v2\/types\/product"}],"wp:featuredmedia":[{"embeddable":true,"href":"https:\/\/olemosaic.com\/pt-pt\/wp-json\/wp\/v2\/media\/13967"}],"wp:attachment":[{"href":"https:\/\/olemosaic.com\/pt-pt\/wp-json\/wp\/v2\/media?parent=37372"}],"wp:term":[{"taxonomy":"product_brand","embeddable":true,"href":"https:\/\/olemosaic.com\/pt-pt\/wp-json\/wp\/v2\/product_brand?post=37372"},{"taxonomy":"product_cat","embeddable":true,"href":"https:\/\/olemosaic.com\/pt-pt\/wp-json\/wp\/v2\/product_cat?post=37372"},{"taxonomy":"product_tag","embeddable":true,"href":"https:\/\/olemosaic.com\/pt-pt\/wp-json\/wp\/v2\/product_tag?post=37372"}],"curies":[{"name":"wp","href":"https:\/\/api.w.org\/{rel}","templated":true}]}}