{"id":37371,"date":"2025-02-20T22:37:42","date_gmt":"2025-02-20T22:37:42","guid":{"rendered":"http:\/\/olemosaic.com\/producto\/iman-de-ceramica-sardinas-santander-multicolor\/"},"modified":"2025-07-25T19:57:12","modified_gmt":"2025-07-25T17:57:12","slug":"iman-de-ceramica-sardinhas-santander-multicolor","status":"publish","type":"product","link":"https:\/\/olemosaic.com\/pt-pt\/produto\/iman-de-ceramica-sardinhas-santander-multicolor\/","title":{"rendered":"\u00cdman de cer\u00e2mica. Sardinhas. Santander. Multicolor."},"content":{"rendered":"<p>\u00cdman de cer\u00e2mica com forma de sardinha. Este colorido \u00edman multicolor, que presta homenagem ao emblem\u00e1tico mar de Santander, \u00e9 a representa\u00e7\u00e3o perfeita da ess\u00eancia mar\u00edtima desta bela cidade. Elaborado em cer\u00e2mica, apresenta um design vibrante que atrai o olhar gra\u00e7as \u00e0s suas tonalidades amarelas, vermelhas, laranjas e azuis, que simulam as escamas do peixe. O contorno em forma de sardinha est\u00e1 adornado com detalhes art\u00edsticos que adicionam uma dimens\u00e3o l\u00fadica e alegre ao objeto. O texto &#8220;Santander&#8221; aparece impresso com um estilo divertido, real\u00e7ando a liga\u00e7\u00e3o com esta ic\u00f3nica cidade do norte de Espanha.<\/p>\n<p>Ideal para adornar qualquer superf\u00edcie met\u00e1lica, este \u00edman de cer\u00e2mica n\u00e3o s\u00f3 traz um toque de cor, como tamb\u00e9m evoca as recorda\u00e7\u00f5es de passeios pelo porto e degusta\u00e7\u00f5es da deliciosa gastronomia mar\u00edtima. Como uma recorda\u00e7\u00e3o aut\u00eantica, este produto reflete a cultura e a tradi\u00e7\u00e3o piscat\u00f3ria de Santander, tornando-se um excelente presente para turistas que procuram levar para casa um pedacinho da sua viagem. Na Ol\u00e9 Mosaic, especializamo-nos na distribui\u00e7\u00e3o de recorda\u00e7\u00f5es de cer\u00e2mica como esta, ideais para lojas de presentes tur\u00edsticos que desejem oferecer produtos aut\u00eanticos e significativos. Com este \u00edman de sardinha, a sua clientela poder\u00e1 apreciar a rica heran\u00e7a cultural de Santander de uma forma divertida e acess\u00edvel.<\/p>\n","protected":false},"excerpt":{"rendered":"<p>\u00cdman de cer\u00e2mica com forma de sardinha, que representa o mar emblem\u00e1tico de Santander. Este colorido \u00edman multicolor destaca-se pelo seu design vibrante, com tonalidades amarelas, vermelhas, laranjas e azuis que simulam as escamas do peixe, e o texto &#8220;Santander&#8221; impresso com um estilo divertido. Perfeito para adornar qualquer superf\u00edcie met\u00e1lica, esta recorda\u00e7\u00e3o captura a ess\u00eancia mar\u00edtima da regi\u00e3o e \u00e9 ideal para recordar as suas experi\u00eancias no norte de Espanha.<\/p>\n","protected":false},"featured_media":13966,"template":"","meta":{"_acf_changed":false},"product_brand":[],"product_cat":[699],"product_tag":[516,515],"class_list":{"0":"post-37371","1":"product","2":"type-product","3":"status-publish","4":"has-post-thumbnail","6":"product_cat-imanes","7":"product_tag-animais","8":"product_tag-ceramica","9":"pa_ciudad-santander","10":"pa_motivo-sardinhas","11":"pa_pais-espana","13":"first","14":"instock","15":"shipping-taxable","16":"product-type-simple"},"acf":[],"_links":{"self":[{"href":"https:\/\/olemosaic.com\/pt-pt\/wp-json\/wp\/v2\/product\/37371","targetHints":{"allow":["GET"]}}],"collection":[{"href":"https:\/\/olemosaic.com\/pt-pt\/wp-json\/wp\/v2\/product"}],"about":[{"href":"https:\/\/olemosaic.com\/pt-pt\/wp-json\/wp\/v2\/types\/product"}],"wp:featuredmedia":[{"embeddable":true,"href":"https:\/\/olemosaic.com\/pt-pt\/wp-json\/wp\/v2\/media\/13966"}],"wp:attachment":[{"href":"https:\/\/olemosaic.com\/pt-pt\/wp-json\/wp\/v2\/media?parent=37371"}],"wp:term":[{"taxonomy":"product_brand","embeddable":true,"href":"https:\/\/olemosaic.com\/pt-pt\/wp-json\/wp\/v2\/product_brand?post=37371"},{"taxonomy":"product_cat","embeddable":true,"href":"https:\/\/olemosaic.com\/pt-pt\/wp-json\/wp\/v2\/product_cat?post=37371"},{"taxonomy":"product_tag","embeddable":true,"href":"https:\/\/olemosaic.com\/pt-pt\/wp-json\/wp\/v2\/product_tag?post=37371"}],"curies":[{"name":"wp","href":"https:\/\/api.w.org\/{rel}","templated":true}]}}