{"id":37370,"date":"2025-02-20T22:37:42","date_gmt":"2025-02-20T22:37:42","guid":{"rendered":"http:\/\/olemosaic.com\/producto\/iman-de-ceramica-sardinas-valencia-multicolor\/"},"modified":"2025-07-25T23:21:19","modified_gmt":"2025-07-25T21:21:19","slug":"iman-de-ceramica-sardinhas-valencia-multicolor","status":"publish","type":"product","link":"https:\/\/olemosaic.com\/pt-pt\/produto\/iman-de-ceramica-sardinhas-valencia-multicolor\/","title":{"rendered":"\u00cdman de cer\u00e2mica. Sardinhas. Val\u00eancia. Multicolor."},"content":{"rendered":"<p>Este \u00edman de cer\u00e2mica com forma de sardinha \u00e9 uma aut\u00eantica recorda\u00e7\u00e3o de Val\u00eancia, desenhado para capturar a ess\u00eancia da rica tradi\u00e7\u00e3o piscat\u00f3ria da regi\u00e3o. Com um design vibrante e colorido, este \u00edman apresenta escamas numa paleta de tons amarelos, laranjas, vermelhos, azuis e verdes, que adicionam um toque alegre e luminoso a qualquer superf\u00edcie met\u00e1lica, como frigor\u00edficos ou quadros magn\u00e9ticos. A forma estilizada da sardinha, um s\u00edmbolo ic\u00f3nico da gastronomia e da cultura valenciana, est\u00e1 decorada com a palavra &#8220;VALENCIA&#8221; num estilo divertido, o que a torna uma pe\u00e7a facilmente reconhec\u00edvel e cativante.<\/p>\n<p>Este \u00edman n\u00e3o s\u00f3 \u00e9 um objeto decorativo, como tamb\u00e9m representa o orgulho local e a vitalidade do litoral valenciano, onde a pesca e a cozinha mediterr\u00e2nica s\u00e3o fundamentais na vida quotidiana. \u00c9 uma recorda\u00e7\u00e3o ideal para turistas que procuram levar um pedacinho de Val\u00eancia, real\u00e7ando a sua liga\u00e7\u00e3o com a cultura gastron\u00f3mica e o mar que rodeia a cidade.<\/p>\n<p>Na Ol\u00e9 Mosaic, oferecemos recorda\u00e7\u00f5es de cer\u00e2mica aut\u00eanticas e representativas, e este \u00edman de sardinha \u00e9 uma op\u00e7\u00e3o perfeita para lojas de presentes tur\u00edsticos que desejam oferecer produtos de qualidade e com significado. Com a sua originalidade e apelo visual, este \u00edman de sardinha valenciana \u00e9 uma excelente ideia para quem procura uma recorda\u00e7\u00e3o t\u00edpica e culturalmente relevante.<\/p>\n","protected":false},"excerpt":{"rendered":"<p>\u00cdman de cer\u00e2mica com forma de sardinha, inspirado na tradi\u00e7\u00e3o piscat\u00f3ria de Val\u00eancia. Este colorido \u00edman apresenta um design multicolor com escamas em tons de amarelo, laranja, vermelho, azul e verde, que adiciona um toque vibrante a qualquer superf\u00edcie met\u00e1lica. Decorado com a palavra &#8220;VALENCIA&#8221;, \u00e9 a recorda\u00e7\u00e3o perfeita para capturar a ess\u00eancia do litoral valenciano e a sua rica cultura gastron\u00f3mica.<\/p>\n","protected":false},"featured_media":12106,"template":"","meta":{"_acf_changed":false},"product_brand":[],"product_cat":[699],"product_tag":[516,515],"class_list":{"0":"post-37370","1":"product","2":"type-product","3":"status-publish","4":"has-post-thumbnail","6":"product_cat-imanes","7":"product_tag-animais","8":"product_tag-ceramica","9":"pa_ciudad-valencia","10":"pa_motivo-sardinhas","11":"pa_pais-espana","13":"first","14":"instock","15":"shipping-taxable","16":"product-type-simple"},"acf":[],"_links":{"self":[{"href":"https:\/\/olemosaic.com\/pt-pt\/wp-json\/wp\/v2\/product\/37370","targetHints":{"allow":["GET"]}}],"collection":[{"href":"https:\/\/olemosaic.com\/pt-pt\/wp-json\/wp\/v2\/product"}],"about":[{"href":"https:\/\/olemosaic.com\/pt-pt\/wp-json\/wp\/v2\/types\/product"}],"wp:featuredmedia":[{"embeddable":true,"href":"https:\/\/olemosaic.com\/pt-pt\/wp-json\/wp\/v2\/media\/12106"}],"wp:attachment":[{"href":"https:\/\/olemosaic.com\/pt-pt\/wp-json\/wp\/v2\/media?parent=37370"}],"wp:term":[{"taxonomy":"product_brand","embeddable":true,"href":"https:\/\/olemosaic.com\/pt-pt\/wp-json\/wp\/v2\/product_brand?post=37370"},{"taxonomy":"product_cat","embeddable":true,"href":"https:\/\/olemosaic.com\/pt-pt\/wp-json\/wp\/v2\/product_cat?post=37370"},{"taxonomy":"product_tag","embeddable":true,"href":"https:\/\/olemosaic.com\/pt-pt\/wp-json\/wp\/v2\/product_tag?post=37370"}],"curies":[{"name":"wp","href":"https:\/\/api.w.org\/{rel}","templated":true}]}}