{"id":37368,"date":"2025-02-20T23:37:41","date_gmt":"2025-02-20T22:37:41","guid":{"rendered":"http:\/\/olemosaic.com\/producto\/iman-de-ceramica-sardina-bilbao-verde\/"},"modified":"2025-07-25T18:44:22","modified_gmt":"2025-07-25T16:44:22","slug":"iman-de-ceramica-sardinha-bilbau-verde","status":"publish","type":"product","link":"https:\/\/olemosaic.com\/pt-pt\/produto\/iman-de-ceramica-sardinha-bilbau-verde\/","title":{"rendered":"\u00cdman de cer\u00e2mica. Sardinha. Bilbau. Verde."},"content":{"rendered":"<p>Este \u00edman de cer\u00e2mica com forma de sardinha \u00e9 uma recorda\u00e7\u00e3o encantadora que captura a ess\u00eancia da tradi\u00e7\u00e3o culin\u00e1ria de Bilbau. Com um design vibrante em tons de verde e azul, destaca-se n\u00e3o s\u00f3 pela sua est\u00e9tica, mas tamb\u00e9m pela rica heran\u00e7a cultural que representa. Decorado com motivos geom\u00e9tricos e florais, evoca a cer\u00e2mica artesanal t\u00edpica da regi\u00e3o, sendo uma pe\u00e7a visualmente atrativa que trar\u00e1 um toque de cor a qualquer superf\u00edcie met\u00e1lica.<\/p>\n<p>A figura da sardinha \u00e9 emblem\u00e1tica na gastronomia de Bilbau, famosa pela sua frescura e pelo seu papel na deliciosa cozinha local. A palavra &#8220;Bilbao&#8221; aparece de forma alegre no design, o que refor\u00e7a a liga\u00e7\u00e3o com esta ic\u00f3nica cidade do norte de Espanha. Este \u00edman n\u00e3o s\u00f3 funciona como um pr\u00e1tico acess\u00f3rio decorativo, como tamb\u00e9m se torna um s\u00edmbolo do calor e do car\u00e1cter distintivo da regi\u00e3o.<\/p>\n<p>Na Ol\u00e9 Mosaic, orgulhamo-nos de oferecer recorda\u00e7\u00f5es aut\u00eanticas de Bilbau, ideais para os turistas que procuram uma lembran\u00e7a que reflita a cultura local. Este \u00edman de cer\u00e2mica \u00e9 uma excelente op\u00e7\u00e3o para lojas de presentes tur\u00edsticos que desejem oferecer produtos de qualidade e relev\u00e2ncia cultural. Como distribuidores de recorda\u00e7\u00f5es, garantimos a autenticidade e o design muito especial em cada pe\u00e7a, assegurando uma experi\u00eancia memor\u00e1vel para quem desejar levar um pedacinho de Bilbau para as suas casas.<\/p>\n","protected":false},"excerpt":{"rendered":"<p>\u00cdman de cer\u00e2mica com forma de sardinha, inspirado na tradi\u00e7\u00e3o culin\u00e1ria de Bilbau. Este colorido \u00edman apresenta um design vibrante em tons de verde e azul, decorado com motivos geom\u00e9tricos e florais que evocam a cer\u00e2mica artesanal da regi\u00e3o. A palavra &#8220;Bilbao&#8221; est\u00e1 impressa num estilo alegre, destacando a sua liga\u00e7\u00e3o com a ic\u00f3nica cidade do norte de Espanha. Ideal para dar um toque de cor a qualquer superf\u00edcie met\u00e1lica.<\/p>\n","protected":false},"featured_media":13965,"template":"","meta":{"_acf_changed":false},"product_brand":[],"product_cat":[699],"product_tag":[516,515],"class_list":{"0":"post-37368","1":"product","2":"type-product","3":"status-publish","4":"has-post-thumbnail","6":"product_cat-imanes","7":"product_tag-animais","8":"product_tag-ceramica","9":"pa_ciudad-bilbao","10":"pa_motivo-sardinhas","11":"pa_pais-espana","13":"first","14":"instock","15":"shipping-taxable","16":"product-type-simple"},"acf":[],"_links":{"self":[{"href":"https:\/\/olemosaic.com\/pt-pt\/wp-json\/wp\/v2\/product\/37368","targetHints":{"allow":["GET"]}}],"collection":[{"href":"https:\/\/olemosaic.com\/pt-pt\/wp-json\/wp\/v2\/product"}],"about":[{"href":"https:\/\/olemosaic.com\/pt-pt\/wp-json\/wp\/v2\/types\/product"}],"wp:featuredmedia":[{"embeddable":true,"href":"https:\/\/olemosaic.com\/pt-pt\/wp-json\/wp\/v2\/media\/13965"}],"wp:attachment":[{"href":"https:\/\/olemosaic.com\/pt-pt\/wp-json\/wp\/v2\/media?parent=37368"}],"wp:term":[{"taxonomy":"product_brand","embeddable":true,"href":"https:\/\/olemosaic.com\/pt-pt\/wp-json\/wp\/v2\/product_brand?post=37368"},{"taxonomy":"product_cat","embeddable":true,"href":"https:\/\/olemosaic.com\/pt-pt\/wp-json\/wp\/v2\/product_cat?post=37368"},{"taxonomy":"product_tag","embeddable":true,"href":"https:\/\/olemosaic.com\/pt-pt\/wp-json\/wp\/v2\/product_tag?post=37368"}],"curies":[{"name":"wp","href":"https:\/\/api.w.org\/{rel}","templated":true}]}}