{"id":37367,"date":"2025-02-20T22:37:41","date_gmt":"2025-02-20T22:37:41","guid":{"rendered":"http:\/\/olemosaic.com\/producto\/iman-de-ceramica-sardinas-mallorca-naranja\/"},"modified":"2025-07-25T18:38:58","modified_gmt":"2025-07-25T16:38:58","slug":"iman-de-ceramica-sardinhas-maiorca-laranja","status":"publish","type":"product","link":"https:\/\/olemosaic.com\/pt-pt\/produto\/iman-de-ceramica-sardinhas-maiorca-laranja\/","title":{"rendered":"\u00cdman de cer\u00e2mica. Sardinhas. Maiorca. Laranja."},"content":{"rendered":"<p>Este \u00edman de cer\u00e2mica com forma de sardinha \u00e9 uma vibrante homenagem \u00e0 tradi\u00e7\u00e3o balear de Maiorca, uma recorda\u00e7\u00e3o aut\u00eantica que captura a ess\u00eancia do Mediterr\u00e2neo. Elaborado com cer\u00e2mica de alta qualidade, este colorido \u00edman apresenta um design cativante em tons de laranja e azul, que evoca as cores vivas das costas de Maiorca. A sardinha, um s\u00edmbolo da rica gastronomia local, est\u00e1 decorada com motivos florais e geom\u00e9tricos que recordam a cer\u00e2mica t\u00edpica de la regi\u00e3o, real\u00e7ando assim a destreza artesanal que caracteriza os produtos de Maiorca.<\/p>\n<p>Com a palavra &#8220;MAIORCA&#8221; impressa num estilo apelativo, este \u00edman n\u00e3o s\u00f3 \u00e9 um elemento decorativo para o frigor\u00edfico, como tamb\u00e9m \u00e9 uma recorda\u00e7\u00e3o representativa das suas experi\u00eancias na ilha. A sua forma singular e o elaborado trabalho art\u00edstico fazem deste \u00edman um excelente presente para quem procura recorda\u00e7\u00f5es de alta qualidade e com significado cultural. Na Ol\u00e9 Mosaic, como distribuidores de recorda\u00e7\u00f5es por grosso, oferecemos este encantador \u00edman de sardinha, ideal para lojas de presentes tur\u00edsticos que valorizam a autenticidade e a beleza dos produtos locais. Com este \u00edman de cer\u00e2mica, cada visitante pode levar consigo um pedacinho da magia de Maiorca.<\/p>\n","protected":false},"excerpt":{"rendered":"<p>\u00cdman de cer\u00e2mica com forma de sardinha, inspirado na tradi\u00e7\u00e3o balear de Maiorca. Este colorido \u00edman apresenta um design vibrante em tons de laranja e azul, adornado com motivos florais e geom\u00e9tricos que evocam a cer\u00e2mica local. Com a palavra &#8220;MAIORCA&#8221; estampada num estilo apelativo, esta recorda\u00e7\u00e3o artesanal captura a ess\u00eancia do mar Mediterr\u00e2neo e \u00e9 perfeita para adicionar um toque de cor ao frigor\u00edfico.<\/p>\n","protected":false},"featured_media":12113,"template":"","meta":{"_acf_changed":false},"product_brand":[],"product_cat":[699],"product_tag":[516,515],"class_list":{"0":"post-37367","1":"product","2":"type-product","3":"status-publish","4":"has-post-thumbnail","6":"product_cat-imanes","7":"product_tag-animais","8":"product_tag-ceramica","9":"pa_ciudad-mallorca","10":"pa_motivo-sardinhas","11":"pa_pais-espana","13":"first","14":"instock","15":"shipping-taxable","16":"product-type-simple"},"acf":[],"_links":{"self":[{"href":"https:\/\/olemosaic.com\/pt-pt\/wp-json\/wp\/v2\/product\/37367","targetHints":{"allow":["GET"]}}],"collection":[{"href":"https:\/\/olemosaic.com\/pt-pt\/wp-json\/wp\/v2\/product"}],"about":[{"href":"https:\/\/olemosaic.com\/pt-pt\/wp-json\/wp\/v2\/types\/product"}],"wp:featuredmedia":[{"embeddable":true,"href":"https:\/\/olemosaic.com\/pt-pt\/wp-json\/wp\/v2\/media\/12113"}],"wp:attachment":[{"href":"https:\/\/olemosaic.com\/pt-pt\/wp-json\/wp\/v2\/media?parent=37367"}],"wp:term":[{"taxonomy":"product_brand","embeddable":true,"href":"https:\/\/olemosaic.com\/pt-pt\/wp-json\/wp\/v2\/product_brand?post=37367"},{"taxonomy":"product_cat","embeddable":true,"href":"https:\/\/olemosaic.com\/pt-pt\/wp-json\/wp\/v2\/product_cat?post=37367"},{"taxonomy":"product_tag","embeddable":true,"href":"https:\/\/olemosaic.com\/pt-pt\/wp-json\/wp\/v2\/product_tag?post=37367"}],"curies":[{"name":"wp","href":"https:\/\/api.w.org\/{rel}","templated":true}]}}