{"id":37365,"date":"2025-02-20T22:37:41","date_gmt":"2025-02-20T22:37:41","guid":{"rendered":"http:\/\/olemosaic.com\/producto\/iman-de-ceramica-sardinas-alicante-azul\/"},"modified":"2025-07-25T19:56:52","modified_gmt":"2025-07-25T17:56:52","slug":"iman-de-ceramica-sardinhas-alicante-azul","status":"publish","type":"product","link":"https:\/\/olemosaic.com\/pt-pt\/produto\/iman-de-ceramica-sardinhas-alicante-azul\/","title":{"rendered":"\u00cdman de cer\u00e2mica. Sardinhas. Alicante. Azul."},"content":{"rendered":"<p>Este \u00edman de cer\u00e2mica com forma de sardinha \u00e9 uma encantadora lembran\u00e7a que captura a ess\u00eancia de Alicante, uma joia do Mediterr\u00e2neo. O seu design vibrante, em tons azuis, transporta-nos para as \u00e1guas turquesa que banham esta bela cidade costeira. Os elaborados padr\u00f5es decorativos que adornam a superf\u00edcie do \u00edman evocam os tradicionais azulejos de Alicante, fundindo arte e cultura numa pe\u00e7a \u00fanica. Num dos seus laterais, a palavra &#8220;ALICANTE&#8221; brilha em letras multicolores, adicionando um toque alegre que reflete a vitalidade e a diversidade desta regi\u00e3o costeira.<\/p>\n<p>A sardinha, um s\u00edmbolo da rica tradi\u00e7\u00e3o piscat\u00f3ria de Alicante, torna este \u00edman numa recorda\u00e7\u00e3o representativa da cultura local. \u00c9 perfeito para aqueles turistas que desejam levar um peda\u00e7o do encanto mediterr\u00e2nico para as suas casas. Com o seu acabamento brilhante e detalhes delicadamente cuidados, este \u00edman de cer\u00e2mica n\u00e3o \u00e9 apenas funcional, mas tamb\u00e9m confere valor decorativo a qualquer espa\u00e7o.<\/p>\n<p>Na Ol\u00e9 Mosaic, especializamo-nos na distribui\u00e7\u00e3o de lembran\u00e7as por grosso, e este \u00edman de sardinha \u00e9 uma excelente op\u00e7\u00e3o para lojas de presentes tur\u00edsticos. Atraia os amantes do mar e da tradi\u00e7\u00e3o com esta aut\u00eantica lembran\u00e7a de Alicante, que se destaca como uma bela recorda\u00e7\u00e3o cultural e art\u00edstica.<\/p>\n","protected":false},"excerpt":{"rendered":"<p>\u00cdman de cer\u00e2mica com forma de sardinha, inspirado na cultura de Alicante. Este colorido \u00edman destaca-se pelo seu design em tons azuis e pelos seus elaborados motivos decorativos, que evocam os azulejos t\u00edpicos da regi\u00e3o. Num dos lados foi estampada a palavra &#8220;ALICANTE&#8221; em letras multicolores, adicionando um toque vibrante. Ideal para evocar os encantos mediterr\u00e2nicos, este \u00edman \u00e9 uma lembran\u00e7a perfeita para os amantes do mar e da tradi\u00e7\u00e3o.<\/p>\n","protected":false},"featured_media":13963,"template":"","meta":{"_acf_changed":false},"product_brand":[],"product_cat":[699],"product_tag":[516,515],"class_list":{"0":"post-37365","1":"product","2":"type-product","3":"status-publish","4":"has-post-thumbnail","6":"product_cat-imanes","7":"product_tag-animais","8":"product_tag-ceramica","9":"pa_ciudad-alicante","10":"pa_motivo-sardinhas","11":"pa_pais-espana","13":"first","14":"instock","15":"shipping-taxable","16":"product-type-simple"},"acf":[],"_links":{"self":[{"href":"https:\/\/olemosaic.com\/pt-pt\/wp-json\/wp\/v2\/product\/37365","targetHints":{"allow":["GET"]}}],"collection":[{"href":"https:\/\/olemosaic.com\/pt-pt\/wp-json\/wp\/v2\/product"}],"about":[{"href":"https:\/\/olemosaic.com\/pt-pt\/wp-json\/wp\/v2\/types\/product"}],"wp:featuredmedia":[{"embeddable":true,"href":"https:\/\/olemosaic.com\/pt-pt\/wp-json\/wp\/v2\/media\/13963"}],"wp:attachment":[{"href":"https:\/\/olemosaic.com\/pt-pt\/wp-json\/wp\/v2\/media?parent=37365"}],"wp:term":[{"taxonomy":"product_brand","embeddable":true,"href":"https:\/\/olemosaic.com\/pt-pt\/wp-json\/wp\/v2\/product_brand?post=37365"},{"taxonomy":"product_cat","embeddable":true,"href":"https:\/\/olemosaic.com\/pt-pt\/wp-json\/wp\/v2\/product_cat?post=37365"},{"taxonomy":"product_tag","embeddable":true,"href":"https:\/\/olemosaic.com\/pt-pt\/wp-json\/wp\/v2\/product_tag?post=37365"}],"curies":[{"name":"wp","href":"https:\/\/api.w.org\/{rel}","templated":true}]}}