{"id":37363,"date":"2025-02-20T22:37:41","date_gmt":"2025-02-20T22:37:41","guid":{"rendered":"http:\/\/olemosaic.com\/producto\/iman-de-ceramica-sardinas-valencia-azul\/"},"modified":"2025-07-25T18:48:23","modified_gmt":"2025-07-25T16:48:23","slug":"iman-de-ceramica-sardinhas-valencia-azul","status":"publish","type":"product","link":"https:\/\/olemosaic.com\/pt-pt\/produto\/iman-de-ceramica-sardinhas-valencia-azul\/","title":{"rendered":"\u00cdman de cer\u00e2mica. Sardinhas. Val\u00eancia. Azul."},"content":{"rendered":"<p>Este \u00edman de cer\u00e2mica com forma de sardinha \u00e9 uma encantadora recorda\u00e7\u00e3o que representa a vibrante ess\u00eancia de Val\u00eancia e a sua rica cultura mediterr\u00e2nica. Elaborado com cer\u00e2mica de alta qualidade, o \u00edman apresenta um design atraente em tons azuis que evocam as \u00e1guas do Mediterr\u00e2neo. A sua forma estilizada de sardinha, um s\u00edmbolo tradicional da gastronomia valenciana, est\u00e1 adornada com detalhes decorativos intrincados que prestam homenagem \u00e0 cer\u00e2mica artesanal da regi\u00e3o. Num dos seus laterais, destaca-se o nome &#8220;Val\u00eancia&#8221; em letras coloridas, conferindo um toque divertido e distintivo.<\/p>\n<p>Este \u00edman n\u00e3o serve apenas como um acess\u00f3rio decorativo para frigor\u00edficos e superf\u00edcies met\u00e1licas, mas tamb\u00e9m atua como um lembrete constante da rica tradi\u00e7\u00e3o mar\u00edtima de Val\u00eancia. \u00c9 uma recorda\u00e7\u00e3o ideal para quem deseja levar um pedacinho desta encantadora cidade. Na Ol\u00e9 Mosaic, como grossista de lembran\u00e7as, oferecemos produtos aut\u00eanticos que capturam a identidade cultural de Espanha. Este \u00edman de sardinha \u00e9 uma excelente op\u00e7\u00e3o para lojas de presentes tur\u00edsticos que procuram oferecer aos seus clientes recorda\u00e7\u00f5es aut\u00eanticas e representativas de Val\u00eancia e da sua cultura mediterr\u00e2nica.<\/p>\n","protected":false},"excerpt":{"rendered":"<p>\u00cdman de cer\u00e2mica com forma de sardinha, inspirado no mar Mediterr\u00e2neo e na cultura valenciana. Este atraente \u00edman apresenta um design azul vibrante com detalhes decorativos intrincados que lembram a cer\u00e2mica tradicional da regi\u00e3o. Com a palavra &#8220;Val\u00eancia&#8221; escrita em cores num lateral, esta lembran\u00e7a captura a ess\u00eancia da cidade, tornando-se uma encantadora pe\u00e7a decorativa para qualquer frigor\u00edfico ou superf\u00edcie met\u00e1lica. \u00c9 ideal para recordar momentos de viagem e a rica tradi\u00e7\u00e3o mar\u00edtima de Val\u00eancia.<\/p>\n","protected":false},"featured_media":12109,"template":"","meta":{"_acf_changed":false},"product_brand":[],"product_cat":[699],"product_tag":[516,515],"class_list":{"0":"post-37363","1":"product","2":"type-product","3":"status-publish","4":"has-post-thumbnail","6":"product_cat-imanes","7":"product_tag-animais","8":"product_tag-ceramica","9":"pa_ciudad-valencia","10":"pa_motivo-sardinhas","11":"pa_pais-espana","13":"first","14":"instock","15":"shipping-taxable","16":"product-type-simple"},"acf":[],"_links":{"self":[{"href":"https:\/\/olemosaic.com\/pt-pt\/wp-json\/wp\/v2\/product\/37363","targetHints":{"allow":["GET"]}}],"collection":[{"href":"https:\/\/olemosaic.com\/pt-pt\/wp-json\/wp\/v2\/product"}],"about":[{"href":"https:\/\/olemosaic.com\/pt-pt\/wp-json\/wp\/v2\/types\/product"}],"wp:featuredmedia":[{"embeddable":true,"href":"https:\/\/olemosaic.com\/pt-pt\/wp-json\/wp\/v2\/media\/12109"}],"wp:attachment":[{"href":"https:\/\/olemosaic.com\/pt-pt\/wp-json\/wp\/v2\/media?parent=37363"}],"wp:term":[{"taxonomy":"product_brand","embeddable":true,"href":"https:\/\/olemosaic.com\/pt-pt\/wp-json\/wp\/v2\/product_brand?post=37363"},{"taxonomy":"product_cat","embeddable":true,"href":"https:\/\/olemosaic.com\/pt-pt\/wp-json\/wp\/v2\/product_cat?post=37363"},{"taxonomy":"product_tag","embeddable":true,"href":"https:\/\/olemosaic.com\/pt-pt\/wp-json\/wp\/v2\/product_tag?post=37363"}],"curies":[{"name":"wp","href":"https:\/\/api.w.org\/{rel}","templated":true}]}}