{"id":37362,"date":"2025-02-20T23:37:40","date_gmt":"2025-02-20T22:37:40","guid":{"rendered":"http:\/\/olemosaic.com\/producto\/iman-de-ceramica-sardinas-multicolor\/"},"modified":"2025-07-25T20:23:57","modified_gmt":"2025-07-25T18:23:57","slug":"iman-de-ceramica-sardinhas-multicolor","status":"publish","type":"product","link":"https:\/\/olemosaic.com\/pt-pt\/produto\/iman-de-ceramica-sardinhas-multicolor\/","title":{"rendered":"\u00cdman de cer\u00e2mica. Sardinhas. Multicolor."},"content":{"rendered":"<p>Este colorido \u00edman de cer\u00e2mica com forma de sardinha \u00e9 uma lembran\u00e7a emblem\u00e1tica que captura a ess\u00eancia do litoral espanhol. Com o seu design vibrante e multicolor, cada \u00edman destaca-se pela sua decora\u00e7\u00e3o cuidada, que evoca as escamas do peixe, com efeito pintado \u00e0 m\u00e3o com um esmero excecional que garante que cada pe\u00e7a seja \u00fanica. A sardinha, um elemento central na gastronomia mediterr\u00e2nica, simboliza a rica tradi\u00e7\u00e3o piscat\u00f3ria das costas ib\u00e9ricas, tornando este \u00edman n\u00e3o apenas num objeto decorativo, mas num aut\u00eantico lembrete das del\u00edcias do mar.<\/p>\n<p>O amarelo brilhante da cabe\u00e7a da sardinha contrasta magistralmente com os tons sedosos de vermelho, azul e verde do seu corpo, criando uma pe\u00e7a alegre e cativante que animar\u00e1 qualquer superf\u00edcie met\u00e1lica, desde frigor\u00edficos a quadros de corti\u00e7a. Ideal para viajantes e amantes do essencialmente espanhol, este \u00edman \u00e9 uma excelente op\u00e7\u00e3o para quem procura lembran\u00e7as aut\u00eanticas que representem a cultura mar\u00edtima de Espanha.<\/p>\n<p>Na Ol\u00e9 Mosaic, especializamo-nos na distribui\u00e7\u00e3o de lembran\u00e7as de cer\u00e2mica por grosso, oferecendo produtos que n\u00e3o s\u00e3o apenas decorativos, mas tamb\u00e9m recorda\u00e7\u00f5es significativas e representativas da rica cultura espanhola. Este \u00edman de sardinha \u00e9 perfeito para lojas de presentes tur\u00edsticos que desejem oferecer aos seus clientes um fragmento do mar nas suas casas.<\/p>\n","protected":false},"excerpt":{"rendered":"<p>\u00cdman de cer\u00e2mica com forma de sardinha, perfeito para levar um pedacinho do mar para casa. Este colorido \u00edman destaca-se pelos seus tons vibrantes e multicolores, que representam as escamas da sardinha, com um design que evoca a tradi\u00e7\u00e3o piscat\u00f3ria do litoral espanhol. Pintado com estilo artesanal, cada pe\u00e7a \u00e9 \u00fanica, capturando la ess\u00eancia da cultura mar\u00edtima. Ideal como recorda\u00e7\u00e3o das costas ib\u00e9ricas ou para adicionar um toque alegre ao seu frigor\u00edfico.<\/p>\n","protected":false},"featured_media":8942,"template":"","meta":{"_acf_changed":false},"product_brand":[],"product_cat":[699],"product_tag":[516,515],"class_list":{"0":"post-37362","1":"product","2":"type-product","3":"status-publish","4":"has-post-thumbnail","6":"product_cat-imanes","7":"product_tag-animais","8":"product_tag-ceramica","9":"pa_motivo-sardinhas","11":"first","12":"instock","13":"shipping-taxable","14":"product-type-simple"},"acf":[],"_links":{"self":[{"href":"https:\/\/olemosaic.com\/pt-pt\/wp-json\/wp\/v2\/product\/37362","targetHints":{"allow":["GET"]}}],"collection":[{"href":"https:\/\/olemosaic.com\/pt-pt\/wp-json\/wp\/v2\/product"}],"about":[{"href":"https:\/\/olemosaic.com\/pt-pt\/wp-json\/wp\/v2\/types\/product"}],"wp:featuredmedia":[{"embeddable":true,"href":"https:\/\/olemosaic.com\/pt-pt\/wp-json\/wp\/v2\/media\/8942"}],"wp:attachment":[{"href":"https:\/\/olemosaic.com\/pt-pt\/wp-json\/wp\/v2\/media?parent=37362"}],"wp:term":[{"taxonomy":"product_brand","embeddable":true,"href":"https:\/\/olemosaic.com\/pt-pt\/wp-json\/wp\/v2\/product_brand?post=37362"},{"taxonomy":"product_cat","embeddable":true,"href":"https:\/\/olemosaic.com\/pt-pt\/wp-json\/wp\/v2\/product_cat?post=37362"},{"taxonomy":"product_tag","embeddable":true,"href":"https:\/\/olemosaic.com\/pt-pt\/wp-json\/wp\/v2\/product_tag?post=37362"}],"curies":[{"name":"wp","href":"https:\/\/api.w.org\/{rel}","templated":true}]}}