{"id":37360,"date":"2025-02-20T22:37:40","date_gmt":"2025-02-20T22:37:40","guid":{"rendered":"http:\/\/olemosaic.com\/producto\/iman-de-ceramica-sardinas-mallorca-rojo\/"},"modified":"2025-07-25T18:51:45","modified_gmt":"2025-07-25T16:51:45","slug":"iman-de-ceramica-sardinhas-maiorca-vermelho","status":"publish","type":"product","link":"https:\/\/olemosaic.com\/pt-pt\/produto\/iman-de-ceramica-sardinhas-maiorca-vermelho\/","title":{"rendered":"\u00cdman de cer\u00e2mica. Sardinhas. Maiorca. Vermelho."},"content":{"rendered":"<p>Este \u00edman de cer\u00e2mica em forma de sardinha \u00e9 uma atraente recorda\u00e7\u00e3o que capta a ess\u00eancia de Maiorca, uma das joias do Mediterr\u00e2neo. Com um design vibrante em tons de vermelho e azul, esta engenhosa recorda\u00e7\u00e3o evoca a rica cultura mar\u00edtima da ilha, tornando-se uma excelente homenagem \u00e0 sua tradi\u00e7\u00e3o. A sardinha, um s\u00edmbolo ic\u00f3nico da gastronomia local, est\u00e1 ilustrada com intrincados detalhes que parecem dan\u00e7ar \u00e0 luz, criando uma pe\u00e7a decorativa e funcional ao mesmo tempo. O texto &#8220;MALLORCA&#8221;, resplandecente em amarelo, complementa o design, captando a aten\u00e7\u00e3o e acrescentando um toque de modernidade a esta recorda\u00e7\u00e3o artesanal.<\/p>\n<p>Este \u00edman n\u00e3o s\u00f3 \u00e9 ideal para adornar o frigor\u00edfico ou qualquer superf\u00edcie met\u00e1lica do seu lar, como tamb\u00e9m atua como um lembrete constante dos dias ensolarados e das \u00e1guas cristalinas das praias maiorquinas. A sua autenticidade como recorda\u00e7\u00e3o torna-o um presente perfeito para os turistas que desejem levar uma parte da experi\u00eancia balear. Na Ol\u00e9 Mosaic, especializamo-nos na distribui\u00e7\u00e3o de recorda\u00e7\u00f5es por grosso, e este \u00edman de sardinha representa uma excelente op\u00e7\u00e3o para lojas de presentes tur\u00edsticos que procuram produtos \u00fanicos e representativos da cultura espanhola. Com este \u00edman, os visitantes de Maiorca podem desfrutar de um pedacinho da ilha em cada olhar.<\/p>\n","protected":false},"excerpt":{"rendered":"<p>\u00cdman de cer\u00e2mica em forma de sardinha, decorado com um design vibrante em tons de vermelho e azul que evoca a cultura mediterr\u00e2nica de Maiorca. Este atraente \u00edman apresenta intrincados detalhes e o texto &#8220;MALLORCA&#8221; em cor amarela, fundindo tradi\u00e7\u00e3o e modernidade. Ideal para recordar as suas f\u00e9rias nas Ilhas Baleares, este \u00edman \u00e9 uma pe\u00e7a decorativa e funcional que confere um toque quente a qualquer frigor\u00edfico ou superf\u00edcie met\u00e1lica.<\/p>\n","protected":false},"featured_media":12112,"template":"","meta":{"_acf_changed":false},"product_brand":[],"product_cat":[699],"product_tag":[516,515],"class_list":{"0":"post-37360","1":"product","2":"type-product","3":"status-publish","4":"has-post-thumbnail","6":"product_cat-imanes","7":"product_tag-animais","8":"product_tag-ceramica","9":"pa_ciudad-mallorca","10":"pa_motivo-sardinhas","11":"pa_pais-espana","13":"first","14":"instock","15":"shipping-taxable","16":"product-type-simple"},"acf":[],"_links":{"self":[{"href":"https:\/\/olemosaic.com\/pt-pt\/wp-json\/wp\/v2\/product\/37360","targetHints":{"allow":["GET"]}}],"collection":[{"href":"https:\/\/olemosaic.com\/pt-pt\/wp-json\/wp\/v2\/product"}],"about":[{"href":"https:\/\/olemosaic.com\/pt-pt\/wp-json\/wp\/v2\/types\/product"}],"wp:featuredmedia":[{"embeddable":true,"href":"https:\/\/olemosaic.com\/pt-pt\/wp-json\/wp\/v2\/media\/12112"}],"wp:attachment":[{"href":"https:\/\/olemosaic.com\/pt-pt\/wp-json\/wp\/v2\/media?parent=37360"}],"wp:term":[{"taxonomy":"product_brand","embeddable":true,"href":"https:\/\/olemosaic.com\/pt-pt\/wp-json\/wp\/v2\/product_brand?post=37360"},{"taxonomy":"product_cat","embeddable":true,"href":"https:\/\/olemosaic.com\/pt-pt\/wp-json\/wp\/v2\/product_cat?post=37360"},{"taxonomy":"product_tag","embeddable":true,"href":"https:\/\/olemosaic.com\/pt-pt\/wp-json\/wp\/v2\/product_tag?post=37360"}],"curies":[{"name":"wp","href":"https:\/\/api.w.org\/{rel}","templated":true}]}}