{"id":37359,"date":"2025-02-20T22:37:40","date_gmt":"2025-02-20T22:37:40","guid":{"rendered":"http:\/\/olemosaic.com\/producto\/iman-de-ceramica-sardinas-azul\/"},"modified":"2025-07-25T19:59:40","modified_gmt":"2025-07-25T17:59:40","slug":"iman-de-ceramica-sardinhas-azul","status":"publish","type":"product","link":"https:\/\/olemosaic.com\/pt-pt\/produto\/iman-de-ceramica-sardinhas-azul\/","title":{"rendered":"\u00cdman de cer\u00e2mica. Sardinhas. Azul."},"content":{"rendered":"<p>\u00cdman de cer\u00e2mica em forma de sardinha. Este atraente \u00edman, ideal para adornar qualquer superf\u00edcie met\u00e1lica, capta a ess\u00eancia do Mediterr\u00e2neo com o seu design vibrante em tons de azul que evocam as \u00e1guas cristalinas do mar. A forma estilizada da sardinha real\u00e7a a sua liga\u00e7\u00e3o com a rica gastronomia costeira espanhola, onde este peixe \u00e9 um elemento b\u00e1sico da dieta mediterr\u00e2nica. O \u00edman est\u00e1 decorado com intrincados padr\u00f5es florais que acrescentam um toque art\u00edstico e colorido, tornando-o uma excelente recorda\u00e7\u00e3o representativa das tradi\u00e7\u00f5es culin\u00e1rias da regi\u00e3o.<\/p>\n<p>A cer\u00e2mica utilizada n\u00e3o s\u00f3 assegura a sua durabilidade, como tamb\u00e9m reflete o artesanato t\u00edpico das zonas costeiras, onde a pesca e o mar s\u00e3o parte fundamental da cultura local. Este \u00edman de cer\u00e2mica, al\u00e9m de ser uma recorda\u00e7\u00e3o encantadora, atrai os turistas que procuram algo aut\u00eantico e representativo da sua visita a Espanha. Na Ol\u00e9 Mosaic, orgulhamo-nos de oferecer recorda\u00e7\u00f5es de cer\u00e2mica \u00fanicas por grosso, desenhadas para ligar com a rica heran\u00e7a cultural espanhola. Este \u00edman de sardinha n\u00e3o \u00e9 apenas um acess\u00f3rio funcional, mas uma pe\u00e7a que evoca mem\u00f3rias de uma experi\u00eancia inesquec\u00edvel e uma liga\u00e7\u00e3o especial com o mar e a gastronomia mediterr\u00e2nea, perfeito para lojas de presentes tur\u00edsticos que desejem atrair os seus clientes com produtos aut\u00eanticos.<\/p>\n","protected":false},"excerpt":{"rendered":"<p>\u00cdman de cer\u00e2mica em forma de sardinha, decorado com um design vibrante em tons de azul que evoca o mar. Este atraente \u00edman representa a frescura do peixe t\u00edpico da gastronomia mediterr\u00e2nica, com intrincados motivos florais que lhe d\u00e3o um toque art\u00edstico. Com a sua forma estilizada e os seus detalhes bem definidos, \u00e9 uma recorda\u00e7\u00e3o ideal da costa espanhola e um complemento perfeito para adornar qualquer superf\u00edcie met\u00e1lica.<\/p>\n","protected":false},"featured_media":8945,"template":"","meta":{"_acf_changed":false},"product_brand":[],"product_cat":[699],"product_tag":[516,515],"class_list":{"0":"post-37359","1":"product","2":"type-product","3":"status-publish","4":"has-post-thumbnail","6":"product_cat-imanes","7":"product_tag-animais","8":"product_tag-ceramica","9":"pa_motivo-sardinhas","11":"first","12":"instock","13":"shipping-taxable","14":"product-type-simple"},"acf":[],"_links":{"self":[{"href":"https:\/\/olemosaic.com\/pt-pt\/wp-json\/wp\/v2\/product\/37359","targetHints":{"allow":["GET"]}}],"collection":[{"href":"https:\/\/olemosaic.com\/pt-pt\/wp-json\/wp\/v2\/product"}],"about":[{"href":"https:\/\/olemosaic.com\/pt-pt\/wp-json\/wp\/v2\/types\/product"}],"wp:featuredmedia":[{"embeddable":true,"href":"https:\/\/olemosaic.com\/pt-pt\/wp-json\/wp\/v2\/media\/8945"}],"wp:attachment":[{"href":"https:\/\/olemosaic.com\/pt-pt\/wp-json\/wp\/v2\/media?parent=37359"}],"wp:term":[{"taxonomy":"product_brand","embeddable":true,"href":"https:\/\/olemosaic.com\/pt-pt\/wp-json\/wp\/v2\/product_brand?post=37359"},{"taxonomy":"product_cat","embeddable":true,"href":"https:\/\/olemosaic.com\/pt-pt\/wp-json\/wp\/v2\/product_cat?post=37359"},{"taxonomy":"product_tag","embeddable":true,"href":"https:\/\/olemosaic.com\/pt-pt\/wp-json\/wp\/v2\/product_tag?post=37359"}],"curies":[{"name":"wp","href":"https:\/\/api.w.org\/{rel}","templated":true}]}}