{"id":37358,"date":"2025-02-20T23:37:40","date_gmt":"2025-02-20T22:37:40","guid":{"rendered":"http:\/\/olemosaic.com\/producto\/iman-de-ceramica-sardinas-blanco-3\/"},"modified":"2025-07-25T19:02:45","modified_gmt":"2025-07-25T17:02:45","slug":"iman-de-ceramica-sardinhas-branco-3","status":"publish","type":"product","link":"https:\/\/olemosaic.com\/pt-pt\/produto\/iman-de-ceramica-sardinhas-branco-3\/","title":{"rendered":"\u00cdman de cer\u00e2mica. Sardinhas. Branco. Motivos florais."},"content":{"rendered":"<p>\u00cdman de cer\u00e2mica em forma de colher decorado com sardinhas coloridas. Este vibrante \u00edman artesanal, perfeito para qualquer lar, representa a rica tradi\u00e7\u00e3o piscat\u00f3ria portuguesa. Fabricado em cer\u00e2mica de alta qualidade, o \u00edman apresenta um fundo branco que real\u00e7a os detalhados e coloridos desenhos das sardinhas, que nadam alegremente numa dan\u00e7a visual. Os tons de laranja, vermelho e amarelo dos peixes contrastam maravilhosamente com a decora\u00e7\u00e3o azul que emoldura a cena, evocando a frescura do mar e a cultura mediterr\u00e2nica. Esta pe\u00e7a n\u00e3o \u00e9 apenas um \u00edman funcional, mas tamb\u00e9m uma obra de arte decorativa que capta a ess\u00eancia do litoral portugu\u00eas.<\/p>\n<p>A colher, como s\u00edmbolo da gastronomia local, recorda as del\u00edcias e sabores das costas portuguesas. Este \u00edman de cer\u00e2mica \u00e9 uma excelente escolha como recorda\u00e7\u00e3o para turistas que procuram uma lembran\u00e7a aut\u00eantica da sua visita a este fascinante pa\u00eds. Na Ol\u00e9 Mosaic oferecemos uma ampla variedade de recorda\u00e7\u00f5es de cer\u00e2mica que destacam o artesanato e a autenticidade das tradi\u00e7\u00f5es locais. Como grossista de recorda\u00e7\u00f5es, garantimos que cada \u00edman \u00e9 um testemunho da rica heran\u00e7a cultural, ideal para lojas de presentes tur\u00edsticos que desejam oferecer produtos de qualidade.<\/p>\n","protected":false},"excerpt":{"rendered":"<p>\u00cdman de cer\u00e2mica em forma de colher, decorado com alegres sardinhas sobre um fundo branco e motivos florais azuis. Este \u00edman, de design artesanal, pintado \u00e0 m\u00e3o, apresenta detalhes vibrantes nos peixes que evocam a rica tradi\u00e7\u00e3o piscat\u00f3ria da costa portuguesa. O seu design muito especial combina a cer\u00e2mica artesanal com uma atraente representa\u00e7\u00e3o visual, perfeito para recordar os sabores do mar e a cultura mediterr\u00e2nica em qualquer lar.<\/p>\n","protected":false},"featured_media":9061,"template":"","meta":{"_acf_changed":false},"product_brand":[],"product_cat":[699],"product_tag":[516,515],"class_list":{"0":"post-37358","1":"product","2":"type-product","3":"status-publish","4":"has-post-thumbnail","6":"product_cat-imanes","7":"product_tag-animais","8":"product_tag-ceramica","9":"pa_motivo-sardinhas","11":"first","12":"instock","13":"shipping-taxable","14":"product-type-simple"},"acf":[],"_links":{"self":[{"href":"https:\/\/olemosaic.com\/pt-pt\/wp-json\/wp\/v2\/product\/37358","targetHints":{"allow":["GET"]}}],"collection":[{"href":"https:\/\/olemosaic.com\/pt-pt\/wp-json\/wp\/v2\/product"}],"about":[{"href":"https:\/\/olemosaic.com\/pt-pt\/wp-json\/wp\/v2\/types\/product"}],"wp:featuredmedia":[{"embeddable":true,"href":"https:\/\/olemosaic.com\/pt-pt\/wp-json\/wp\/v2\/media\/9061"}],"wp:attachment":[{"href":"https:\/\/olemosaic.com\/pt-pt\/wp-json\/wp\/v2\/media?parent=37358"}],"wp:term":[{"taxonomy":"product_brand","embeddable":true,"href":"https:\/\/olemosaic.com\/pt-pt\/wp-json\/wp\/v2\/product_brand?post=37358"},{"taxonomy":"product_cat","embeddable":true,"href":"https:\/\/olemosaic.com\/pt-pt\/wp-json\/wp\/v2\/product_cat?post=37358"},{"taxonomy":"product_tag","embeddable":true,"href":"https:\/\/olemosaic.com\/pt-pt\/wp-json\/wp\/v2\/product_tag?post=37358"}],"curies":[{"name":"wp","href":"https:\/\/api.w.org\/{rel}","templated":true}]}}