{"id":37357,"date":"2025-02-20T23:37:40","date_gmt":"2025-02-20T22:37:40","guid":{"rendered":"http:\/\/olemosaic.com\/producto\/iman-de-ceramica-sardinas-blanco-2\/"},"modified":"2025-07-25T20:25:16","modified_gmt":"2025-07-25T18:25:16","slug":"iman-de-ceramica-sardinhas-branco-2","status":"publish","type":"product","link":"https:\/\/olemosaic.com\/pt-pt\/produto\/iman-de-ceramica-sardinhas-branco-2\/","title":{"rendered":"\u00cdman de cer\u00e2mica. Sardinhas. Branco."},"content":{"rendered":"<p>Este \u00edman de cer\u00e2mica decorado com sardinhas \u00e9 uma recorda\u00e7\u00e3o encantadora que capta a ess\u00eancia vibrante do mar espanhol. Desenhada com um estilo alegre e colorido, a pe\u00e7a apresenta tr\u00eas sardinhas em tons de vermelho, amarelo e azul, com efeito de pintura \u00e0 m\u00e3o com esmero. As sardinhas nadam sobre um fundo branco adornado com motivos de cer\u00e2mica tradicional, evocando a rica heran\u00e7a artesanal das costas espanholas e a sua liga\u00e7\u00e3o \u00e0 pesca.<\/p>\n<p>Com o seu design visualmente atraente, este \u00edman \u00e9 um elemento decorativo perfeito para qualquer superf\u00edcie met\u00e1lica, desde frigor\u00edficos a quadros. A combina\u00e7\u00e3o das cores vivas das sardinhas com o fundo branco e os detalhes de cer\u00e2mica tradicional oferece um contraste encantador que alegrar\u00e1 qualquer lar.<\/p>\n<p>Este \u00edman n\u00e3o \u00e9 apenas uma recorda\u00e7\u00e3o funcional, mas tamb\u00e9m uma representa\u00e7\u00e3o cultural da vida mar\u00edtima espanhola, onde a costa desempenha um papel vital na tradi\u00e7\u00e3o e na gastronomia. Na Ol\u00e9 Mosaic, especializamo-nos na distribui\u00e7\u00e3o de recorda\u00e7\u00f5es de cer\u00e2mica por grosso, garantindo a autenticidade e o artesanato em cada pe\u00e7a. Este atraente \u00edman de sardinhas \u00e9 uma excelente op\u00e7\u00e3o para lojas de presentes tur\u00edsticos que procuram recorda\u00e7\u00f5es aut\u00eanticas e simb\u00f3licas da cultura espanhola, oferecendo aos turistas uma forma ideal de levar um pedacinho do mar.<\/p>\n","protected":false},"excerpt":{"rendered":"<p>\u00cdman de cer\u00e2mica decorado com sardinhas, ideal para evocar a ess\u00eancia do mar. Este atraente \u00edman apresenta tr\u00eas sardinhas de cores vivas: vermelho, amarelo e azul, sobre um fundo branco com motivos de cer\u00e2mica tradicional. A pe\u00e7a parece ser pintada \u00e0 m\u00e3o, refletindo a rica cultura mar\u00edtima de Espanha, especialmente da costa. Uma recorda\u00e7\u00e3o perfeita que acrescenta um toque alegre e art\u00edstico a qualquer superf\u00edcie met\u00e1lica.<\/p>\n","protected":false},"featured_media":8907,"template":"","meta":{"_acf_changed":false},"product_brand":[],"product_cat":[699],"product_tag":[516,515],"class_list":{"0":"post-37357","1":"product","2":"type-product","3":"status-publish","4":"has-post-thumbnail","6":"product_cat-imanes","7":"product_tag-animais","8":"product_tag-ceramica","9":"pa_motivo-sardinhas","11":"first","12":"instock","13":"shipping-taxable","14":"product-type-simple"},"acf":[],"_links":{"self":[{"href":"https:\/\/olemosaic.com\/pt-pt\/wp-json\/wp\/v2\/product\/37357","targetHints":{"allow":["GET"]}}],"collection":[{"href":"https:\/\/olemosaic.com\/pt-pt\/wp-json\/wp\/v2\/product"}],"about":[{"href":"https:\/\/olemosaic.com\/pt-pt\/wp-json\/wp\/v2\/types\/product"}],"wp:featuredmedia":[{"embeddable":true,"href":"https:\/\/olemosaic.com\/pt-pt\/wp-json\/wp\/v2\/media\/8907"}],"wp:attachment":[{"href":"https:\/\/olemosaic.com\/pt-pt\/wp-json\/wp\/v2\/media?parent=37357"}],"wp:term":[{"taxonomy":"product_brand","embeddable":true,"href":"https:\/\/olemosaic.com\/pt-pt\/wp-json\/wp\/v2\/product_brand?post=37357"},{"taxonomy":"product_cat","embeddable":true,"href":"https:\/\/olemosaic.com\/pt-pt\/wp-json\/wp\/v2\/product_cat?post=37357"},{"taxonomy":"product_tag","embeddable":true,"href":"https:\/\/olemosaic.com\/pt-pt\/wp-json\/wp\/v2\/product_tag?post=37357"}],"curies":[{"name":"wp","href":"https:\/\/api.w.org\/{rel}","templated":true}]}}