{"id":37356,"date":"2025-02-20T23:37:39","date_gmt":"2025-02-20T22:37:39","guid":{"rendered":"http:\/\/olemosaic.com\/producto\/iman-de-ceramica-sardinas-blanco\/"},"modified":"2025-07-25T18:48:19","modified_gmt":"2025-07-25T16:48:19","slug":"iman-de-ceramica-sardinhas-branco","status":"publish","type":"product","link":"https:\/\/olemosaic.com\/pt-pt\/produto\/iman-de-ceramica-sardinhas-branco\/","title":{"rendered":"\u00cdman de cer\u00e2mica. Sardinhas. Branco. Borda azul."},"content":{"rendered":"<p>\u00cdman de cer\u00e2mica decorado com sardinhas<\/p>\n<p>Este \u00edman de cer\u00e2mica decorado com sardinhas \u00e9 uma recorda\u00e7\u00e3o encantadora que captura a ess\u00eancia do mar e a tradi\u00e7\u00e3o piscat\u00f3ria espanhola. Apresentado sobre um fundo branco brilhante, o design vibrante inclui quatro sardinhas em tons chamativos de alaranjado, vermelho e verde, que nadam alegremente sobre um delicado padr\u00e3o azul inspirado na cer\u00e2mica t\u00edpica da regi\u00e3o. Cada sardinha parece estar pintada \u00e0 m\u00e3o, o que garante que cada pe\u00e7a seja \u00fanica e transborde autenticidade.<\/p>\n<p>O fundo azul, com os seus intrincados motivos que evocam as tradicionais azulejarias espanholas, emoldura na perfei\u00e7\u00e3o o din\u00e2mico grupo de sardinhas, criando um contraste visual atraente e alegre. Este \u00edman n\u00e3o \u00e9 apenas um acess\u00f3rio funcional para frigor\u00edficos e outras superf\u00edcies met\u00e1licas, mas tamb\u00e9m uma recorda\u00e7\u00e3o cultural significativa que celebra a rica heran\u00e7a piscat\u00f3ria das costas espanholas.<\/p>\n<p>Como produto da Ol\u00e9 Mosaic, este \u00edman de cer\u00e2mica representa o melhor das recorda\u00e7\u00f5es t\u00edpicas, ideal para turistas que procuram levar um peda\u00e7o do encanto espanhol. A sua relev\u00e2ncia cultural e o seu design encantador tornam-no uma excelente escolha para lojas de presentes tur\u00edsticos que desejam oferecer artigos aut\u00eanticos e representativos. Atraia os seus clientes com este \u00edman que \u00e9, sem d\u00favida, uma pe\u00e7a encantadora da cultura mediterr\u00e2nica.<\/p>\n","protected":false},"excerpt":{"rendered":"<p>\u00cdman de cer\u00e2mica decorado com sardinhas coloridas sobre fundo branco, que real\u00e7a um design vibrante e alegre. Este produto apresenta quatro sardinhas em tons alaranjados, vermelhos e verdes, rodeadas por um delicado padr\u00e3o azul que lembra a cer\u00e2mica t\u00edpica espanhola. Pintado com estilo artesanal, este \u00edman \u00e9 uma excelente recorda\u00e7\u00e3o que captura a ess\u00eancia do mar e a tradi\u00e7\u00e3o piscat\u00f3ria, ideal para adornar qualquer superf\u00edcie met\u00e1lica.<\/p>\n","protected":false},"featured_media":9059,"template":"","meta":{"_acf_changed":false},"product_brand":[],"product_cat":[699],"product_tag":[516,515],"class_list":{"0":"post-37356","1":"product","2":"type-product","3":"status-publish","4":"has-post-thumbnail","6":"product_cat-imanes","7":"product_tag-animais","8":"product_tag-ceramica","9":"pa_motivo-sardinhas","11":"first","12":"instock","13":"shipping-taxable","14":"product-type-simple"},"acf":[],"_links":{"self":[{"href":"https:\/\/olemosaic.com\/pt-pt\/wp-json\/wp\/v2\/product\/37356","targetHints":{"allow":["GET"]}}],"collection":[{"href":"https:\/\/olemosaic.com\/pt-pt\/wp-json\/wp\/v2\/product"}],"about":[{"href":"https:\/\/olemosaic.com\/pt-pt\/wp-json\/wp\/v2\/types\/product"}],"wp:featuredmedia":[{"embeddable":true,"href":"https:\/\/olemosaic.com\/pt-pt\/wp-json\/wp\/v2\/media\/9059"}],"wp:attachment":[{"href":"https:\/\/olemosaic.com\/pt-pt\/wp-json\/wp\/v2\/media?parent=37356"}],"wp:term":[{"taxonomy":"product_brand","embeddable":true,"href":"https:\/\/olemosaic.com\/pt-pt\/wp-json\/wp\/v2\/product_brand?post=37356"},{"taxonomy":"product_cat","embeddable":true,"href":"https:\/\/olemosaic.com\/pt-pt\/wp-json\/wp\/v2\/product_cat?post=37356"},{"taxonomy":"product_tag","embeddable":true,"href":"https:\/\/olemosaic.com\/pt-pt\/wp-json\/wp\/v2\/product_tag?post=37356"}],"curies":[{"name":"wp","href":"https:\/\/api.w.org\/{rel}","templated":true}]}}