{"id":37355,"date":"2025-02-20T23:37:39","date_gmt":"2025-02-20T22:37:39","guid":{"rendered":"http:\/\/olemosaic.com\/producto\/iman-de-ceramica-sardinas-santander-azul\/"},"modified":"2025-07-25T19:28:41","modified_gmt":"2025-07-25T17:28:41","slug":"iman-de-ceramica-sardinhas-santander-azul","status":"publish","type":"product","link":"https:\/\/olemosaic.com\/pt-pt\/produto\/iman-de-ceramica-sardinhas-santander-azul\/","title":{"rendered":"\u00cdman de cer\u00e2mica. Sardinhas. Santander. Azul."},"content":{"rendered":"<p>\u00cdman de cer\u00e2mica com forma de sardinha de Santander. Este \u00edman colorido captura a ess\u00eancia do norte de Espanha com o seu design vibrante em tons azuis, evocando a beleza do ambiente marinho. A estrutura do \u00edman mostra uma sardinha estilizada, s\u00edmbolo da rica tradi\u00e7\u00e3o piscat\u00f3ria da regi\u00e3o. A cer\u00e2mica est\u00e1 decorada com intrincados motivos que refletem o estilo n\u00e1utico de Santander, com padr\u00f5es que lembram as ondas do mar e a vida marinha.<\/p>\n<p>A inscri\u00e7\u00e3o &#8220;SANTANDER&#8221; em letras multicoloridas adiciona um toque alegre e vibrante, tornando esta pe\u00e7a uma recorda\u00e7\u00e3o aut\u00eantica e representativa da cidade. O esmalte brilhante real\u00e7a a cer\u00e2mica com efeito pintado \u00e0 m\u00e3o, garantindo que cada \u00edman possua caracter\u00edsticas \u00fanicas e de alta qualidade, o que o torna um souvenir ideal para os visitantes que desejam levar um peda\u00e7o da cultura de Santander.<\/p>\n<p>Este \u00edman n\u00e3o \u00e9 apenas uma excelente op\u00e7\u00e3o decorativa para a casa, mas tamb\u00e9m uma recorda\u00e7\u00e3o palp\u00e1vel da beleza e da tradi\u00e7\u00e3o de Santander. Na Ol\u00e9 Mosaic, especializamo-nos na distribui\u00e7\u00e3o de souvenirs por grosso, oferecendo esta pe\u00e7a aut\u00eantica a lojas de presentes tur\u00edsticos que procuram oferecer produtos que liguem os turistas \u00e0 ess\u00eancia local de cada regi\u00e3o.<\/p>\n","protected":false},"excerpt":{"rendered":"<p>\u00cdman de cer\u00e2mica com forma de sardinha, uma recorda\u00e7\u00e3o emblem\u00e1tica de Santander. Este \u00edman colorido destaca-se pelo seu design vibrante em tons azuis, adornado com motivos que evocam o estilo n\u00e1utico da regi\u00e3o. A inscri\u00e7\u00e3o &#8220;SANTANDER&#8221;, em letras multicoloridas, d\u00e1-lhe um toque alegre, e o seu esmalte brilhante real\u00e7a o design artesanal da cer\u00e2mica, pintado \u00e0 m\u00e3o. Um souvenir perfeito para recordar a beleza do norte de Espanha.<\/p>\n","protected":false},"featured_media":13961,"template":"","meta":{"_acf_changed":false},"product_brand":[],"product_cat":[699],"product_tag":[516,515],"class_list":{"0":"post-37355","1":"product","2":"type-product","3":"status-publish","4":"has-post-thumbnail","6":"product_cat-imanes","7":"product_tag-animais","8":"product_tag-ceramica","9":"pa_ciudad-santander","10":"pa_motivo-sardinhas","11":"pa_pais-espana","13":"first","14":"instock","15":"shipping-taxable","16":"product-type-simple"},"acf":[],"_links":{"self":[{"href":"https:\/\/olemosaic.com\/pt-pt\/wp-json\/wp\/v2\/product\/37355","targetHints":{"allow":["GET"]}}],"collection":[{"href":"https:\/\/olemosaic.com\/pt-pt\/wp-json\/wp\/v2\/product"}],"about":[{"href":"https:\/\/olemosaic.com\/pt-pt\/wp-json\/wp\/v2\/types\/product"}],"wp:featuredmedia":[{"embeddable":true,"href":"https:\/\/olemosaic.com\/pt-pt\/wp-json\/wp\/v2\/media\/13961"}],"wp:attachment":[{"href":"https:\/\/olemosaic.com\/pt-pt\/wp-json\/wp\/v2\/media?parent=37355"}],"wp:term":[{"taxonomy":"product_brand","embeddable":true,"href":"https:\/\/olemosaic.com\/pt-pt\/wp-json\/wp\/v2\/product_brand?post=37355"},{"taxonomy":"product_cat","embeddable":true,"href":"https:\/\/olemosaic.com\/pt-pt\/wp-json\/wp\/v2\/product_cat?post=37355"},{"taxonomy":"product_tag","embeddable":true,"href":"https:\/\/olemosaic.com\/pt-pt\/wp-json\/wp\/v2\/product_tag?post=37355"}],"curies":[{"name":"wp","href":"https:\/\/api.w.org\/{rel}","templated":true}]}}