{"id":37348,"date":"2025-02-20T22:37:38","date_gmt":"2025-02-20T22:37:38","guid":{"rendered":"http:\/\/olemosaic.com\/producto\/iman-de-ceramica-sardinas-mallorca-multicolor\/"},"modified":"2025-07-25T19:02:41","modified_gmt":"2025-07-25T17:02:41","slug":"iman-de-ceramica-sardinhas-maiorca-multicolor","status":"publish","type":"product","link":"https:\/\/olemosaic.com\/pt-pt\/produto\/iman-de-ceramica-sardinhas-maiorca-multicolor\/","title":{"rendered":"\u00cdman de cer\u00e2mica. Sardinhas. Maiorca. Multicolor."},"content":{"rendered":"<p>Este \u00edman de cer\u00e2mica com forma de sardinha \u00e9 um souvenir vibrante e emblem\u00e1tico de Maiorca, que captura a ess\u00eancia do folclore marinho da ilha. Com um design multicolor, este atrativo \u00edman apresenta escamas em tons amarelos, vermelhos, azuis e verdes, que evocam a riqueza da biodiversidade marinha e o ambiente alegre das costas maiorquinas. No centro, destaca-se o texto &#8220;MALLORCA&#8221; em letras chamativas, que refor\u00e7a a sua liga\u00e7\u00e3o com a cultura local e o torna numa recorda\u00e7\u00e3o ideal para quem visitou este aut\u00eantico para\u00edso mediterr\u00e2nico. O seu acabamento brilhante e decorativo n\u00e3o s\u00f3 o torna visualmente impactante, como tamb\u00e9m confere um toque de frescura e cor a qualquer superf\u00edcie met\u00e1lica, seja em casa ou no escrit\u00f3rio. Este \u00edman de sardinha n\u00e3o \u00e9 apenas um adorno, mas um s\u00edmbolo da rica gastronomia da ilha, onde as sardinhas frescas s\u00e3o um prato t\u00edpico que evoca momentos de festividade e proximidade familiar. Na Ol\u00e9 Mosaic, somos especialistas na distribui\u00e7\u00e3o de lembran\u00e7as por grosso, e este \u00edman \u00e9 uma excelente op\u00e7\u00e3o para lojas de presentes tur\u00edsticos que procuram oferecer produtos aut\u00eanticos e representativos de Maiorca. Um souvenir de cer\u00e2mica que, al\u00e9m de ser decorativo, leva consigo um pedacinho do car\u00e1ter e da tradi\u00e7\u00e3o das Ilhas Baleares.<\/p>\n","protected":false},"excerpt":{"rendered":"<p>\u00cdman de cer\u00e2mica com forma de sardinha, t\u00edpico de Maiorca. Este atrativo \u00edman multicolor apresenta um design vibrante com escamas em tons amarelos, vermelhos, azuis e verdes, e a palavra &#8220;MALLORCA&#8221; destacada. O seu acabamento brilhante e decorativo torna-o numa recorda\u00e7\u00e3o ideal que captura a ess\u00eancia do folclore maiorquino, evocando a beleza do mar e a rica gastronomia da ilha. Perfeito para adicionar um toque de cor a qualquer superf\u00edcie met\u00e1lica.<\/p>\n","protected":false},"featured_media":12111,"template":"","meta":{"_acf_changed":false},"product_brand":[],"product_cat":[699],"product_tag":[516,515],"class_list":{"0":"post-37348","1":"product","2":"type-product","3":"status-publish","4":"has-post-thumbnail","6":"product_cat-imanes","7":"product_tag-animais","8":"product_tag-ceramica","9":"pa_ciudad-mallorca","10":"pa_motivo-sardinhas","11":"pa_pais-espana","13":"first","14":"instock","15":"shipping-taxable","16":"product-type-simple"},"acf":[],"_links":{"self":[{"href":"https:\/\/olemosaic.com\/pt-pt\/wp-json\/wp\/v2\/product\/37348","targetHints":{"allow":["GET"]}}],"collection":[{"href":"https:\/\/olemosaic.com\/pt-pt\/wp-json\/wp\/v2\/product"}],"about":[{"href":"https:\/\/olemosaic.com\/pt-pt\/wp-json\/wp\/v2\/types\/product"}],"wp:featuredmedia":[{"embeddable":true,"href":"https:\/\/olemosaic.com\/pt-pt\/wp-json\/wp\/v2\/media\/12111"}],"wp:attachment":[{"href":"https:\/\/olemosaic.com\/pt-pt\/wp-json\/wp\/v2\/media?parent=37348"}],"wp:term":[{"taxonomy":"product_brand","embeddable":true,"href":"https:\/\/olemosaic.com\/pt-pt\/wp-json\/wp\/v2\/product_brand?post=37348"},{"taxonomy":"product_cat","embeddable":true,"href":"https:\/\/olemosaic.com\/pt-pt\/wp-json\/wp\/v2\/product_cat?post=37348"},{"taxonomy":"product_tag","embeddable":true,"href":"https:\/\/olemosaic.com\/pt-pt\/wp-json\/wp\/v2\/product_tag?post=37348"}],"curies":[{"name":"wp","href":"https:\/\/api.w.org\/{rel}","templated":true}]}}