{"id":37347,"date":"2025-02-20T23:37:38","date_gmt":"2025-02-20T22:37:38","guid":{"rendered":"http:\/\/olemosaic.com\/producto\/toro-figura-de-resina-de-24-cm-pintada-a-mano-5\/"},"modified":"2025-07-25T20:42:44","modified_gmt":"2025-07-25T18:42:44","slug":"touro-figura-de-resina-de-24-cm-pintada-a-mao-5","status":"publish","type":"product","link":"https:\/\/olemosaic.com\/pt-pt\/produto\/touro-figura-de-resina-de-24-cm-pintada-a-mao-5\/","title":{"rendered":"Touro. Figura de mosaico de 24 cm. Touro. Vermelho, azul e amarelo."},"content":{"rendered":"<p>Este impressionante touro de resina de 24 cm \u00e9 um s\u00edmbolo vibrante e aut\u00eantico da cultura espanhola. Elaborado com a t\u00e9cnica do mosaico pintado \u00e0 m\u00e3o, apresenta uma espetacular combina\u00e7\u00e3o de cores vivas como o vermelho, azul e amarelo, que evocam a energia e a paix\u00e3o do folclore espanhol. Cada detalhe do seu design meticulosamente trabalhado real\u00e7a a mestria artesanal, transformando esta figura numa recorda\u00e7\u00e3o chamativa representativa da tradi\u00e7\u00e3o taurom\u00e1quica.<\/p>\n<p>A figura mostra o touro numa pose din\u00e2mica e poderosa, capturando a sua majestade e for\u00e7a. As diversas tonalidades do mosaico entrela\u00e7am-se num jogo de luz e cor, criando um efeito visual cativante que atrai a aten\u00e7\u00e3o instantaneamente. Este produto n\u00e3o \u00e9 apenas um objeto decorativo; \u00e9 uma recorda\u00e7\u00e3o cultural que simboliza a rica heran\u00e7a das touradas, uma pr\u00e1tica profundamente enraizada em regi\u00f5es como a Andaluzia e Madrid.<\/p>\n<p>Como distribuidores grossistas de lembran\u00e7as, na Ol\u00e9 Mosaic oferecemos produtos que representam a autenticidade e a rica diversidade da cultura espanhola. Este excecional touro apresenta-se como uma ideia de presente ideal para turistas que procuram levar para casa um peda\u00e7o de Espanha, tornando-se um elemento decorativo que recorda as suas viv\u00eancias neste fascinante pa\u00eds.<\/p>\n","protected":false},"excerpt":{"rendered":"<p>Figura de touro elaborada em resina de 24 cm, design artesanal, pintado \u00e0 m\u00e3o, com uma vibrante t\u00e9cnica de mosaico. Este chamativo artigo representa o emblem\u00e1tico s\u00edmbolo da cultura espanhola, com cores vivas como o vermelho, azul e amarelo, que evocam a energia e a paix\u00e3o do folclore espanhol. A aten\u00e7\u00e3o ao detalhe em cada pe\u00e7a do mosaico real\u00e7a a sua artesania, tornando-a num atrativo souvenir que captura a ess\u00eancia da tradi\u00e7\u00e3o taurom\u00e1quica.<\/p>\n","protected":false},"featured_media":11089,"template":"","meta":{"_acf_changed":false},"product_brand":[],"product_cat":[552],"product_tag":[516],"class_list":{"0":"post-37347","1":"product","2":"type-product","3":"status-publish","4":"has-post-thumbnail","6":"product_cat-numeros","7":"product_tag-animais","8":"pa_motivo-touros","10":"first","11":"instock","12":"shipping-taxable","13":"product-type-simple"},"acf":[],"_links":{"self":[{"href":"https:\/\/olemosaic.com\/pt-pt\/wp-json\/wp\/v2\/product\/37347","targetHints":{"allow":["GET"]}}],"collection":[{"href":"https:\/\/olemosaic.com\/pt-pt\/wp-json\/wp\/v2\/product"}],"about":[{"href":"https:\/\/olemosaic.com\/pt-pt\/wp-json\/wp\/v2\/types\/product"}],"wp:featuredmedia":[{"embeddable":true,"href":"https:\/\/olemosaic.com\/pt-pt\/wp-json\/wp\/v2\/media\/11089"}],"wp:attachment":[{"href":"https:\/\/olemosaic.com\/pt-pt\/wp-json\/wp\/v2\/media?parent=37347"}],"wp:term":[{"taxonomy":"product_brand","embeddable":true,"href":"https:\/\/olemosaic.com\/pt-pt\/wp-json\/wp\/v2\/product_brand?post=37347"},{"taxonomy":"product_cat","embeddable":true,"href":"https:\/\/olemosaic.com\/pt-pt\/wp-json\/wp\/v2\/product_cat?post=37347"},{"taxonomy":"product_tag","embeddable":true,"href":"https:\/\/olemosaic.com\/pt-pt\/wp-json\/wp\/v2\/product_tag?post=37347"}],"curies":[{"name":"wp","href":"https:\/\/api.w.org\/{rel}","templated":true}]}}