{"id":37346,"date":"2025-02-20T23:37:37","date_gmt":"2025-02-20T22:37:37","guid":{"rendered":"http:\/\/olemosaic.com\/producto\/toro-figura-de-resina-de-11-cm-pintada-a-mano-3\/"},"modified":"2025-07-25T18:55:28","modified_gmt":"2025-07-25T16:55:28","slug":"touro-figura-de-resina-de-11-cm-pintada-a-mao-3","status":"publish","type":"product","link":"https:\/\/olemosaic.com\/pt-pt\/produto\/touro-figura-de-resina-de-11-cm-pintada-a-mao-3\/","title":{"rendered":"Touro. Figura de mosaico de 11 cm. Touro. Azul, vermelho, amarelo e branco."},"content":{"rendered":"<p>Este touro de resina pintado \u00e0 m\u00e3o \u00e9 uma magn\u00edfica recorda\u00e7\u00e3o que celebra a rica e vibrante cultura espanhola. Com uma altura de 11 cm, esta figura destaca-se pelo seu design em mosaico, que combina tons chamativos de azul, amarelo, vermelho e branco, evocando as vistosas obras de arte tradicional que se encontram em diversas regi\u00f5es de Espanha. Cada detalhe foi elaborado meticulosamente, assegurando que esta pe\u00e7a n\u00e3o s\u00f3 seja decorativa, mas tamb\u00e9m uma representa\u00e7\u00e3o aut\u00eantica do simbolismo taurino, que encarna a for\u00e7a, a valentia e a paix\u00e3o, elementos essenciais da identidade cultural espanhola.<\/p>\n<p>A representa\u00e7\u00e3o do touro, um \u00edcone do folclore e da tradi\u00e7\u00e3o de Espanha, \u00e9 uma excelente op\u00e7\u00e3o para os turistas que procuram uma recorda\u00e7\u00e3o significativa. Este souvenir n\u00e3o s\u00f3 permite ligar-se \u00e0 ess\u00eancia da cultura espanhola, mas tamb\u00e9m revaloriza o artesanato local, j\u00e1 que cada figura \u00e9 \u00fanica e reflete a arte da pintura \u00e0 m\u00e3o.<\/p>\n<p>Na Ol\u00e9 Mosaic, especializamo-nos na distribui\u00e7\u00e3o de recorda\u00e7\u00f5es por grosso, oferecendo uma gama de produtos emblem\u00e1ticos, como esta figura de touro, ideal para lojas de presentes tur\u00edsticos que procuram artigos distintivos e de qualidade. Com este touro de resina, poder\u00e1 oferecer aos seus clientes n\u00e3o s\u00f3 uma recorda\u00e7\u00e3o, mas uma pe\u00e7a que representa a riqueza cultural de Espanha.<\/p>\n","protected":false},"excerpt":{"rendered":"<p>Figura de touro com design artesanal, pintado \u00e0 m\u00e3o, de 11 cm, que captura a ess\u00eancia do simbolismo espanhol. Este colorido touro apresenta um design em mosaico com tons azuis, amarelos, vermelhos e brancos, emulando a arte tradicional. Cada detalhe foi cuidadosamente trabalhado, tornando esta figura uma pe\u00e7a decorativa atraente e representativa da cultura taurina. Ideal para colecionadores ou como recorda\u00e7\u00e3o de Espanha, simboliza a for\u00e7a e a valentia.<\/p>\n","protected":false},"featured_media":6413,"template":"","meta":{"_acf_changed":false},"product_brand":[],"product_cat":[552],"product_tag":[516],"class_list":{"0":"post-37346","1":"product","2":"type-product","3":"status-publish","4":"has-post-thumbnail","6":"product_cat-numeros","7":"product_tag-animais","8":"pa_motivo-touros","10":"first","11":"instock","12":"shipping-taxable","13":"product-type-simple"},"acf":[],"_links":{"self":[{"href":"https:\/\/olemosaic.com\/pt-pt\/wp-json\/wp\/v2\/product\/37346","targetHints":{"allow":["GET"]}}],"collection":[{"href":"https:\/\/olemosaic.com\/pt-pt\/wp-json\/wp\/v2\/product"}],"about":[{"href":"https:\/\/olemosaic.com\/pt-pt\/wp-json\/wp\/v2\/types\/product"}],"wp:featuredmedia":[{"embeddable":true,"href":"https:\/\/olemosaic.com\/pt-pt\/wp-json\/wp\/v2\/media\/6413"}],"wp:attachment":[{"href":"https:\/\/olemosaic.com\/pt-pt\/wp-json\/wp\/v2\/media?parent=37346"}],"wp:term":[{"taxonomy":"product_brand","embeddable":true,"href":"https:\/\/olemosaic.com\/pt-pt\/wp-json\/wp\/v2\/product_brand?post=37346"},{"taxonomy":"product_cat","embeddable":true,"href":"https:\/\/olemosaic.com\/pt-pt\/wp-json\/wp\/v2\/product_cat?post=37346"},{"taxonomy":"product_tag","embeddable":true,"href":"https:\/\/olemosaic.com\/pt-pt\/wp-json\/wp\/v2\/product_tag?post=37346"}],"curies":[{"name":"wp","href":"https:\/\/api.w.org\/{rel}","templated":true}]}}