{"id":37344,"date":"2025-02-20T23:37:37","date_gmt":"2025-02-20T22:37:37","guid":{"rendered":"http:\/\/olemosaic.com\/producto\/toro-figura-de-resina-de-24-cm-pintada-a-mano-4\/"},"modified":"2025-07-25T18:50:05","modified_gmt":"2025-07-25T16:50:05","slug":"touro-figura-de-resina-de-24-cm-pintada-a-mao-4","status":"publish","type":"product","link":"https:\/\/olemosaic.com\/pt-pt\/produto\/touro-figura-de-resina-de-24-cm-pintada-a-mao-4\/","title":{"rendered":"Touro. Figura de mosaico de 24 cm. Touro. Design em Mosaico."},"content":{"rendered":"<p>Figura de touro de resina<\/p>\n<p>Descubra esta espetacular figura de touro, uma encantadora recorda\u00e7\u00e3o que encapsula a ess\u00eancia da cultura espanhola. Com uma altura de 24 cm, esta figura de resina com efeito pintado \u00e0 m\u00e3o apresenta uma vibrante combina\u00e7\u00e3o de azuis, amarelos, vermelhos e verdes, desenhada com um belo padr\u00e3o de mosaico que evoca a riqueza da arte e da tradi\u00e7\u00e3o de Espanha. Cada detalhe foi meticulosamente elaborado, assegurando que n\u00e3o s\u00f3 se represente a for\u00e7a e a majestade do touro, s\u00edmbolo emblem\u00e1tico da tauromaquia, mas tamb\u00e9m a sua eleg\u00e2ncia distintiva. A cuidada t\u00e9cnica de pintura e o design din\u00e2mico d\u00e3o vida ao objeto, tornando-o uma pe\u00e7a ideal para colecionadores e amantes do folclore espanhol. Este touro n\u00e3o \u00e9 apenas um elemento decorativo, mas tamb\u00e9m uma recorda\u00e7\u00e3o palp\u00e1vel da paix\u00e3o e do territ\u00f3rio que representa. Na Ol\u00e9 Mosaic, como grossistas de souvenirs, oferecemos produtos aut\u00eanticos e de qualidade, perfeitos para lojas de presentes tur\u00edsticos. Esta figura de touro \u00e9 uma excelente op\u00e7\u00e3o para os turistas que procuram uma recorda\u00e7\u00e3o significativa e cultural da sua visita a Espanha, garantindo que cada comprador leve consigo uma parte do rico patrim\u00f3nio espanhol.<\/p>\n","protected":false},"excerpt":{"rendered":"<p>Figura de touro com design artesanal, pintado \u00e0 m\u00e3o, com uma altura de 24 cm, ideal para colecionadores e amantes do folclore espanhol. Este colorido touro apresenta um design de mosaico numa vibrante combina\u00e7\u00e3o de azuis, amarelos, vermelhos e verdes, que evoca a cultura espanhola. Cada detalhe foi meticulosamente elaborado para refletir a for\u00e7a e a eleg\u00e2ncia do emblem\u00e1tico s\u00edmbolo da tauromaquia, tornando-o um atraente elemento decorativo.<\/p>\n","protected":false},"featured_media":6142,"template":"","meta":{"_acf_changed":false},"product_brand":[],"product_cat":[552],"product_tag":[516],"class_list":{"0":"post-37344","1":"product","2":"type-product","3":"status-publish","4":"has-post-thumbnail","6":"product_cat-numeros","7":"product_tag-animais","8":"pa_motivo-touros","10":"first","11":"instock","12":"shipping-taxable","13":"product-type-simple"},"acf":[],"_links":{"self":[{"href":"https:\/\/olemosaic.com\/pt-pt\/wp-json\/wp\/v2\/product\/37344","targetHints":{"allow":["GET"]}}],"collection":[{"href":"https:\/\/olemosaic.com\/pt-pt\/wp-json\/wp\/v2\/product"}],"about":[{"href":"https:\/\/olemosaic.com\/pt-pt\/wp-json\/wp\/v2\/types\/product"}],"wp:featuredmedia":[{"embeddable":true,"href":"https:\/\/olemosaic.com\/pt-pt\/wp-json\/wp\/v2\/media\/6142"}],"wp:attachment":[{"href":"https:\/\/olemosaic.com\/pt-pt\/wp-json\/wp\/v2\/media?parent=37344"}],"wp:term":[{"taxonomy":"product_brand","embeddable":true,"href":"https:\/\/olemosaic.com\/pt-pt\/wp-json\/wp\/v2\/product_brand?post=37344"},{"taxonomy":"product_cat","embeddable":true,"href":"https:\/\/olemosaic.com\/pt-pt\/wp-json\/wp\/v2\/product_cat?post=37344"},{"taxonomy":"product_tag","embeddable":true,"href":"https:\/\/olemosaic.com\/pt-pt\/wp-json\/wp\/v2\/product_tag?post=37344"}],"curies":[{"name":"wp","href":"https:\/\/api.w.org\/{rel}","templated":true}]}}