{"id":37343,"date":"2025-02-20T23:37:37","date_gmt":"2025-02-20T22:37:37","guid":{"rendered":"http:\/\/olemosaic.com\/producto\/toro-figura-de-resina-de-24-cm-pintada-a-mano-3\/"},"modified":"2025-07-25T19:53:33","modified_gmt":"2025-07-25T17:53:33","slug":"touro-figura-de-resina-de-24-cm-pintada-a-mao-3","status":"publish","type":"product","link":"https:\/\/olemosaic.com\/pt-pt\/produto\/touro-figura-de-resina-de-24-cm-pintada-a-mao-3\/","title":{"rendered":"Touro. Figura de mosaico de 24 cm. Touro. Acabamento brilhante."},"content":{"rendered":"<p>Este espetacular touro de resina \u00e9 um aut\u00eantico \u00edcone da cultura espanhola, desenhado para cativar e apaixonar. Com uma altura impressionante de 24 cm, esta figura com efeito pintado \u00e0 m\u00e3o destaca-se pela sua vibrante paleta de cores, onde se fundem tonalidades de vermelho, azul, amarelo e verde, criando um design que recorda as t\u00e9cnicas art\u00edsticas do mosaico. O touro, s\u00edmbolo de for\u00e7a e valentia, est\u00e1 representado com formas geom\u00e9tricas que adicionam um toque contempor\u00e2neo \u00e0 sua imagem tradicional. O seu acabamento brilhante real\u00e7a os detalhes art\u00edsticos, tornando-o uma pe\u00e7a decorativa ideal para qualquer casa ou espa\u00e7o.<\/p>\n<p>Este souvenir n\u00e3o \u00e9 apenas um adorno que embeleza qualquer canto, mas tamb\u00e9m representa uma parte essencial da hist\u00f3ria e da cultura de Espanha, evocando as tradi\u00e7\u00f5es taurinas e a paix\u00e3o dos espanh\u00f3is por este majestoso animal. Na Ol\u00e9 Mosaic, orgulhamo-nos de oferecer souvenirs aut\u00eanticos que refletem a riqueza cultural da nossa terra. Este touro de resina \u00e9 uma escolha perfeita para turistas que procuram levar um peda\u00e7o de Espanha, bem como para lojas de presentes tur\u00edsticos que desejem oferecer artigos de qualidade. Como grossista de souvenirs, garantimos que cada pe\u00e7a \u00e9 uma celebra\u00e7\u00e3o do artesanato e da tradi\u00e7\u00e3o espanhola, sendo um presente perfeito para qualquer ocasi\u00e3o.<\/p>\n","protected":false},"excerpt":{"rendered":"<p>Figura de touro de 24 cm, design artesanal, pintado \u00e0 m\u00e3o, com uma vibrante paleta de cores. Este espetacular souvenir captura a ess\u00eancia da cultura espanhola, representando o ic\u00f3nico s\u00edmbolo do touro com um design que combina formas geom\u00e9tricas em tons vermelhos, azuis, amarelos e verdes. Ideal como pe\u00e7a decorativa, o seu acabamento brilhante real\u00e7a os detalhes art\u00edsticos, tornando-o um presente perfeito para levar um peda\u00e7o de Espanha para casa.<\/p>\n","protected":false},"featured_media":8758,"template":"","meta":{"_acf_changed":false},"product_brand":[],"product_cat":[552],"product_tag":[516],"class_list":{"0":"post-37343","1":"product","2":"type-product","3":"status-publish","4":"has-post-thumbnail","6":"product_cat-numeros","7":"product_tag-animais","8":"pa_motivo-touros","10":"first","11":"instock","12":"shipping-taxable","13":"product-type-simple"},"acf":[],"_links":{"self":[{"href":"https:\/\/olemosaic.com\/pt-pt\/wp-json\/wp\/v2\/product\/37343","targetHints":{"allow":["GET"]}}],"collection":[{"href":"https:\/\/olemosaic.com\/pt-pt\/wp-json\/wp\/v2\/product"}],"about":[{"href":"https:\/\/olemosaic.com\/pt-pt\/wp-json\/wp\/v2\/types\/product"}],"wp:featuredmedia":[{"embeddable":true,"href":"https:\/\/olemosaic.com\/pt-pt\/wp-json\/wp\/v2\/media\/8758"}],"wp:attachment":[{"href":"https:\/\/olemosaic.com\/pt-pt\/wp-json\/wp\/v2\/media?parent=37343"}],"wp:term":[{"taxonomy":"product_brand","embeddable":true,"href":"https:\/\/olemosaic.com\/pt-pt\/wp-json\/wp\/v2\/product_brand?post=37343"},{"taxonomy":"product_cat","embeddable":true,"href":"https:\/\/olemosaic.com\/pt-pt\/wp-json\/wp\/v2\/product_cat?post=37343"},{"taxonomy":"product_tag","embeddable":true,"href":"https:\/\/olemosaic.com\/pt-pt\/wp-json\/wp\/v2\/product_tag?post=37343"}],"curies":[{"name":"wp","href":"https:\/\/api.w.org\/{rel}","templated":true}]}}